{"id":101,"date":"2018-02-14T12:00:43","date_gmt":"2018-02-14T12:00:43","guid":{"rendered":"http:\/\/www.phys.uaic.ro\/?page_id=101"},"modified":"2025-01-23T11:58:53","modified_gmt":"2025-01-23T09:58:53","slug":"laboratoare","status":"publish","type":"page","link":"https:\/\/www.phys.uaic.ro\/index.php\/cercetare\/laboratoare\/","title":{"rendered":"Laboratoare"},"content":{"rendered":"<ul>\n<li><a href=\"http:\/\/stoner.phys.uaic.ro\/\">Electricitate \u0219i Magnetism. Modelare \u0219i Simulare<\/a><\/li>\n<\/ul>\n<ul>\n<li>Biofizic\u0103 \u0219i Fizic\u0103 medical\u0103<\/li>\n<\/ul>\n<ul>\n<li><a href=\"https:\/\/www.plasma.uaic.ro\/\">Fizica plasmei<\/a><\/li>\n<\/ul>\n<ul>\n<li><a href=\"http:\/\/newton.phys.uaic.ro\/\">Mecanic\u0103<\/a><\/li>\n<\/ul>\n<ul>\n<li><a href=\"http:\/\/mail.uaic.ro\/~ftufescu\">Electronic\u0103 fizic\u0103 \u0219i Microunde<\/a><\/li>\n<\/ul>\n<ul>\n<li>Caracterizarea organiz\u0103rii moleculare<\/li>\n<\/ul>\n<ul>\n<li><a href=\"http:\/\/spectroscopy.phys.uaic.ro\/\">Optic\u0103 atmosferic\u0103, Spectroscopie \u0219i Laseri<\/a><\/li>\n<\/ul>\n<ul>\n<li><a href=\"http:\/\/lorentz.phys.uaic.ro\/\">Laboratorul de materiale magnetice pentru aplicatii tehnologice (LMAT)<\/a><\/li>\n<\/ul>\n","protected":false},"excerpt":{"rendered":"<p>Electricitate \u0219i Magnetism. Modelare \u0219i Simulare Biofizic\u0103 \u0219i Fizic\u0103 medical\u0103 Fizica plasmei Mecanic\u0103 Electronic\u0103 fizic\u0103 \u0219i Microunde Caracterizarea organiz\u0103rii moleculare Optic\u0103 atmosferic\u0103, Spectroscopie \u0219i Laseri Laboratorul de materiale magnetice pentru aplicatii tehnologice (LMAT)<\/p>\n","protected":false},"author":3,"featured_media":0,"parent":50,"menu_order":0,"comment_status":"closed","ping_status":"closed","template":"","meta":{"footnotes":""},"class_list":["post-101","page","type-page","status-publish","hentry"],"_links":{"self":[{"href":"https:\/\/www.phys.uaic.ro\/index.php\/wp-json\/wp\/v2\/pages\/101","targetHints":{"allow":["GET"]}}],"collection":[{"href":"https:\/\/www.phys.uaic.ro\/index.php\/wp-json\/wp\/v2\/pages"}],"about":[{"href":"https:\/\/www.phys.uaic.ro\/index.php\/wp-json\/wp\/v2\/types\/page"}],"author":[{"embeddable":true,"href":"https:\/\/www.phys.uaic.ro\/index.php\/wp-json\/wp\/v2\/users\/3"}],"replies":[{"embeddable":true,"href":"https:\/\/www.phys.uaic.ro\/index.php\/wp-json\/wp\/v2\/comments?post=101"}],"version-history":[{"count":0,"href":"https:\/\/www.phys.uaic.ro\/index.php\/wp-json\/wp\/v2\/pages\/101\/revisions"}],"up":[{"embeddable":true,"href":"https:\/\/www.phys.uaic.ro\/index.php\/wp-json\/wp\/v2\/pages\/50"}],"wp:attachment":[{"href":"https:\/\/www.phys.uaic.ro\/index.php\/wp-json\/wp\/v2\/media?parent=101"}],"curies":[{"name":"wp","href":"https:\/\/api.w.org\/{rel}","templated":true}]}}