{"id":10559,"date":"2020-10-20T11:24:21","date_gmt":"2020-10-20T11:24:21","guid":{"rendered":"https:\/\/www.phys.uaic.ro\/?page_id=10559"},"modified":"2025-12-02T08:48:34","modified_gmt":"2025-12-02T06:48:34","slug":"fise-discipline-master","status":"publish","type":"page","link":"https:\/\/www.phys.uaic.ro\/index.php\/studii\/fise-discipline-master\/","title":{"rendered":"Fi\u0219e discipline master"},"content":{"rendered":"<h3><a href=\"https:\/\/www.phys.uaic.ro\/index.php\/fise-discipline-master-pentru-anul-universitar-2025-2026\/\" target=\"_blank\" rel=\"noopener\">Anul universitar 2025-2026<\/a><\/h3>\n<h3><a href=\"https:\/\/www.phys.uaic.ro\/index.php\/fise-discipline-master-pentru-anul-universitar-2024-2025\/\" target=\"_blank\" rel=\"noopener\">Anul universitar 2024-2025<\/a><\/h3>\n<h3><a href=\"https:\/\/www.phys.uaic.ro\/index.php\/fise-discipline-master-pentru-anul-universitar-2023-2024\/\" target=\"_blank\" rel=\"noopener\">Anul universitar 2023-2024<\/a><\/h3>\n<h3><\/h3>\n<p><!-- ================================================== --><\/p>\n<p><!--\n\n\n<h3>Fi\u0219e discipline la specializarea <b>Biofizic\u0103 \u0219i fizic\u0103 medical\u0103<\/b><\/h3>\n\n\n\n\n<ul>\n \t\n\n<li><a href=\"https:\/\/www.phys.uaic.ro\/index.php\/studii\/fise-discipline-master\/fise-discipline-master-biofizica-fizica-medicala-an-ii\/\">Anul al II-lea de studiu<\/a><\/li>\n\n\n<\/ul>\n\n\n\n\n<h3>Fi\u0219e discipline la specializarea <b>Fizic\u0103 medical\u0103 aplicat\u0103<\/b><\/h3>\n\n\n\n\n<ul>\n \t\n\n<li><a href=\"https:\/\/www.phys.uaic.ro\/index.php\/studii\/fise-discipline-master\/fise-discipline-master-fizica-medicala-aplicata-an-i\/\">Anul I de studiu<\/a><\/li>\n\n\n<\/ul>\n\n\n\n\n<h3>Fi\u0219e discipline la specializarea <b>Fizica pentru tehnologii avansate<\/b><\/h3>\n\n\n\n\n<ul>\n \t\n\n<li><a href=\"https:\/\/www.phys.uaic.ro\/index.php\/studii\/fise-discipline-master\/fise-discipline-master-tehnologii-avansate-an-i\/\">Anul I de studiu<\/a><\/li>\n\n\n \t\n\n<li><a href=\"https:\/\/www.phys.uaic.ro\/index.php\/studii\/fise-discipline-master\/fise-discipline-master-tehnologii-avansate-an-ii\/\">Anul al II-lea de studiu<\/a><\/li>\n\n\n<\/ul>\n\n\n\n\n<h3>Fi\u0219e discipline la specializarea <b>Fizic\u0103 aplicat\u0103 \u00een tehnologiile informa\u021biei \u0219i comunica\u021bii<\/b><\/h3>\n\n\n\n\n<ul>\n \t\n\n<li><a href=\"https:\/\/www.phys.uaic.ro\/index.php\/studii\/fise-discipline-master\/fise-discipline-master-tehnologii-informatie-comunicatii-an-i\/\">Anul I de studiu<\/a><\/li>\n\n\n \t\n\n<li><a href=\"https:\/\/www.phys.uaic.ro\/index.php\/studii\/fise-discipline-master\/fise-discipline-master-tehnologii-informatie-comunicatii-an-ii\/\">Anul al II-lea de studiu<\/a><\/li>\n\n\n<\/ul>\n\n\n\n\n<h3>Fi\u0219e discipline la specializarea <b>Metode fizice aplicate \u00een kinetoterapie \u0219i recuperare medical\u0103<\/b><\/h3>\n\n\n\n\n<ul>\n \t\n\n<li><a href=\"https:\/\/www.phys.uaic.ro\/index.php\/studii\/fise-discipline-master\/fise-discipline-master-kinetoterapie-recuperare-medicala-an-i\/\">Anul I de studiu<\/a><\/li>\n\n\n \t\n\n<li><a href=\"https:\/\/www.phys.uaic.ro\/index.php\/studii\/fise-discipline-master\/fise-discipline-master-kinetoterapie-recuperare-medicala-an-ii\/\">Anul al II-lea de studiu<\/a><\/li>\n\n\n<\/ul>\n\n\n\n\n<h3>Planuri de \u00eenv\u0103\u021b\u0103m\u00e2nt la specializarea <b>Optic\u0103 \u015fi optometrie<\/b><\/h3>\n\n\n\n\n<ul>\n \t\n\n<li><a href=\"https:\/\/www.phys.uaic.ro\/index.php\/studii\/fise-discipline-master\/fise-discipline-master-optica-optometrie-an-i\/\">Anul I de studiu<\/a><\/li>\n\n\n<\/ul>\n\n\n--><\/p>\n","protected":false},"excerpt":{"rendered":"<p>Anul universitar 2025-2026 Anul universitar 2024-2025 Anul universitar 2023-2024<\/p>\n","protected":false},"author":3,"featured_media":0,"parent":60,"menu_order":0,"comment_status":"closed","ping_status":"closed","template":"","meta":{"footnotes":""},"class_list":["post-10559","page","type-page","status-publish","hentry"],"_links":{"self":[{"href":"https:\/\/www.phys.uaic.ro\/index.php\/wp-json\/wp\/v2\/pages\/10559","targetHints":{"allow":["GET"]}}],"collection":[{"href":"https:\/\/www.phys.uaic.ro\/index.php\/wp-json\/wp\/v2\/pages"}],"about":[{"href":"https:\/\/www.phys.uaic.ro\/index.php\/wp-json\/wp\/v2\/types\/page"}],"author":[{"embeddable":true,"href":"https:\/\/www.phys.uaic.ro\/index.php\/wp-json\/wp\/v2\/users\/3"}],"replies":[{"embeddable":true,"href":"https:\/\/www.phys.uaic.ro\/index.php\/wp-json\/wp\/v2\/comments?post=10559"}],"version-history":[{"count":0,"href":"https:\/\/www.phys.uaic.ro\/index.php\/wp-json\/wp\/v2\/pages\/10559\/revisions"}],"up":[{"embeddable":true,"href":"https:\/\/www.phys.uaic.ro\/index.php\/wp-json\/wp\/v2\/pages\/60"}],"wp:attachment":[{"href":"https:\/\/www.phys.uaic.ro\/index.php\/wp-json\/wp\/v2\/media?parent=10559"}],"curies":[{"name":"wp","href":"https:\/\/api.w.org\/{rel}","templated":true}]}}