{"id":10775,"date":"2020-11-18T08:02:08","date_gmt":"2020-11-18T08:02:08","guid":{"rendered":"https:\/\/www.phys.uaic.ro\/?page_id=10775"},"modified":"2024-07-09T13:33:59","modified_gmt":"2024-07-09T10:33:59","slug":"ionut-cristian-topala-admitere","status":"publish","type":"page","link":"https:\/\/www.phys.uaic.ro\/index.php\/scoala-doctorala\/conducatori-doctorat\/ionut-cristian-topala-admitere\/","title":{"rendered":"Prof. Dr. habil. Ionu\u021b Cristian TOPAL\u0102 &#8211; admitere doctorat"},"content":{"rendered":"<p><b>Tematica admiterii la doctorat:<\/b><\/p>\n<ol>\n<li>Metode de producere a plasmelor de temperatur\u0103 joas\u0103.<\/li>\n<li>Diagnoza plasmelor de temperatur\u0103 joas\u0103 \u0219i parametrii plasmei: m\u0103rimi electrice, metode optice \u0219i spectrale, spectrometrie de mas\u0103.<\/li>\n<li>Orbitali hibrizi, leg\u0103turi chimice \u0219i structura moleculelor simple.<\/li>\n<li>Metode spectroscopice (UV-VIS, FTIR si RAMAN) de studiu a materialelor.<\/li>\n<li>Materiale pe baza de carbon: sinteza asistat\u0103 de plasm\u0103, caracterizare \u0219i aplica\u021bii.<\/li>\n<\/ol>\n<p><b>Bibliografie<\/b><\/p>\n<ol>\n<li>G. Popa, L. S\u00eerghi, <i>Bazele fizicii plasmei<\/i>, Ed. Univ. Al. I. Cuza, Ia\u0219i, 2000<\/li>\n<li>I. I. Popescu, I. Iova, E. Toader, <i>Fizica plasmei \u0219i aplica\u021bii<\/i>, Editura \u0218tiin\u021bific\u0103 \u0219i Enciclopedic\u0103, Bucure\u0219ti, 1981<\/li>\n<li>G. Borcia, <i>Fizica atomului \u015fi moleculei<\/i>, Editura Sedcom Libris, Ia\u015fi, 2014<\/li>\n<li>W. Demtr\u00f6der, <i>Atoms, Molecules and Photons. An Introduction to Atomic-, Molecular and Quantum-Physics<\/i>, Springer, 2010<\/li>\n<li>Mihaela Alua\u015f, Simion Simon, <i>Metode experimentale avansate pentru studiul \u015fi analiza bio-nanosistemelor<\/i>, Casa C\u0103r\u0163ii de \u015etiin\u0163\u0103, Cluj-Napoca 2012<\/li>\n<li>A. Fridman, <i>Plasma Chemistry<\/i>, Cambridge University Press, 2008<\/li>\n<li>J.M. Hollas, <i>Modern Spectroscopy<\/i>, John Wiley &amp; Sons, 2004<\/li>\n<\/ol>\n","protected":false},"excerpt":{"rendered":"<p>Tematica admiterii la doctorat: Metode de producere a plasmelor de temperatur\u0103 joas\u0103. Diagnoza plasmelor de temperatur\u0103 joas\u0103 \u0219i parametrii plasmei: m\u0103rimi electrice, metode optice \u0219i spectrale, spectrometrie de mas\u0103. Orbitali hibrizi, leg\u0103turi chimice \u0219i structura moleculelor simple. Metode spectroscopice (UV-VIS, FTIR si RAMAN) de studiu a materialelor. Materiale pe baza de carbon: sinteza asistat\u0103 de plasm\u0103, caracterizare \u0219i\u2026 <span class=\"read-more\"><a href=\"https:\/\/www.phys.uaic.ro\/index.php\/scoala-doctorala\/conducatori-doctorat\/ionut-cristian-topala-admitere\/\">Read More &raquo;<\/a><\/span><\/p>\n","protected":false},"author":3,"featured_media":0,"parent":150,"menu_order":0,"comment_status":"closed","ping_status":"closed","template":"","meta":{"footnotes":""},"class_list":["post-10775","page","type-page","status-publish","hentry"],"_links":{"self":[{"href":"https:\/\/www.phys.uaic.ro\/index.php\/wp-json\/wp\/v2\/pages\/10775","targetHints":{"allow":["GET"]}}],"collection":[{"href":"https:\/\/www.phys.uaic.ro\/index.php\/wp-json\/wp\/v2\/pages"}],"about":[{"href":"https:\/\/www.phys.uaic.ro\/index.php\/wp-json\/wp\/v2\/types\/page"}],"author":[{"embeddable":true,"href":"https:\/\/www.phys.uaic.ro\/index.php\/wp-json\/wp\/v2\/users\/3"}],"replies":[{"embeddable":true,"href":"https:\/\/www.phys.uaic.ro\/index.php\/wp-json\/wp\/v2\/comments?post=10775"}],"version-history":[{"count":0,"href":"https:\/\/www.phys.uaic.ro\/index.php\/wp-json\/wp\/v2\/pages\/10775\/revisions"}],"up":[{"embeddable":true,"href":"https:\/\/www.phys.uaic.ro\/index.php\/wp-json\/wp\/v2\/pages\/150"}],"wp:attachment":[{"href":"https:\/\/www.phys.uaic.ro\/index.php\/wp-json\/wp\/v2\/media?parent=10775"}],"curies":[{"name":"wp","href":"https:\/\/api.w.org\/{rel}","templated":true}]}}