{"id":10827,"date":"2020-11-23T20:03:42","date_gmt":"2020-11-23T20:03:42","guid":{"rendered":"https:\/\/www.phys.uaic.ro\/?page_id=10827"},"modified":"2023-03-06T13:15:41","modified_gmt":"2023-03-06T11:15:41","slug":"lavinia-petronela-curecheriu-expertiza","status":"publish","type":"page","link":"https:\/\/www.phys.uaic.ro\/index.php\/scoala-doctorala\/conducatori-doctorat\/lavinia-petronela-curecheriu-expertiza\/","title":{"rendered":"Conf. Dr. habil. Lavinia Petronela CURECHERIU &#8211; expertiz\u0103"},"content":{"rendered":"<p><b>Domeniul major de cercetare:<\/b><\/p>\n<ul>\n<li>Corela\u021bia dintre microstructur\u0103, propriet\u0103\u021bi functionale si aplica\u021bii in materialele ceramice pentru microelectronic\u0103.<\/li>\n<\/ul>\n<p><b>Domenii de expertiz\u0103:<\/b><\/p>\n<ul>\n<li>Materiale dielectrice polare cu aplica\u021bii \u00een circuite tunabile pentru microunde.<\/li>\n<li>Materiale compozite cu structur\u0103 miez-\u00eenveli\u0219: preparare \u0219i propriet\u0103\u021bi func\u021bionale.<\/li>\n<li>Materiale compozite polimerice cu aplica\u021bii \u00een electronica flexibil\u0103.<\/li>\n<\/ul>\n","protected":false},"excerpt":{"rendered":"<p>Domeniul major de cercetare: Corela\u021bia dintre microstructur\u0103, propriet\u0103\u021bi functionale si aplica\u021bii in materialele ceramice pentru microelectronic\u0103. Domenii de expertiz\u0103: Materiale dielectrice polare cu aplica\u021bii \u00een circuite tunabile pentru microunde. Materiale compozite cu structur\u0103 miez-\u00eenveli\u0219: preparare \u0219i propriet\u0103\u021bi func\u021bionale. Materiale compozite polimerice cu aplica\u021bii \u00een electronica flexibil\u0103.<\/p>\n","protected":false},"author":3,"featured_media":0,"parent":150,"menu_order":0,"comment_status":"closed","ping_status":"closed","template":"","meta":{"footnotes":""},"class_list":["post-10827","page","type-page","status-publish","hentry"],"_links":{"self":[{"href":"https:\/\/www.phys.uaic.ro\/index.php\/wp-json\/wp\/v2\/pages\/10827","targetHints":{"allow":["GET"]}}],"collection":[{"href":"https:\/\/www.phys.uaic.ro\/index.php\/wp-json\/wp\/v2\/pages"}],"about":[{"href":"https:\/\/www.phys.uaic.ro\/index.php\/wp-json\/wp\/v2\/types\/page"}],"author":[{"embeddable":true,"href":"https:\/\/www.phys.uaic.ro\/index.php\/wp-json\/wp\/v2\/users\/3"}],"replies":[{"embeddable":true,"href":"https:\/\/www.phys.uaic.ro\/index.php\/wp-json\/wp\/v2\/comments?post=10827"}],"version-history":[{"count":0,"href":"https:\/\/www.phys.uaic.ro\/index.php\/wp-json\/wp\/v2\/pages\/10827\/revisions"}],"up":[{"embeddable":true,"href":"https:\/\/www.phys.uaic.ro\/index.php\/wp-json\/wp\/v2\/pages\/150"}],"wp:attachment":[{"href":"https:\/\/www.phys.uaic.ro\/index.php\/wp-json\/wp\/v2\/media?parent=10827"}],"curies":[{"name":"wp","href":"https:\/\/api.w.org\/{rel}","templated":true}]}}