{"id":11282,"date":"2021-01-29T01:13:13","date_gmt":"2021-01-29T01:13:13","guid":{"rendered":"https:\/\/www.phys.uaic.ro\/?page_id=11282"},"modified":"2023-10-09T15:51:32","modified_gmt":"2023-10-09T12:51:32","slug":"conturi-individuale-student-platforma-ctp","status":"publish","type":"page","link":"https:\/\/www.phys.uaic.ro\/index.php\/studenti\/conturi-individuale-student-platforma-ctp\/","title":{"rendered":"Conturi individuale de student pe platforma CTP"},"content":{"rendered":"<blockquote class=\"wp-embedded-content\" data-secret=\"nI0BtKiuKl\"><p><a href=\"https:\/\/www.phys.uaic.ro\/index.php\/2023\/10\/06\/reducere-abonamente-ctp\/\">Reducere abonamente CTP<\/a><\/p><\/blockquote>\n<p><iframe loading=\"lazy\" class=\"wp-embedded-content\" sandbox=\"allow-scripts\" security=\"restricted\" style=\"position: absolute; clip: rect(1px, 1px, 1px, 1px);\" title=\"&#8222;Reducere abonamente CTP&#8221; &#8212; Facultatea de Fizic\u0103\" src=\"https:\/\/www.phys.uaic.ro\/index.php\/2023\/10\/06\/reducere-abonamente-ctp\/embed\/#?secret=3HZn3esHr4#?secret=nI0BtKiuKl\" data-secret=\"nI0BtKiuKl\" width=\"600\" height=\"338\" frameborder=\"0\" marginwidth=\"0\" marginheight=\"0\" scrolling=\"no\"><\/iframe><\/p>\n<div class=\"colorbox\" style=\"background-color: #e6e6e6;\">\n<p>Studentii pana in 26 ani, pentru a putea beneficia de reducerile CTP Iasi, trebuie sa-si creeze un nou cont in aplicatie.<\/p>\n<p><a href=\"http:\/\/www.phys.uaic.ro\/wp\/studenti\/conturi-ctp-studenti\/conturi-ctp-studenti.html\">Informatii<\/a> despre crearea unui cont de student.<\/p>\n<p><!--\n\n<a href=\"http:\/\/sctpiasi.ro\/tarife\/24paystudenti\">http:\/\/sctpiasi.ro\/tarife\/24paystudenti<\/a>\n\n--><\/p>\n<\/div>\n<p><!--\n\n\n<div class=\"colorbox\" style=\"background-color: #e6e6e6;\">\n\n<a href=\"http:\/\/www.phys.uaic.ro\/wp\/studenti\/conturi-ctp-studenti\/metoda-online-plata-bilete-abonamente-studenti.pdf\">O nou\u0103 metod\u0103 online de plat\u0103 a biletelor \u0219i abonamentelor pentru studen\u021bi<\/a> <img decoding=\"async\" style=\"vertical-align: top; width: 20px; height: 20px;\" src=\"http:\/\/www.phys.uaic.ro\/wp\/imagini\/pdf-icon.png\" alt=\"pdf\" \/>\n\n\n<div style=\"padding: 10px 0 0 170px\">\n\n<video width=\"50%\" height=\"50%\" controls>\n<source src=\"http:\/\/www.phys.uaic.ro\/wp\/studenti\/conturi-ctp-studenti\/24pay.mp4\" type=\"video\/mp4\">\n<\/video>\n\n<\/div>\n\n\n<\/div>\n\n\n--><\/p>\n","protected":false},"excerpt":{"rendered":"<p>Reducere abonamente CTP Studentii pana in 26 ani, pentru a putea beneficia de reducerile CTP Iasi, trebuie sa-si creeze un nou cont in aplicatie. Informatii despre crearea unui cont de student.<\/p>\n","protected":false},"author":3,"featured_media":0,"parent":31,"menu_order":0,"comment_status":"closed","ping_status":"closed","template":"","meta":{"footnotes":""},"class_list":["post-11282","page","type-page","status-publish","hentry"],"_links":{"self":[{"href":"https:\/\/www.phys.uaic.ro\/index.php\/wp-json\/wp\/v2\/pages\/11282","targetHints":{"allow":["GET"]}}],"collection":[{"href":"https:\/\/www.phys.uaic.ro\/index.php\/wp-json\/wp\/v2\/pages"}],"about":[{"href":"https:\/\/www.phys.uaic.ro\/index.php\/wp-json\/wp\/v2\/types\/page"}],"author":[{"embeddable":true,"href":"https:\/\/www.phys.uaic.ro\/index.php\/wp-json\/wp\/v2\/users\/3"}],"replies":[{"embeddable":true,"href":"https:\/\/www.phys.uaic.ro\/index.php\/wp-json\/wp\/v2\/comments?post=11282"}],"version-history":[{"count":0,"href":"https:\/\/www.phys.uaic.ro\/index.php\/wp-json\/wp\/v2\/pages\/11282\/revisions"}],"up":[{"embeddable":true,"href":"https:\/\/www.phys.uaic.ro\/index.php\/wp-json\/wp\/v2\/pages\/31"}],"wp:attachment":[{"href":"https:\/\/www.phys.uaic.ro\/index.php\/wp-json\/wp\/v2\/media?parent=11282"}],"curies":[{"name":"wp","href":"https:\/\/api.w.org\/{rel}","templated":true}]}}