{"id":11503,"date":"2021-02-15T23:29:49","date_gmt":"2021-02-15T23:29:49","guid":{"rendered":"https:\/\/www.phys.uaic.ro\/?page_id=11503"},"modified":"2023-12-14T12:45:40","modified_gmt":"2023-12-14T10:45:40","slug":"sesiunea-septembrie-2021","status":"publish","type":"page","link":"https:\/\/www.phys.uaic.ro\/index.php\/scoala-doctorala\/admitere-doctorat\/sesiunea-septembrie-2021\/","title":{"rendered":"Sesiunea septembrie 2021"},"content":{"rendered":"<p><b>Calendarul admiterii<\/b> la studiile universitare de doctorat pentru anul universitar 2021-2022:<\/p>\n<ul>\n<li>\u00eenscrierea candida\u021bilor: 01 &#8211; 06 septembrie (cu exceptia zilelor de 04 \u0219i 05 septembrie);<\/li>\n<li>selec\u021bia candida\u021bilor: 07 &#8211; 10 septembrie;<\/li>\n<li>afi\u0219area rezultatelor: 13 septembrie;<\/li>\n<li>contesta\u021bii (doar pentru proba scris\u0103): 14 septembrie;<\/li>\n<li>afi\u0219area rezultatelor: 16 septembrie;<\/li>\n<li>afi\u0219area listei finale cu candida\u021bii declara\u021bi admi\u0219i: 20 septembrie;<\/li>\n<li>confirmarea ocup\u0103rii locului: 22 &#8211; 24 septembrie.<\/li>\n<\/ul>\n<p>Cuantumul taxei de admitere: 200 RON.<\/p>\n<p><b>Tematica de admitere<\/b> la doctorat cuprinde:<\/p>\n<ul>\n<li>5 subiecte de specialitate propuse de c\u0103tre fiecare conduc\u0103tor de doctorat (link-uri la acestea g\u0103si\u021bi \u00een pagina conduc\u0103torilor de doctorat care pot primi doctoranzi \u00een anul universitar 2021-2022);<\/li>\n<li><a href=\"https:\/\/www.phys.uaic.ro\/index.php\/scoala-doctorala\/admitere-doctorat\/sesiunea-septembrie-2021\/subiecte-doctorat-fizica-generala-2021\">5 subiecte de fizic\u0103 general\u0103<\/a>.<\/li>\n<\/ul>\n<p><b>Examenul de admitere<\/b> const\u0103 din dou\u0103 probe:<\/p>\n<ul>\n<li><b><i>Proba scris\u0103<\/i><\/b> se va desfa\u0219ura pe parcursul a 3 ore \u0219i const\u0103 din doua subiecte (extrase \u00een prezen\u021ba candida\u021bilor) din tematica de admitere la doctorat: un subiect de specialitate \u0219i un subiect de fizic\u0103 general\u0103. Fiecare din cele dou\u0103 subiecte va primi o not\u0103 de la 1 la 10, nota minim\u0103 la fiecare subiect fiind nota 5. Nota final\u0103 la proba scris\u0103 va fi calculat\u0103 ca media aritmetic\u0103 a celor dou\u0103 note;<\/li>\n<li><b><i>Proba oral\u0103<\/i><\/b> se va desf\u0103\u0219ura sub forma unei discu\u021bii libere (aprox. 10 min) urm\u0103rind:\n<ul>\n<li>prezentarea stadiului actual al cercetarilor \u00een domeniul ales;<\/li>\n<li>motivatie referitoare la alegerea temei pe care \u0219i-o propune pentru teza de doctorat;<\/li>\n<li>prezentarea \u00een rezumat a rezultatelor \u0219tiin\u021bifice anterioare.<\/li>\n<\/ul>\n<\/li>\n<\/ul>\n<p>La fiecare prob\u0103 de concurs, candida\u021bii trebuie s\u0103 ob\u021bin\u0103 cel pu\u021bin media 7 (\u0219apte).<\/p>\n<p><b><span style=\"color: red;\">Programarea probelor:<\/span><\/b><\/p>\n<ul>\n<li><span style=\"color: red;\">Proba scris\u0103: 8 septembrie 2021, orele 10.00 \u2013 13.00 in Amf. IV.13;<\/span><\/li>\n<li><span style=\"color: red;\">Proba oral\u0103: 8 septembrie 2021, incepand cu ora 14.00 in Amf. IV.13.<\/span><\/li>\n<\/ul>\n<p><span style=\"color: red;\">Examenul va avea loc in sala IV.13, cu respectarea normelor de igiena si de distantare sociala.<\/span><\/p>\n<p>Dup\u0103 aflarea subiectelor, comisia de admitere va face baremul de corectare care va fi afi\u0219at.<\/p>\n<p>Nota final\u0103 va fi calculat\u0103 ca media aritmetic\u0103 a probelor scris\u0103 \u0219i oral\u0103.<\/p>\n<p>Conform regulamentului \u0218colii Doctorale de Fizic\u0103, media minim\u0103 de admitere este 8.<\/p>\n<p><!--\n\n<b>Departajarea<\/b> se face pe baza notelor de la examenul de licen\u021b\u0103 \u0219i, dac\u0103 este nevoie, pe baza notelor de la examenul de dizerta\u021bie.\n\n--><\/p>\n<p><b>Criterii de departajare<\/b> (\u00een ordine):<\/p>\n<ol>\n<li>Notele de la examenul de licen\u021b\u0103<\/li>\n<li>Notele de la examenul de diserta\u021bie<\/li>\n<li>Notele de la proba scrisa<\/li>\n<\/ol>\n<p><b>Num\u0103rul de locuri<\/b> pentru anul universitar 2021-2022:<\/p>\n<table style=\"border: 1px solid black; color: black; font-size: 12px;\">\n<tbody>\n<tr>\n<td style=\"border: 1px solid black;\">Scoala doctoral\u0103<\/td>\n<td style=\"border: 1px solid black; text-align: center;\">LOCURI REPARTIZATE STATISTIC<\/td>\n<td style=\"border: 1px solid black; text-align: center;\">RROMI<\/td>\n<td style=\"border: 1px solid black; text-align: center;\">TOTAL BUGET<\/td>\n<td style=\"border: 1px solid black; text-align: center;\">DIN CARE CU BURS\u0102 ME<\/td>\n<td style=\"border: 1px solid black; text-align: center;\">DIN CARE CU BURS\u0102 UAIC<\/td>\n<\/tr>\n<tr>\n<td style=\"border: 1px solid black;\">Fizic\u0103<\/td>\n<td style=\"border: 1px solid black; text-align: center;\">8<\/td>\n<td style=\"border: 1px solid black; text-align: center;\">1<\/td>\n<td style=\"border: 1px solid black; text-align: center;\">9<\/td>\n<td style=\"border: 1px solid black; text-align: center;\">6<\/td>\n<td style=\"border: 1px solid black; text-align: center;\">3<\/td>\n<\/tr>\n<\/tbody>\n<\/table>\n<p><!--\n\nInformatii despre admiterea in anul universitar 2020-2021 se pot gasi la <a href=\"https:\/\/admitere.uaic.ro\/admitere-doctorat\/\">https:\/\/admitere.uaic.ro\/admitere-doctorat\/<\/a>.\n\n--><\/p>\n<p><!--\n\n<a href=\"http:\/\/www.phys.uaic.ro\/wp\/scoala-doctorala\/admitere-doctorat\/propunere-distribuire-locuri-bugetate-2018-2019.pdf\">Propunerea privind distribuirea locurilor bugetate pentru admiterea la studii universitare de doctorat din sesiunea septembrie 2020<\/a> <img decoding=\"async\" style=\"vertical-align: top;width:20px;height:20px;\" src=\"http:\/\/www.phys.uaic.ro\/wp\/imagini\/pdf-icon.png\" alt=\"pdf\" \/>\n\n--><\/p>\n<p><b>Rezultatele admiterii<\/b><\/p>\n<ul>\n<li style=\"list-style-type: none;\">\n<ul>\n<li><a href=\"https:\/\/www.phys.uaic.ro\/wp-content\/uploads\/2023\/12\/admitere-doc-2021-1.pdf\" target=\"_blank\" rel=\"noopener\">Candidatii declarati admisi cu finantare de la BUGET la Scoala doctorala a Facultatii de Fizica &#8211; sesiunea septembrie 2021<\/a> <img loading=\"lazy\" decoding=\"async\" class=\"\" src=\"http:\/\/www.phys.uaic.ro\/wp\/imagini\/pdf-icon.png\" alt=\"pdf\" width=\"18\" height=\"18\" \/><\/li>\n<\/ul>\n<\/li>\n<\/ul>\n<p><!--\n \t\n\n<li><a href=\"http:\/\/www.phys.uaic.ro\/wp\/scoala-doctorala\/admitere-doctorat\/lista-candidati-admisi-taxa-doctorat-septembrie-2021.pdf\">Lista candida\u021bilor ADMI\u0218I pentru locurile \u00een regim cu TAX\u0102<\/a> <img decoding=\"async\" style=\"vertical-align: top;width:20px;height:20px;\" src=\"http:\/\/www.phys.uaic.ro\/wp\/imagini\/pdf-icon.png\" alt=\"pdf\" \/> - sesiuea septembrie 2021<\/li>\n\n\n \t\n\n<li><a href=\"http:\/\/www.phys.uaic.ro\/wp\/scoala-doctorala\/admitere-doctorat\/lista-candidati-respinsi-doctorat-septembrie-2021.pdf\">Lista candida\u021bilor RESPIN\u0218I<\/a> <img decoding=\"async\" style=\"vertical-align: top;width:20px;height:20px;\" src=\"http:\/\/www.phys.uaic.ro\/wp\/imagini\/pdf-icon.png\" alt=\"pdf\" \/> - sesiuea septembrie 2021<\/li>\n\n\n--><\/p>\n<p><b>Contesta\u0163ii<\/b><\/p>\n<p><!--\n\n\n<ul>\n \t\n\n<li><a href=\"http:\/\/www.phys.uaic.ro\/wp\/scoala-doctorala\/admitere-doctorat\/rezultate-contestatii-proba-scrisa-septembrie-2020.pdf\">Rezultate la contesta\u0163ii la proba scris\u0103 - sesiuea septembrie 2020<\/a> <img decoding=\"async\" style=\"vertical-align: top;width:20px;height:20px;\" src=\"http:\/\/www.phys.uaic.ro\/wp\/imagini\/pdf-icon.png\" alt=\"pdf\" \/><\/li>\n\n\n<\/ul>\n\n\n--><\/p>\n<p><a href=\"http:\/\/www.phys.uaic.ro\/wp\/scoala-doctorala\/admitere-doctorat\/metodologie-admitere-doctorat-2021-2022.pdf\">Metodologia UAIC privind organizarea \u0219i desf\u0103\u0219urarea admiterii \u00een ciclul de studii universitare de doctorat pentru anul universitar 2021-2022<\/a> <img decoding=\"async\" style=\"vertical-align: top; width: 20px; height: 20px;\" src=\"http:\/\/www.phys.uaic.ro\/wp\/imagini\/pdf-icon.png\" alt=\"pdf\" \/><\/p>\n<p><!--\n\n<a href=\"http:\/\/www.phys.uaic.ro\/wp\/scoala-doctorala\/admitere-doctorat\/probe-concurs-admitere-on-line-doctorat-criterii-departajare-2020-2021.pdf\">Probele concursului de admitere on-line pentru doctorat si criterii de departajare - anul universitar 2020-2021<\/a> <img decoding=\"async\" style=\"vertical-align: top;width:20px;height:20px;\" src=\"http:\/\/www.phys.uaic.ro\/wp\/imagini\/pdf-icon.png\" alt=\"pdf\" \/>\n\n--><\/p>\n<p><!--\n\n<a href=\"http:\/\/www.phys.uaic.ro\/wp\/scoala-doctorala\/admitere-doctorat\/plata-taxa-\u00eenscriere.pdf\">Informa\u021bii despre plata taxei de \u00eenscriere<\/a> <img decoding=\"async\" style=\"vertical-align: top;width:20px;height:20px;\" src=\"http:\/\/www.phys.uaic.ro\/wp\/imagini\/pdf-icon.png\" alt=\"pdf\" \/>\n\n--><\/p>\n","protected":false},"excerpt":{"rendered":"<p>Calendarul admiterii la studiile universitare de doctorat pentru anul universitar 2021-2022: \u00eenscrierea candida\u021bilor: 01 &#8211; 06 septembrie (cu exceptia zilelor de 04 \u0219i 05 septembrie); selec\u021bia candida\u021bilor: 07 &#8211; 10 septembrie; afi\u0219area rezultatelor: 13 septembrie; contesta\u021bii (doar pentru proba scris\u0103): 14 septembrie; afi\u0219area rezultatelor: 16 septembrie; afi\u0219area listei finale cu candida\u021bii declara\u021bi admi\u0219i: 20 septembrie; confirmarea ocup\u0103rii locului:\u2026 <span class=\"read-more\"><a href=\"https:\/\/www.phys.uaic.ro\/index.php\/scoala-doctorala\/admitere-doctorat\/sesiunea-septembrie-2021\/\">Read More &raquo;<\/a><\/span><\/p>\n","protected":false},"author":3,"featured_media":0,"parent":152,"menu_order":0,"comment_status":"closed","ping_status":"closed","template":"","meta":{"footnotes":""},"class_list":["post-11503","page","type-page","status-publish","hentry"],"_links":{"self":[{"href":"https:\/\/www.phys.uaic.ro\/index.php\/wp-json\/wp\/v2\/pages\/11503","targetHints":{"allow":["GET"]}}],"collection":[{"href":"https:\/\/www.phys.uaic.ro\/index.php\/wp-json\/wp\/v2\/pages"}],"about":[{"href":"https:\/\/www.phys.uaic.ro\/index.php\/wp-json\/wp\/v2\/types\/page"}],"author":[{"embeddable":true,"href":"https:\/\/www.phys.uaic.ro\/index.php\/wp-json\/wp\/v2\/users\/3"}],"replies":[{"embeddable":true,"href":"https:\/\/www.phys.uaic.ro\/index.php\/wp-json\/wp\/v2\/comments?post=11503"}],"version-history":[{"count":0,"href":"https:\/\/www.phys.uaic.ro\/index.php\/wp-json\/wp\/v2\/pages\/11503\/revisions"}],"up":[{"embeddable":true,"href":"https:\/\/www.phys.uaic.ro\/index.php\/wp-json\/wp\/v2\/pages\/152"}],"wp:attachment":[{"href":"https:\/\/www.phys.uaic.ro\/index.php\/wp-json\/wp\/v2\/media?parent=11503"}],"curies":[{"name":"wp","href":"https:\/\/api.w.org\/{rel}","templated":true}]}}