{"id":11624,"date":"2021-02-22T22:42:43","date_gmt":"2021-02-22T22:42:43","guid":{"rendered":"https:\/\/www.phys.uaic.ro\/?page_id=11624"},"modified":"2025-01-23T11:00:04","modified_gmt":"2025-01-23T09:00:04","slug":"pliante-master","status":"publish","type":"page","link":"https:\/\/www.phys.uaic.ro\/index.php\/viitori-studenti\/prezentare\/pliante-master\/","title":{"rendered":"Pliante masterat"},"content":{"rendered":"<p><a href=\"https:\/\/www.phys.uaic.ro\/wp-content\/uploads\/2024\/03\/2024-Pliant_FATSC.pdf\"><img loading=\"lazy\" decoding=\"async\" class=\"alignleft wp-image-11906 size-medium\" src=\"https:\/\/www.phys.uaic.ro\/wp-content\/uploads\/2024\/03\/pliant-FATSC.jpg\" alt=\"\" width=\"140\" height=\"250\" \/><\/a><a href=\"https:\/\/www.phys.uaic.ro\/wp\/viitori-studenti\/pliante-admitere-master\/pliant-fizica-tehnologii-avansate.pdf\"><img loading=\"lazy\" decoding=\"async\" class=\"alignleft wp-image-11904 size-medium\" src=\"https:\/\/www.phys.uaic.ro\/wp-content\/uploads\/2021\/03\/pliant-fizica-tehnologii-avansate_2-151x300.jpg\" alt=\"\" width=\"151\" height=\"300\" srcset=\"https:\/\/www.phys.uaic.ro\/wp-content\/uploads\/2021\/03\/pliant-fizica-tehnologii-avansate_2-151x300.jpg 151w, https:\/\/www.phys.uaic.ro\/wp-content\/uploads\/2021\/03\/pliant-fizica-tehnologii-avansate_2-516x1024.jpg 516w, https:\/\/www.phys.uaic.ro\/wp-content\/uploads\/2021\/03\/pliant-fizica-tehnologii-avansate_2-768x1526.jpg 768w, https:\/\/www.phys.uaic.ro\/wp-content\/uploads\/2021\/03\/pliant-fizica-tehnologii-avansate_2-773x1536.jpg 773w, https:\/\/www.phys.uaic.ro\/wp-content\/uploads\/2021\/03\/pliant-fizica-tehnologii-avansate_2-1031x2048.jpg 1031w, https:\/\/www.phys.uaic.ro\/wp-content\/uploads\/2021\/03\/pliant-fizica-tehnologii-avansate_2-665x1321.jpg 665w, https:\/\/www.phys.uaic.ro\/wp-content\/uploads\/2021\/03\/pliant-fizica-tehnologii-avansate_2.jpg 1249w\" sizes=\"auto, (max-width: 151px) 100vw, 151px\" \/><\/a><a href=\"https:\/\/www.phys.uaic.ro\/wp-content\/uploads\/2022\/04\/2020-Pliant_Fizica-Medicala-Aplicata.pdf\"><img loading=\"lazy\" decoding=\"async\" class=\"alignleft wp-image-11903 size-medium\" src=\"https:\/\/www.phys.uaic.ro\/wp-content\/uploads\/2021\/03\/pliant-fizica-medicala-aplicata_2-151x300.jpg\" alt=\"\" width=\"151\" height=\"300\" srcset=\"https:\/\/www.phys.uaic.ro\/wp-content\/uploads\/2021\/03\/pliant-fizica-medicala-aplicata_2-151x300.jpg 151w, https:\/\/www.phys.uaic.ro\/wp-content\/uploads\/2021\/03\/pliant-fizica-medicala-aplicata_2-516x1024.jpg 516w, https:\/\/www.phys.uaic.ro\/wp-content\/uploads\/2021\/03\/pliant-fizica-medicala-aplicata_2-768x1526.jpg 768w, https:\/\/www.phys.uaic.ro\/wp-content\/uploads\/2021\/03\/pliant-fizica-medicala-aplicata_2-773x1536.jpg 773w, https:\/\/www.phys.uaic.ro\/wp-content\/uploads\/2021\/03\/pliant-fizica-medicala-aplicata_2-1031x2048.jpg 1031w, https:\/\/www.phys.uaic.ro\/wp-content\/uploads\/2021\/03\/pliant-fizica-medicala-aplicata_2-665x1321.jpg 665w, https:\/\/www.phys.uaic.ro\/wp-content\/uploads\/2021\/03\/pliant-fizica-medicala-aplicata_2.jpg 1249w\" sizes=\"auto, (max-width: 151px) 100vw, 151px\" \/><\/a><a href=\"https:\/\/www.phys.uaic.ro\/wp-content\/uploads\/2022\/04\/FATIC.pdf\"><img loading=\"lazy\" decoding=\"async\" class=\"size-medium wp-image-11905 alignleft\" src=\"https:\/\/www.phys.uaic.ro\/wp-content\/uploads\/2021\/03\/pliant-fizica-tehnologii-informatie-comunicatii_2-151x300.jpg\" alt=\"\" width=\"151\" height=\"300\" srcset=\"https:\/\/www.phys.uaic.ro\/wp-content\/uploads\/2021\/03\/pliant-fizica-tehnologii-informatie-comunicatii_2-151x300.jpg 151w, https:\/\/www.phys.uaic.ro\/wp-content\/uploads\/2021\/03\/pliant-fizica-tehnologii-informatie-comunicatii_2-516x1024.jpg 516w, https:\/\/www.phys.uaic.ro\/wp-content\/uploads\/2021\/03\/pliant-fizica-tehnologii-informatie-comunicatii_2-768x1526.jpg 768w, https:\/\/www.phys.uaic.ro\/wp-content\/uploads\/2021\/03\/pliant-fizica-tehnologii-informatie-comunicatii_2-773x1536.jpg 773w, https:\/\/www.phys.uaic.ro\/wp-content\/uploads\/2021\/03\/pliant-fizica-tehnologii-informatie-comunicatii_2-1031x2048.jpg 1031w, https:\/\/www.phys.uaic.ro\/wp-content\/uploads\/2021\/03\/pliant-fizica-tehnologii-informatie-comunicatii_2-665x1321.jpg 665w, https:\/\/www.phys.uaic.ro\/wp-content\/uploads\/2021\/03\/pliant-fizica-tehnologii-informatie-comunicatii_2.jpg 1249w\" sizes=\"auto, (max-width: 151px) 100vw, 151px\" \/><\/a><a href=\"https:\/\/www.phys.uaic.ro\/wp-content\/uploads\/2022\/04\/kineto-2018.pdf\"><img loading=\"lazy\" decoding=\"async\" class=\"size-medium wp-image-11907 alignleft\" src=\"https:\/\/www.phys.uaic.ro\/wp-content\/uploads\/2021\/03\/pliant-metode-fizice-kinetoterapie-recuperare-medicala_2-151x300.jpg\" alt=\"\" width=\"151\" height=\"300\" srcset=\"https:\/\/www.phys.uaic.ro\/wp-content\/uploads\/2021\/03\/pliant-metode-fizice-kinetoterapie-recuperare-medicala_2-151x300.jpg 151w, https:\/\/www.phys.uaic.ro\/wp-content\/uploads\/2021\/03\/pliant-metode-fizice-kinetoterapie-recuperare-medicala_2-516x1024.jpg 516w, https:\/\/www.phys.uaic.ro\/wp-content\/uploads\/2021\/03\/pliant-metode-fizice-kinetoterapie-recuperare-medicala_2-768x1526.jpg 768w, https:\/\/www.phys.uaic.ro\/wp-content\/uploads\/2021\/03\/pliant-metode-fizice-kinetoterapie-recuperare-medicala_2-773x1536.jpg 773w, https:\/\/www.phys.uaic.ro\/wp-content\/uploads\/2021\/03\/pliant-metode-fizice-kinetoterapie-recuperare-medicala_2-1031x2048.jpg 1031w, https:\/\/www.phys.uaic.ro\/wp-content\/uploads\/2021\/03\/pliant-metode-fizice-kinetoterapie-recuperare-medicala_2-665x1321.jpg 665w, https:\/\/www.phys.uaic.ro\/wp-content\/uploads\/2021\/03\/pliant-metode-fizice-kinetoterapie-recuperare-medicala_2.jpg 1249w\" sizes=\"auto, (max-width: 151px) 100vw, 151px\" \/><\/a><a href=\"https:\/\/www.phys.uaic.ro\/wp-content\/uploads\/2022\/04\/optica_si_optometrie-2018.pdf\"><img loading=\"lazy\" decoding=\"async\" class=\"alignnone wp-image-11908 size-medium\" src=\"https:\/\/www.phys.uaic.ro\/wp-content\/uploads\/2021\/03\/pliant-optica-optometrie_2-151x300.jpg\" alt=\"\" width=\"151\" height=\"300\" srcset=\"https:\/\/www.phys.uaic.ro\/wp-content\/uploads\/2021\/03\/pliant-optica-optometrie_2-151x300.jpg 151w, https:\/\/www.phys.uaic.ro\/wp-content\/uploads\/2021\/03\/pliant-optica-optometrie_2-516x1024.jpg 516w, https:\/\/www.phys.uaic.ro\/wp-content\/uploads\/2021\/03\/pliant-optica-optometrie_2-768x1526.jpg 768w, https:\/\/www.phys.uaic.ro\/wp-content\/uploads\/2021\/03\/pliant-optica-optometrie_2-773x1536.jpg 773w, https:\/\/www.phys.uaic.ro\/wp-content\/uploads\/2021\/03\/pliant-optica-optometrie_2-1031x2048.jpg 1031w, https:\/\/www.phys.uaic.ro\/wp-content\/uploads\/2021\/03\/pliant-optica-optometrie_2-665x1321.jpg 665w, https:\/\/www.phys.uaic.ro\/wp-content\/uploads\/2021\/03\/pliant-optica-optometrie_2.jpg 1249w\" sizes=\"auto, (max-width: 151px) 100vw, 151px\" \/><\/a><\/p>\n<p>&nbsp;<\/p>\n<ul>\n<li><a href=\"https:\/\/www.phys.uaic.ro\/wp-content\/uploads\/2022\/04\/2020_pliant_general_master.pdf\">Pliant general Programe de masterat<\/a> <img decoding=\"async\" style=\"vertical-align: top; width: 20px; height: 20px;\" src=\"http:\/\/www.phys.uaic.ro\/wp\/imagini\/pdf-icon.png\" alt=\"pdf\" \/><\/li>\n<li>Pliant de prezentare a specializ\u0103rii <strong>Fizica pentru tehnologii avansate<\/strong> &#8211; program de masterat \u00een limba englez\u0103<\/li>\n<li><a href=\"https:\/\/www.phys.uaic.ro\/wp-content\/uploads\/2024\/03\/2024-Pliant_FATSC.pdf\">Pliant de prezentare a specializ\u0103rii <strong>Fizic\u0103 aplicat\u0103 \u00een tehnologii smart \u0219i comunica\u021bii<\/strong>&#8211; program de masterat profesional\u00a0<\/a><img loading=\"lazy\" decoding=\"async\" class=\"\" src=\"http:\/\/www.phys.uaic.ro\/wp\/imagini\/pdf-icon.png\" alt=\"pdf\" width=\"20\" height=\"20\" \/><\/li>\n<li><a href=\"https:\/\/www.phys.uaic.ro\/wp-content\/uploads\/2022\/04\/2020-Pliant_Fizica-Medicala-Aplicata.pdf\">Pliant de prezentare a specializ\u0103rii <strong>Fizic\u0103 medical\u0103 aplicat\u0103<\/strong> &#8211; program de masterat profesional<\/a> <img decoding=\"async\" style=\"vertical-align: top; width: 20px; height: 20px;\" src=\"http:\/\/www.phys.uaic.ro\/wp\/imagini\/pdf-icon.png\" alt=\"pdf\" \/><\/li>\n<li><a href=\"https:\/\/www.phys.uaic.ro\/wp-content\/uploads\/2022\/04\/pliant_bio_2018.pdf\">Pliant de prezentare a specializ\u0103rii <strong>Biofizic\u0103 \u0219i fizic\u0103 medical\u0103<\/strong> &#8211; program de masterat \u00een limba englez\u0103<\/a> <img decoding=\"async\" style=\"vertical-align: top; width: 20px; height: 20px;\" src=\"http:\/\/www.phys.uaic.ro\/wp\/imagini\/pdf-icon.png\" alt=\"pdf\" \/><\/li>\n<li><a href=\"https:\/\/www.phys.uaic.ro\/wp-content\/uploads\/2022\/04\/FATIC.pdf\">Pliant de prezentare a specializ\u0103rii <strong>Fizic\u0103 aplicat\u0103 \u00een tehnologiile informatiei \u0219i comunica\u021bii<\/strong><\/a> <a href=\"https:\/\/www.phys.uaic.ro\/wp-content\/uploads\/2022\/04\/2020-Pliant_Fizica-Medicala-Aplicata.pdf\">&#8211; program de masterat profesional<\/a><img decoding=\"async\" style=\"vertical-align: top; width: 20px; height: 20px;\" src=\"http:\/\/www.phys.uaic.ro\/wp\/imagini\/pdf-icon.png\" alt=\"pdf\" \/><\/li>\n<li><a href=\"https:\/\/www.phys.uaic.ro\/wp-content\/uploads\/2022\/04\/kineto-2018.pdf\">Pliant de prezentare a specializ\u0103rii <strong>Metode fizice aplicate \u00een kinetoterapie \u0219i recuperare medical\u0103 <\/strong><\/a><a href=\"https:\/\/www.phys.uaic.ro\/wp-content\/uploads\/2022\/04\/2020-Pliant_Fizica-Medicala-Aplicata.pdf\">&#8211; program de masterat profesional<\/a> <img decoding=\"async\" style=\"vertical-align: top; width: 20px; height: 20px;\" src=\"http:\/\/www.phys.uaic.ro\/wp\/imagini\/pdf-icon.png\" alt=\"pdf\" \/><\/li>\n<li><a href=\"https:\/\/www.phys.uaic.ro\/wp-content\/uploads\/2022\/04\/optica_si_optometrie-2018.pdf\">Pliant de prezentare a specializ\u0103rii <strong>Optic\u0103 \u0219i optometrie<\/strong> &#8211; program de masterat profesional<\/a> <img decoding=\"async\" style=\"vertical-align: top; width: 20px; height: 20px;\" src=\"http:\/\/www.phys.uaic.ro\/wp\/imagini\/pdf-icon.png\" alt=\"pdf\" \/><\/li>\n<\/ul>\n","protected":false},"excerpt":{"rendered":"<p>&nbsp; Pliant general Programe de masterat Pliant de prezentare a specializ\u0103rii Fizica pentru tehnologii avansate &#8211; program de masterat \u00een limba englez\u0103 Pliant de prezentare a specializ\u0103rii Fizic\u0103 aplicat\u0103 \u00een tehnologii smart \u0219i comunica\u021bii&#8211; program de masterat profesional\u00a0 Pliant de prezentare a specializ\u0103rii Fizic\u0103 medical\u0103 aplicat\u0103 &#8211; program de masterat profesional Pliant de prezentare a specializ\u0103rii Biofizic\u0103 \u0219i\u2026 <span class=\"read-more\"><a href=\"https:\/\/www.phys.uaic.ro\/index.php\/viitori-studenti\/prezentare\/pliante-master\/\">Read More &raquo;<\/a><\/span><\/p>\n","protected":false},"author":3,"featured_media":0,"parent":11857,"menu_order":0,"comment_status":"closed","ping_status":"closed","template":"","meta":{"footnotes":""},"class_list":["post-11624","page","type-page","status-publish","hentry"],"_links":{"self":[{"href":"https:\/\/www.phys.uaic.ro\/index.php\/wp-json\/wp\/v2\/pages\/11624","targetHints":{"allow":["GET"]}}],"collection":[{"href":"https:\/\/www.phys.uaic.ro\/index.php\/wp-json\/wp\/v2\/pages"}],"about":[{"href":"https:\/\/www.phys.uaic.ro\/index.php\/wp-json\/wp\/v2\/types\/page"}],"author":[{"embeddable":true,"href":"https:\/\/www.phys.uaic.ro\/index.php\/wp-json\/wp\/v2\/users\/3"}],"replies":[{"embeddable":true,"href":"https:\/\/www.phys.uaic.ro\/index.php\/wp-json\/wp\/v2\/comments?post=11624"}],"version-history":[{"count":0,"href":"https:\/\/www.phys.uaic.ro\/index.php\/wp-json\/wp\/v2\/pages\/11624\/revisions"}],"up":[{"embeddable":true,"href":"https:\/\/www.phys.uaic.ro\/index.php\/wp-json\/wp\/v2\/pages\/11857"}],"wp:attachment":[{"href":"https:\/\/www.phys.uaic.ro\/index.php\/wp-json\/wp\/v2\/media?parent=11624"}],"curies":[{"name":"wp","href":"https:\/\/api.w.org\/{rel}","templated":true}]}}