{"id":11746,"date":"2021-02-28T02:09:54","date_gmt":"2021-02-28T02:09:54","guid":{"rendered":"https:\/\/www.phys.uaic.ro\/?page_id=11746"},"modified":"2023-03-06T12:32:46","modified_gmt":"2023-03-06T10:32:46","slug":"dan-gheorghe-dimitriu-expertiza","status":"publish","type":"page","link":"https:\/\/www.phys.uaic.ro\/index.php\/scoala-doctorala\/conducatori-doctorat\/dan-gheorghe-dimitriu-expertiza\/","title":{"rendered":"Prof. Dr. habil. Dan Gheorghe DIMITRIU &#8211; expertiz\u0103"},"content":{"rendered":"<p><b>Domenii majore de cercetare:<\/b><\/p>\n<ul>\n<li>Fenomene neliniare \u00een plasma de temperatur\u0103 joas\u0103.<\/li>\n<li>Structuri par\u021bial ordonate \u00een lichide.<\/li>\n<\/ul>\n<p><b>Domenii de expertiz\u0103:<\/b><\/p>\n<ul>\n<li>Structuri autoorganizate \u00een plasm\u0103.<\/li>\n<li>Instabilit\u0103\u021bi ale plasmei.<\/li>\n<li>Fenomene haotice \u00een plasm\u0103.<\/li>\n<li>Interac\u021biuni colective \u00een plasm\u0103.<\/li>\n<li>Surse de plasm\u0103.<\/li>\n<li>Solvatocromism.<\/li>\n<li>Interac\u021biuni intermoleculare \u00een lichide.<\/li>\n<li>Spectroscopie molecular\u0103.<\/li>\n<li>Modele de lichid.<\/li>\n<li>Sc\u0103ri empirice de solvent.<\/li>\n<\/ul>\n","protected":false},"excerpt":{"rendered":"<p>Domenii majore de cercetare: Fenomene neliniare \u00een plasma de temperatur\u0103 joas\u0103. Structuri par\u021bial ordonate \u00een lichide. Domenii de expertiz\u0103: Structuri autoorganizate \u00een plasm\u0103. Instabilit\u0103\u021bi ale plasmei. Fenomene haotice \u00een plasm\u0103. Interac\u021biuni colective \u00een plasm\u0103. Surse de plasm\u0103. Solvatocromism. Interac\u021biuni intermoleculare \u00een lichide. Spectroscopie molecular\u0103. Modele de lichid. Sc\u0103ri empirice de solvent.<\/p>\n","protected":false},"author":3,"featured_media":0,"parent":150,"menu_order":0,"comment_status":"closed","ping_status":"closed","template":"","meta":{"footnotes":""},"class_list":["post-11746","page","type-page","status-publish","hentry"],"_links":{"self":[{"href":"https:\/\/www.phys.uaic.ro\/index.php\/wp-json\/wp\/v2\/pages\/11746","targetHints":{"allow":["GET"]}}],"collection":[{"href":"https:\/\/www.phys.uaic.ro\/index.php\/wp-json\/wp\/v2\/pages"}],"about":[{"href":"https:\/\/www.phys.uaic.ro\/index.php\/wp-json\/wp\/v2\/types\/page"}],"author":[{"embeddable":true,"href":"https:\/\/www.phys.uaic.ro\/index.php\/wp-json\/wp\/v2\/users\/3"}],"replies":[{"embeddable":true,"href":"https:\/\/www.phys.uaic.ro\/index.php\/wp-json\/wp\/v2\/comments?post=11746"}],"version-history":[{"count":0,"href":"https:\/\/www.phys.uaic.ro\/index.php\/wp-json\/wp\/v2\/pages\/11746\/revisions"}],"up":[{"embeddable":true,"href":"https:\/\/www.phys.uaic.ro\/index.php\/wp-json\/wp\/v2\/pages\/150"}],"wp:attachment":[{"href":"https:\/\/www.phys.uaic.ro\/index.php\/wp-json\/wp\/v2\/media?parent=11746"}],"curies":[{"name":"wp","href":"https:\/\/api.w.org\/{rel}","templated":true}]}}