{"id":11965,"date":"2021-03-22T10:40:06","date_gmt":"2021-03-22T10:40:06","guid":{"rendered":"https:\/\/www.phys.uaic.ro\/?page_id=11965"},"modified":"2021-04-02T07:24:24","modified_gmt":"2021-04-02T07:24:24","slug":"stiinta-pe-intelesul-tuturor","status":"publish","type":"page","link":"https:\/\/www.phys.uaic.ro\/index.php\/viitori-studenti\/stiinta-pe-intelesul-tuturor\/","title":{"rendered":"\u0218tiin\u021ba pe \u00een\u021belesul tuturor"},"content":{"rendered":"<p><!-- ++++++++++++++++++++++++++++++++++++++++++++++++++++++++++++++++++++++++++++++++++++ --><\/p>\n<div class=\"colorbox\" style=\"background-color: #e6e6e6;\">\n<p><a href=\"https:\/\/www.phys.uaic.ro\/index.php\/cercetare\/articole-explicate-pe-inetelesul-tuturor\/\">Articole explicate pe \u00een\u021belesul tuturor<\/a><\/p>\n<\/div>\n<p><!-- ++++++++++++++++++++++++++++++++++++++++++++++++++++++++++++++++++++++++++++++++++++ --><\/p>\n<div class=\"colorbox\" style=\"background-color: #e6e6e6;\">\n<p><a href=\"https:\/\/youtube.com\/playlist?list=PLwjn57Bd4AnrNn-g3IIydkPfIxCDbNxyX\">Noaptea cercet\u0103torilor &#8211; Demonstra\u0163iii video<\/a><\/p>\n<\/div>\n<p><!-- ++++++++++++++++++++++++++++++++++++++++++++++++++++++++++++++++++++++++++++++++++++ --><\/p>\n<div class=\"colorbox\" style=\"background-color: #e6e6e6;\">\n<ul>\n<li><a href=\"https:\/\/www.uaic.ro\/un-articol-in-revista-nature-communications-rezultat-al-unei-colaborari-dintre-uaic-si-universitatea-din-cambridge\/\">Un articol \u00een revista Nature Communications \u2013 rezultat al unei colabor\u0103ri dintre UAIC \u0219i Universitatea din Cambridge<\/a><\/li>\n<\/ul>\n<\/div>\n<p><!-- ++++++++++++++++++++++++++++++++++++++++++++++++++++++++++++++++++++++++++++++++++++ --><\/p>\n<div class=\"colorbox\" style=\"background-color: #e6e6e6;\">\n<ul>\n<li><a href=\"https:\/\/www.uaic.ro\/prafdestele\/\">Praf de stele- creat \u00een laboratoarele de la Fizic\u0103 printr-o metod\u0103 unic\u0103 la nivel mondial<\/a><\/li>\n<\/ul>\n<\/div>\n<p><!-- ++++++++++++++++++++++++++++++++++++++++++++++++++++++++++++++++++++++++++++++++++++ --><\/p>\n<div class=\"colorbox\" style=\"background-color: #e6e6e6;\">\n<ul>\n<li><a href=\"https:\/\/www.uaic.ro\/cercetatorii-uaic-au-descoperit-un-nou-mecanism-de-distrugere-celulara-generat-de-virusul-sars-cov-2\/\">Cercet\u0103torii UAIC au descoperit un nou mecanism de distrugere celular\u0103 generat de virusul SARS-CoV-2<\/a><\/li>\n<\/ul>\n<\/div>\n<p><!-- ++++++++++++++++++++++++++++++++++++++++++++++++++++++++++++++++++++++++++++++++++++ --><\/p>\n<div class=\"colorbox\" style=\"background-color: #e6e6e6;\">\n<ul>\n<li><a href=\"https:\/\/www.uaic.ro\/cercetatoare-din-cadrul-facultatii-de-fizica-castigatoarea-bursei-loreal-unesco-pentru-femeile-din-stiinta\/\">Cercet\u0103toare din cadrul Facult\u0103\u021bii de Fizic\u0103, c\u00e2\u0219tig\u0103toarea bursei L\u2019Or\u00e9al \u2013 UNESCO \u201ePentru femeile din \u015ftiin\u0163\u0103\u201d<\/a><\/li>\n<\/ul>\n<\/div>\n<p><!-- ++++++++++++++++++++++++++++++++++++++++++++++++++++++++++++++++++++++++++++++++++++ --><\/p>\n<div class=\"colorbox\" style=\"background-color: #e6e6e6;\">\n<ul>\n<li><a href=\"https:\/\/www.uaic.ro\/studiu-stiintific-publicat-de-profesori-romani-in-nature\/\">Studiu \u015ftiin\u0163ific publicat de profesori rom\u00e2ni \u00een Nature Materials<\/a><\/li>\n<\/ul>\n<\/div>\n<p><!-- ++++++++++++++++++++++++++++++++++++++++++++++++++++++++++++++++++++++++++++++++++++ --><\/p>\n","protected":false},"excerpt":{"rendered":"<p>Articole explicate pe \u00een\u021belesul tuturor Noaptea cercet\u0103torilor &#8211; Demonstra\u0163iii video Un articol \u00een revista Nature Communications \u2013 rezultat al unei colabor\u0103ri dintre UAIC \u0219i Universitatea din Cambridge Praf de stele- creat \u00een laboratoarele de la Fizic\u0103 printr-o metod\u0103 unic\u0103 la nivel mondial Cercet\u0103torii UAIC au descoperit un nou mecanism de distrugere celular\u0103 generat de virusul SARS-CoV-2 Cercet\u0103toare din\u2026 <span class=\"read-more\"><a href=\"https:\/\/www.phys.uaic.ro\/index.php\/viitori-studenti\/stiinta-pe-intelesul-tuturor\/\">Read More &raquo;<\/a><\/span><\/p>\n","protected":false},"author":3,"featured_media":0,"parent":11611,"menu_order":0,"comment_status":"closed","ping_status":"closed","template":"","meta":{"footnotes":""},"class_list":["post-11965","page","type-page","status-publish","hentry"],"_links":{"self":[{"href":"https:\/\/www.phys.uaic.ro\/index.php\/wp-json\/wp\/v2\/pages\/11965","targetHints":{"allow":["GET"]}}],"collection":[{"href":"https:\/\/www.phys.uaic.ro\/index.php\/wp-json\/wp\/v2\/pages"}],"about":[{"href":"https:\/\/www.phys.uaic.ro\/index.php\/wp-json\/wp\/v2\/types\/page"}],"author":[{"embeddable":true,"href":"https:\/\/www.phys.uaic.ro\/index.php\/wp-json\/wp\/v2\/users\/3"}],"replies":[{"embeddable":true,"href":"https:\/\/www.phys.uaic.ro\/index.php\/wp-json\/wp\/v2\/comments?post=11965"}],"version-history":[{"count":0,"href":"https:\/\/www.phys.uaic.ro\/index.php\/wp-json\/wp\/v2\/pages\/11965\/revisions"}],"up":[{"embeddable":true,"href":"https:\/\/www.phys.uaic.ro\/index.php\/wp-json\/wp\/v2\/pages\/11611"}],"wp:attachment":[{"href":"https:\/\/www.phys.uaic.ro\/index.php\/wp-json\/wp\/v2\/media?parent=11965"}],"curies":[{"name":"wp","href":"https:\/\/api.w.org\/{rel}","templated":true}]}}