{"id":12011,"date":"2021-03-26T08:37:43","date_gmt":"2021-03-26T08:37:43","guid":{"rendered":"https:\/\/www.phys.uaic.ro\/?page_id=12011"},"modified":"2026-03-20T08:26:28","modified_gmt":"2026-03-20T06:26:28","slug":"three-minute-thesis","status":"publish","type":"page","link":"https:\/\/www.phys.uaic.ro\/index.php\/scoala-doctorala\/three-minute-thesis\/","title":{"rendered":"Concurs 3MT (Three Minute Thesis )"},"content":{"rendered":"<p>\u00cen anul 2015 s-a desf\u0103\u0219urat prima competi\u021bie 3MT (Prezentarea \u00een trei minute a tezei de doctorat). Universitatea Alexandru Ioan Cuza din Ia\u0219i este prima universitate din Rom\u00e2nia \u00eenscris\u0103 \u00een aceast\u0103 competi\u021bie, \u00een urma acceptului primit la data de 13.06.2015 din partea Universit\u0103\u021bii din Queensland &#8211; Australia.<\/p>\n<p><span style=\"font-size: 14pt; color: #000080;\"><strong>2025-2026<\/strong><\/span><\/p>\n<p>In cadrul etapei pe universitate a concursului 3MT, 2025-2026, drd. <b>Dob\u00eend\u0103 Marius (<\/b>conduc\u0103tor de doctorat, prof. dr. habil. Dorina-Emiulia CREANG\u0102) a participat din partea \u0218colii Doctorale de Fizic\u0103, \u0219i a obtinut locul I.<\/p>\n<p><a href=\"https:\/\/www.phys.uaic.ro\/wp-content\/uploads\/2025\/12\/Regulament-3MT-2025-2026.pdf\">Regulament 3MT 2025-2026<\/a><\/p>\n<h3><\/h3>\n<h3><span style=\"color: #000080;\"><strong>2024-2025<\/strong><\/span><\/h3>\n<div><a href=\"https:\/\/www.phys.uaic.ro\/wp-content\/uploads\/2024\/11\/Regulament-3MT-2024-2025.pdf\" target=\"_blank\" rel=\"noopener\">Regulament 3MT 2024-2025<\/a><\/div>\n<div>\n<h3><\/h3>\n<h3 id=\"2023-2024\"><span style=\"font-size: 14pt; color: #000080;\"><strong>2023-2024<\/strong><\/span><\/h3>\n<\/div>\n<div>In cadrul etapei pe universitate a concursului 3MT, 2023-2024, drd. <b>Stirbu Radu (<\/b>conduc\u0103tor de doctorat, prof. dr. Liliana Mitoseriu) a participat din partea \u0218colii Doctorale de Fizic\u0103, \u0219i a obtinut locul I.<br \/>\nClipul poate fi urm\u0103rit la adresa:<\/div>\n<div><a tabindex=\"-1\" href=\"https:\/\/www.uaic.ro\/studii\/studii-universitare-de-doctorat\/competitia-prezentarea-tezei-de-doctorat-in-trei-minute-3mt-competition-2024\/\" target=\"_blank\" rel=\"external nofollow noopener noreferrer\"><em>https:\/\/www.uaic.ro\/studii\/studii-universitare-de-doctorat\/competitia-prezentarea-tezei-de-doctorat-in-trei-minute-3mt-competition-2024\/<\/em><\/a><\/div>\n<div>\n<p><a href=\"https:\/\/www.phys.uaic.ro\/wp-content\/uploads\/2023\/11\/Regulament-3MT-2024.pdf\">Regulament 3MT-2023-2024<\/a><\/p>\n<\/div>\n<h3><\/h3>\n<h3 id=\"2022-2023\"><span style=\"font-size: 14pt;\"><strong><span style=\"color: #000080;\">2022-2023<\/span><\/strong><\/span><\/h3>\n<div><a href=\"https:\/\/www.phys.uaic.ro\/wp-content\/uploads\/2022\/11\/Regulament-3MT-2022-2023.pdf\">Regulament 3MT 2022-2023<\/a><\/div>\n<h3><\/h3>\n<h3 id=\"2021-2022\"><span style=\"font-size: 14pt;\"><strong><span style=\"color: #000080;\">2021-2022<\/span><\/strong><\/span><\/h3>\n<p>\u00cen cadrul etapei pe universitate a concursului 3MT, drd. <strong>BUC\u0102TARU IOANA &#8211; CEZARA<\/strong> (conduc\u0103tor de doctorat, prof. dr. Tudor Luchian) a participat din partea \u0218colii Doctorale de Fizic\u0103, \u0219i a obtinut locul I, precum \u0219i premiul de popularitate.<\/p>\n<p>Clipurile pot fi urm\u0103rite la adresa:<\/p>\n<p><a href=\"https:\/\/www.uaic.ro\/studii\/studii-universitare-de-doctorat\/competitia-3mt-three-minute-thesis\/competitia-3mt-three-minute-thesis-la-uaic-2022\/\" target=\"_blank\" rel=\"noopener\"><em>https:\/\/www.uaic.ro\/studii\/studii-universitare-de-doctorat\/competitia-3mt-three-minute-thesis\/competitia-3mt-three-minute-thesis-la-uaic-2022\/<\/em><\/a><\/p>\n<h3 id=\"2020-2021\"><span style=\"font-size: 14pt;\"><strong><span style=\"color: #000080;\">2020-2021<\/span><\/strong><\/span><\/h3>\n<p><a href=\"http:\/\/www.phys.uaic.ro\/wp\/scoala-doctorala\/3mt\/regulamentul-calendarul-competitiei-3mt-2020-2021.pdf\">Regulamentul \u0219i calendarul Competi\u021biei 3MT (Prezentarea \u00een trei minute a tezei de doctorat) pentru anul universitar 2020-2021<\/a> <img decoding=\"async\" style=\"vertical-align: top; width: 20px; height: 20px;\" src=\"http:\/\/www.phys.uaic.ro\/wp\/imagini\/pdf-icon.png\" alt=\"pdf\" \/><\/p>\n<p>\u00cen cadrul etapei pe universitate a concursului 3MT, dr. <strong>Laura Hro\u0219tea<\/strong> (conduc\u0103tor de doctorat, prof. dr. habil. Liviu Leontie) a participat din partea \u0218colii Doctorale de Fizic\u0103, \u0219i a obtinut locul I, precum \u0219i premiul de popularitate.<\/p>\n<p>Cele dou\u0103 clipuri participante la competitia 3MT, pot fi urm\u0103rite la adresa:<\/p>\n<p><a href=\"https:\/\/www.uaic.ro\/studii\/studii-universitare-de-doctorat\/competitie-3mt-three-minute-thesis-la-uaic\/\"><em>https:\/\/www.uaic.ro\/studii\/studii-universitare-de-doctorat\/competitie-3mt-three-minute-thesis-la-uaic\/<\/em><\/a><\/p>\n<p>&nbsp;<\/p>\n","protected":false},"excerpt":{"rendered":"<p>\u00cen anul 2015 s-a desf\u0103\u0219urat prima competi\u021bie 3MT (Prezentarea \u00een trei minute a tezei de doctorat). Universitatea Alexandru Ioan Cuza din Ia\u0219i este prima universitate din Rom\u00e2nia \u00eenscris\u0103 \u00een aceast\u0103 competi\u021bie, \u00een urma acceptului primit la data de 13.06.2015 din partea Universit\u0103\u021bii din Queensland &#8211; Australia. 2025-2026 In cadrul etapei pe universitate a concursului 3MT, 2025-2026, drd. Dob\u00eend\u0103\u2026 <span class=\"read-more\"><a href=\"https:\/\/www.phys.uaic.ro\/index.php\/scoala-doctorala\/three-minute-thesis\/\">Read More &raquo;<\/a><\/span><\/p>\n","protected":false},"author":3,"featured_media":0,"parent":365,"menu_order":0,"comment_status":"closed","ping_status":"closed","template":"","meta":{"footnotes":""},"class_list":["post-12011","page","type-page","status-publish","hentry"],"_links":{"self":[{"href":"https:\/\/www.phys.uaic.ro\/index.php\/wp-json\/wp\/v2\/pages\/12011","targetHints":{"allow":["GET"]}}],"collection":[{"href":"https:\/\/www.phys.uaic.ro\/index.php\/wp-json\/wp\/v2\/pages"}],"about":[{"href":"https:\/\/www.phys.uaic.ro\/index.php\/wp-json\/wp\/v2\/types\/page"}],"author":[{"embeddable":true,"href":"https:\/\/www.phys.uaic.ro\/index.php\/wp-json\/wp\/v2\/users\/3"}],"replies":[{"embeddable":true,"href":"https:\/\/www.phys.uaic.ro\/index.php\/wp-json\/wp\/v2\/comments?post=12011"}],"version-history":[{"count":2,"href":"https:\/\/www.phys.uaic.ro\/index.php\/wp-json\/wp\/v2\/pages\/12011\/revisions"}],"predecessor-version":[{"id":26485,"href":"https:\/\/www.phys.uaic.ro\/index.php\/wp-json\/wp\/v2\/pages\/12011\/revisions\/26485"}],"up":[{"embeddable":true,"href":"https:\/\/www.phys.uaic.ro\/index.php\/wp-json\/wp\/v2\/pages\/365"}],"wp:attachment":[{"href":"https:\/\/www.phys.uaic.ro\/index.php\/wp-json\/wp\/v2\/media?parent=12011"}],"curies":[{"name":"wp","href":"https:\/\/api.w.org\/{rel}","templated":true}]}}