{"id":1212,"date":"2018-02-20T09:36:19","date_gmt":"2018-02-20T09:36:19","guid":{"rendered":"http:\/\/www.phys.uaic.ro\/?page_id=1212"},"modified":"2022-04-12T12:38:43","modified_gmt":"2022-04-12T09:38:43","slug":"emilia-dorina-creanga-abilitare","status":"publish","type":"page","link":"https:\/\/www.phys.uaic.ro\/index.php\/scoala-doctorala\/sustineri-teze-abilitare\/emilia-dorina-creanga-abilitare\/","title":{"rendered":"Sus\u021binerea tezei de abilitare a doamnei Prof. Dr. Emilia Dorina CREANG\u0102 pe 29.11.2017"},"content":{"rendered":"<p>Sune\u021bi invita\u021bi s\u0103 participa\u021bi la sus\u021binerea public\u0103 a tezei de abilitare<\/p>\n<p><b>Contributions to the study of metallic nanoparticles with applications in life sciences<\/b><\/p>\n<p>elaborat\u0103 de doamna Prof. Dr. Emilia Dorina CREANG\u0102, Universitatea Alexandru Ioan Cuza din Ia\u0219i. Prezentarea tezei va avea loc \u00een data de 29 noiembrie 2017, de la ora 12 \u00een Laboratorul de Fizic\u0103 Molecular\u0103 al Universit\u0103\u021bii Alexandru Ioan Cuza.<\/p>\n<p><a href=\"https:\/\/www.phys.uaic.ro\/wp-content\/uploads\/2022\/04\/REZUMAT-Dorina-Creanga-abilitare.pdf\" target=\"_blank\" rel=\"noopener\"><b>CV \u0219i Lista de lucr\u0103ri<\/b><\/a> <img decoding=\"async\" style=\"vertical-align: top; width: 20px; height: 20px;\" src=\"http:\/\/www.phys.uaic.ro\/wp\/imagini\/pdf-icon.png\" alt=\"pdf\" \/><\/p>\n<p><a href=\"https:\/\/www.phys.uaic.ro\/wp-content\/uploads\/2022\/04\/REZUMAT-Dorina-Creanga-abilitare.pdf\" target=\"_blank\" rel=\"noopener\"><b>Rezumatul tezei de abilitare<\/b><\/a> <img decoding=\"async\" style=\"vertical-align: top; width: 20px; height: 20px;\" src=\"http:\/\/www.phys.uaic.ro\/wp\/imagini\/pdf-icon.png\" alt=\"pdf\" \/><\/p>\n<p><a href=\"https:\/\/www.phys.uaic.ro\/wp-content\/uploads\/2022\/04\/Summary-Habilitation-Thesis-Creanga-Dorina-Emilia.pdf\" target=\"_blank\" rel=\"noopener\"><b>Summary of Habilitation Thesis<\/b><\/a> <img decoding=\"async\" style=\"vertical-align: top; width: 20px; height: 20px;\" src=\"http:\/\/www.phys.uaic.ro\/wp\/imagini\/pdf-icon.png\" alt=\"pdf\" \/><\/p>\n<p><a href=\"https:\/\/www.phys.uaic.ro\/wp-content\/uploads\/2022\/04\/CREANGA-DORINA-FISA-INDEPLINIREA-STANDARDELOR-MINIMALE-2017.pdf\" target=\"_blank\" rel=\"noopener\"><b>Fi\u0219a de \u00eendeplinire a standardelor minimale CNATDCU<\/b><\/a> <img decoding=\"async\" style=\"vertical-align: top; width: 20px; height: 20px;\" src=\"http:\/\/www.phys.uaic.ro\/wp\/imagini\/pdf-icon.png\" alt=\"pdf\" \/><\/p>\n<p><a href=\"https:\/\/www.phys.uaic.ro\/wp-content\/uploads\/2022\/04\/emilia-dorina-creanga-componenta-comisie-abilitare.pdf\" target=\"_blank\" rel=\"noopener\"><b>Componen\u021ba comisiei de abilitare<\/b><\/a> <img decoding=\"async\" style=\"vertical-align: top; width: 20px; height: 20px;\" src=\"http:\/\/www.phys.uaic.ro\/wp\/imagini\/pdf-icon.png\" alt=\"pdf\" \/>:<\/p>\n<ul>\n<li>Prof. univ. Dr. \u0218tefan ANTOHE, Universitatea Bucure\u0219ti;<\/li>\n<li>Prof. univ. Dr. Aurel POP, Universitatea Babe\u0219-Bolyai, Cluj-Napoca;<\/li>\n<li>Prof. univ. Dr. Diana Mihaela MARDARE, Universitatea Alexandru Ioan Cuza, Ia\u0219i.<\/li>\n<\/ul>\n<p><b>Selec\u021bie de lucr\u0103ri<\/b><\/p>\n<ol>\n<li><a href=\"http:\/\/www.phys.uaic.ro\/wp\/scoala-doctorala\/sustineri-teze-abilitare\/emilia-dorina-creanga\/j-sol-gel-sci-tech.pdf\">Iron oxide-silica nanocomposites yielded by chemical route and sol-gel method &#8211; Journal of Sol-Gel Science and Technology &#8211; 2016<\/a> <img decoding=\"async\" style=\"vertical-align: top; width: 20px; height: 20px;\" src=\"http:\/\/www.phys.uaic.ro\/wp\/imagini\/pdf-icon.png\" alt=\"pdf\" \/><\/li>\n<li><a href=\"http:\/\/www.phys.uaic.ro\/wp\/scoala-doctorala\/sustineri-teze-abilitare\/emilia-dorina-creanga\/europ-phys-journal-e.pdf\">Citric-acid-coated magnetite nanoparticles for biological applications &#8211; The European Physical Journal E &#8211; 2006<\/a> <img decoding=\"async\" style=\"vertical-align: top; width: 20px; height: 20px;\" src=\"http:\/\/www.phys.uaic.ro\/wp\/imagini\/pdf-icon.png\" alt=\"pdf\" \/><\/li>\n<li><a href=\"http:\/\/www.phys.uaic.ro\/wp\/scoala-doctorala\/sustineri-teze-abilitare\/emilia-dorina-creanga\/w-a-s-p.pdf\">Magnetic Nanoparticle Genetic Impact on Root Tip Cells of Sunflower Seedlings &#8211; Water Air Soil Pollut &#8211; 2011<\/a> <img decoding=\"async\" style=\"vertical-align: top; width: 20px; height: 20px;\" src=\"http:\/\/www.phys.uaic.ro\/wp\/imagini\/pdf-icon.png\" alt=\"pdf\" \/><\/li>\n<li><a href=\"http:\/\/www.phys.uaic.ro\/wp\/scoala-doctorala\/sustineri-teze-abilitare\/emilia-dorina-creanga\/j-serb-ghem-soc.pdf\">Wet milling <i>versus<\/i> co-precipitation in magnetite ferrofluid preparation &#8211; J. Serb. Chem. Soc. &#8211; 2014<\/a> <img decoding=\"async\" style=\"vertical-align: top; width: 20px; height: 20px;\" src=\"http:\/\/www.phys.uaic.ro\/wp\/imagini\/pdf-icon.png\" alt=\"pdf\" \/><\/li>\n<li><a href=\"http:\/\/www.phys.uaic.ro\/wp\/scoala-doctorala\/sustineri-teze-abilitare\/emilia-dorina-creanga\/e-e-m-j.pdf\">Magnetic contamination of environment &#8211; laboratory simulation of mixed iron oxides impact on microorganism cells &#8211; Environmental Engineering and Management Journal &#8211; 2015<\/a> <img decoding=\"async\" style=\"vertical-align: top; width: 20px; height: 20px;\" src=\"http:\/\/www.phys.uaic.ro\/wp\/imagini\/pdf-icon.png\" alt=\"pdf\" \/><\/li>\n<li><a href=\"http:\/\/www.phys.uaic.ro\/wp\/scoala-doctorala\/sustineri-teze-abilitare\/emilia-dorina-creanga\/int-j-pharm.pdf\">The effect of visible light on gold nanoparticles and some bioeffects on environmental fungi &#8211; International Journal of Pharmaceutics &#8211; 2016<\/a> <img decoding=\"async\" style=\"vertical-align: top; width: 20px; height: 20px;\" src=\"http:\/\/www.phys.uaic.ro\/wp\/imagini\/pdf-icon.png\" alt=\"pdf\" \/><\/li>\n<li><a href=\"http:\/\/www.phys.uaic.ro\/wp\/scoala-doctorala\/sustineri-teze-abilitare\/emilia-dorina-creanga\/appl-surf-sci.pdf\">Morphological changes in gold core\u2013chitosan shell nanostructures at the interface with physiological media. <i>In vitro<\/i> and <i>in vivo<\/i> approach &#8211; Applied Surface Science &#8211; 2015<\/a> <img decoding=\"async\" style=\"vertical-align: top; width: 20px; height: 20px;\" src=\"http:\/\/www.phys.uaic.ro\/wp\/imagini\/pdf-icon.png\" alt=\"pdf\" \/><\/li>\n<li><a href=\"http:\/\/www.phys.uaic.ro\/wp\/scoala-doctorala\/sustineri-teze-abilitare\/emilia-dorina-creanga\/j-molec-str.pdf\">Light wavelength in\ufb02uence on surface plasmon resonance in citratee-gold nanosystems &#8211; Journal of Molecular Structure &#8211; 2016<\/a> <img decoding=\"async\" style=\"vertical-align: top; width: 20px; height: 20px;\" src=\"http:\/\/www.phys.uaic.ro\/wp\/imagini\/pdf-icon.png\" alt=\"pdf\" \/><\/li>\n<\/ol>\n<p><a href=\"https:\/\/www.phys.uaic.ro\/wp-content\/uploads\/2022\/04\/Raport-comisie-de-abilitare_Dorina-Creanga.pdf\" target=\"_blank\" rel=\"noopener\"><b>Raportul comisiei de abilitare<\/b><\/a> <img decoding=\"async\" style=\"vertical-align: top; width: 20px; height: 20px;\" src=\"http:\/\/www.phys.uaic.ro\/wp\/imagini\/pdf-icon.png\" alt=\"pdf\" \/><\/p>\n","protected":false},"excerpt":{"rendered":"<p>Sune\u021bi invita\u021bi s\u0103 participa\u021bi la sus\u021binerea public\u0103 a tezei de abilitare Contributions to the study of metallic nanoparticles with applications in life sciences elaborat\u0103 de doamna Prof. Dr. Emilia Dorina CREANG\u0102, Universitatea Alexandru Ioan Cuza din Ia\u0219i. Prezentarea tezei va avea loc \u00een data de 29 noiembrie 2017, de la ora 12 \u00een Laboratorul de Fizic\u0103 Molecular\u0103 al\u2026 <span class=\"read-more\"><a href=\"https:\/\/www.phys.uaic.ro\/index.php\/scoala-doctorala\/sustineri-teze-abilitare\/emilia-dorina-creanga-abilitare\/\">Read More &raquo;<\/a><\/span><\/p>\n","protected":false},"author":3,"featured_media":0,"parent":160,"menu_order":0,"comment_status":"closed","ping_status":"closed","template":"","meta":{"footnotes":""},"class_list":["post-1212","page","type-page","status-publish","hentry"],"_links":{"self":[{"href":"https:\/\/www.phys.uaic.ro\/index.php\/wp-json\/wp\/v2\/pages\/1212","targetHints":{"allow":["GET"]}}],"collection":[{"href":"https:\/\/www.phys.uaic.ro\/index.php\/wp-json\/wp\/v2\/pages"}],"about":[{"href":"https:\/\/www.phys.uaic.ro\/index.php\/wp-json\/wp\/v2\/types\/page"}],"author":[{"embeddable":true,"href":"https:\/\/www.phys.uaic.ro\/index.php\/wp-json\/wp\/v2\/users\/3"}],"replies":[{"embeddable":true,"href":"https:\/\/www.phys.uaic.ro\/index.php\/wp-json\/wp\/v2\/comments?post=1212"}],"version-history":[{"count":0,"href":"https:\/\/www.phys.uaic.ro\/index.php\/wp-json\/wp\/v2\/pages\/1212\/revisions"}],"up":[{"embeddable":true,"href":"https:\/\/www.phys.uaic.ro\/index.php\/wp-json\/wp\/v2\/pages\/160"}],"wp:attachment":[{"href":"https:\/\/www.phys.uaic.ro\/index.php\/wp-json\/wp\/v2\/media?parent=1212"}],"curies":[{"name":"wp","href":"https:\/\/api.w.org\/{rel}","templated":true}]}}