{"id":1214,"date":"2018-02-20T09:38:11","date_gmt":"2018-02-20T09:38:11","guid":{"rendered":"http:\/\/www.phys.uaic.ro\/?page_id=1214"},"modified":"2025-01-27T11:04:02","modified_gmt":"2025-01-27T09:04:02","slug":"gabriela-borcia-abilitare","status":"publish","type":"page","link":"https:\/\/www.phys.uaic.ro\/index.php\/scoala-doctorala\/sustineri-teze-abilitare\/gabriela-borcia-abilitare\/","title":{"rendered":"Sus\u021binerea tezei de abilitare a doamnei Conf. Dr. Gabriela BORCIA pe 22.09.2016"},"content":{"rendered":"<p>Sune\u021bi invita\u021bi s\u0103 participa\u021bi la sus\u021binerea public\u0103 a tezei de abilitare<\/p>\n<p><b>Materiale polimerice. Proces\u0103ri cu plasma la presiune atmosferic\u0103<\/b><\/p>\n<p>elaborata de doamna Conf. Dr. Gabriela BORCIA, Universitatea Alexandru Ioan Cuza din Ia\u0219i. Prezentarea tezei va avea loc \u00een data de 22 septembrie 2016, de la ora 11 \u00een Sala L1 a Universit\u0103\u021bii Alexandru Ioan Cuza.<\/p>\n<p><a href=\"https:\/\/www.phys.uaic.ro\/wp-content\/uploads\/2025\/01\/CV_GBorcia-2016.pdf\" target=\"_blank\" rel=\"noopener\">CV<\/a><img loading=\"lazy\" decoding=\"async\" class=\"\" src=\"http:\/\/www.phys.uaic.ro\/wp\/imagini\/pdf-icon.png\" alt=\"pdf\" width=\"19\" height=\"19\" \/><\/p>\n<p><a href=\"https:\/\/www.phys.uaic.ro\/wp-content\/uploads\/2025\/01\/Habilitation-Thesis-Summary-in-Romanian-GBorcia.pdf\" target=\"_blank\" rel=\"noopener\"><b>Rezumatul tezei de abilitare<\/b><\/a> <img decoding=\"async\" style=\"vertical-align: top; width: 20px; height: 20px;\" src=\"http:\/\/www.phys.uaic.ro\/wp\/imagini\/pdf-icon.png\" alt=\"pdf\" \/><\/p>\n<p><a href=\"https:\/\/www.phys.uaic.ro\/wp-content\/uploads\/2025\/01\/Habilitation-Thesis-Summary-in-English-GBorcia.pdf\" target=\"_blank\" rel=\"noopener\"><b>Summary of Habilitation Thesis<\/b><\/a> <img decoding=\"async\" style=\"vertical-align: top; width: 20px; height: 20px;\" src=\"http:\/\/www.phys.uaic.ro\/wp\/imagini\/pdf-icon.png\" alt=\"pdf\" \/><\/p>\n<p><a href=\"https:\/\/www.phys.uaic.ro\/wp-content\/uploads\/2025\/01\/Lista-lucrari-GBorcia-iunie-2016.pdf\" target=\"_blank\" rel=\"noopener\"><b>Lista de lucr\u0103ri<\/b><\/a> <img decoding=\"async\" style=\"vertical-align: top; width: 20px; height: 20px;\" src=\"http:\/\/www.phys.uaic.ro\/wp\/imagini\/pdf-icon.png\" alt=\"pdf\" \/><\/p>\n<p><a href=\"https:\/\/www.phys.uaic.ro\/wp-content\/uploads\/2025\/01\/Standarde_CNATDCU_GBorcia-iunie-2016.pdf\" target=\"_blank\" rel=\"noopener\"><b>Fi\u0219a de \u00eendeplinire a standardelor minimale CNATDCU<\/b><\/a> <img decoding=\"async\" style=\"vertical-align: top; width: 20px; height: 20px;\" src=\"http:\/\/www.phys.uaic.ro\/wp\/imagini\/pdf-icon.png\" alt=\"pdf\" \/><\/p>\n<p><b>Componen\u021ba comisiei de abilitare<\/b>:<\/p>\n<ul>\n<li>Prof. Dr. Aurel POP, Facultatea de Fizic\u0103, Universitatea Babe\u0219-Bolyai, Cluj-Napoca;<\/li>\n<li>C.S.I Dr. Gheorghe DINESCU, Institutul Na\u021bional de Fizica Laserilor, Plasmei \u0219i Radia\u021biei, Bucure\u0219ti;<\/li>\n<li>Prof. Dr. Dumitru LUCA, Facultatea de Fizic\u0103, Universitatea Alexandru Ioan Cuza, Ia\u0219i.<\/li>\n<\/ul>\n<p><a href=\"https:\/\/www.phys.uaic.ro\/wp-content\/uploads\/2025\/01\/raport-comisie-22.09.2016.pdf\" target=\"_blank\" rel=\"noopener\"><b>Raportul comisiei de abilitare<\/b><\/a> <img decoding=\"async\" style=\"vertical-align: top; width: 20px; height: 20px;\" src=\"http:\/\/www.phys.uaic.ro\/wp\/imagini\/pdf-icon.png\" alt=\"pdf\" \/><\/p>\n","protected":false},"excerpt":{"rendered":"<p>Sune\u021bi invita\u021bi s\u0103 participa\u021bi la sus\u021binerea public\u0103 a tezei de abilitare Materiale polimerice. Proces\u0103ri cu plasma la presiune atmosferic\u0103 elaborata de doamna Conf. Dr. Gabriela BORCIA, Universitatea Alexandru Ioan Cuza din Ia\u0219i. Prezentarea tezei va avea loc \u00een data de 22 septembrie 2016, de la ora 11 \u00een Sala L1 a Universit\u0103\u021bii Alexandru Ioan Cuza. CV Rezumatul tezei\u2026 <span class=\"read-more\"><a href=\"https:\/\/www.phys.uaic.ro\/index.php\/scoala-doctorala\/sustineri-teze-abilitare\/gabriela-borcia-abilitare\/\">Read More &raquo;<\/a><\/span><\/p>\n","protected":false},"author":3,"featured_media":0,"parent":160,"menu_order":0,"comment_status":"closed","ping_status":"closed","template":"","meta":{"footnotes":""},"class_list":["post-1214","page","type-page","status-publish","hentry"],"_links":{"self":[{"href":"https:\/\/www.phys.uaic.ro\/index.php\/wp-json\/wp\/v2\/pages\/1214","targetHints":{"allow":["GET"]}}],"collection":[{"href":"https:\/\/www.phys.uaic.ro\/index.php\/wp-json\/wp\/v2\/pages"}],"about":[{"href":"https:\/\/www.phys.uaic.ro\/index.php\/wp-json\/wp\/v2\/types\/page"}],"author":[{"embeddable":true,"href":"https:\/\/www.phys.uaic.ro\/index.php\/wp-json\/wp\/v2\/users\/3"}],"replies":[{"embeddable":true,"href":"https:\/\/www.phys.uaic.ro\/index.php\/wp-json\/wp\/v2\/comments?post=1214"}],"version-history":[{"count":0,"href":"https:\/\/www.phys.uaic.ro\/index.php\/wp-json\/wp\/v2\/pages\/1214\/revisions"}],"up":[{"embeddable":true,"href":"https:\/\/www.phys.uaic.ro\/index.php\/wp-json\/wp\/v2\/pages\/160"}],"wp:attachment":[{"href":"https:\/\/www.phys.uaic.ro\/index.php\/wp-json\/wp\/v2\/media?parent=1214"}],"curies":[{"name":"wp","href":"https:\/\/api.w.org\/{rel}","templated":true}]}}