{"id":1216,"date":"2018-02-20T09:42:40","date_gmt":"2018-02-20T09:42:40","guid":{"rendered":"http:\/\/www.phys.uaic.ro\/?page_id=1216"},"modified":"2025-01-27T11:13:15","modified_gmt":"2025-01-27T09:13:15","slug":"costica-caizer-abilitare","status":"publish","type":"page","link":"https:\/\/www.phys.uaic.ro\/index.php\/scoala-doctorala\/sustineri-teze-abilitare\/costica-caizer-abilitare\/","title":{"rendered":"Sus\u021binerea tezei de abilitare a domnului Conf. Dr. Costic\u0103 CAIZER pe 23.09.2015"},"content":{"rendered":"<p>Sune\u021bi invita\u021bi s\u0103 participa\u021bi la sus\u021binerea public\u0103 a tezei de abilitare<\/p>\n<p><b>Propriet\u0103\u021bi magnetice ale nanoparticulelor \u0219i nanocompozitelor ferimagnetice cu aplica\u021bie \u00een bionanotehnologie<\/b><\/p>\n<p>elaborata de domnul Conf. Dr. Costic\u0103 CAIZER, Universitatea de Vest din Timi\u0219oara. Prezentarea tezei va avea loc \u00een data de 23 septembrie 2015, de la ora 10 \u00een Sala L1 a Universit\u0103\u021bii Alexandru Ioan Cuza.<\/p>\n<p><a href=\"https:\/\/www.phys.uaic.ro\/wp-content\/uploads\/2025\/01\/CV_Conf-dr-C-Caizer.pdf\" target=\"_blank\" rel=\"noopener\"><b>CV Conf. Dr. Costic\u0103 CAIZER<\/b><\/a> <img decoding=\"async\" style=\"vertical-align: top; width: 20px; height: 20px;\" src=\"http:\/\/www.phys.uaic.ro\/wp\/imagini\/pdf-icon.png\" alt=\"pdf\" \/><\/p>\n<p><a href=\"https:\/\/www.phys.uaic.ro\/wp-content\/uploads\/2025\/01\/Rezumat_TEZA-DE-ABILITARE_Conf-dr-C-Caizer.pdf\" target=\"_blank\" rel=\"noopener\"><b>Rezumatul tezei de abilitare<\/b><\/a> <img decoding=\"async\" style=\"vertical-align: top; width: 20px; height: 20px;\" src=\"http:\/\/www.phys.uaic.ro\/wp\/imagini\/pdf-icon.png\" alt=\"pdf\" \/><\/p>\n<p><a href=\"https:\/\/www.phys.uaic.ro\/wp-content\/uploads\/2025\/01\/SUMMARY_Habilitation-Thesis_Conf-dr-C-Caizer.pdf\" target=\"_blank\" rel=\"noopener\"><b>Summary of Habilitation Thesis<\/b><\/a> <img decoding=\"async\" style=\"vertical-align: top; width: 20px; height: 20px;\" src=\"http:\/\/www.phys.uaic.ro\/wp\/imagini\/pdf-icon.png\" alt=\"pdf\" \/><\/p>\n<p><a href=\"https:\/\/www.phys.uaic.ro\/wp-content\/uploads\/2025\/01\/LISTA_LUCRARI_Conf-dr-C-Caizer.pdf\" target=\"_blank\" rel=\"noopener\"><b>Lista de lucr\u0103ri<\/b> <\/a><img decoding=\"async\" style=\"vertical-align: top; width: 20px; height: 20px;\" src=\"http:\/\/www.phys.uaic.ro\/wp\/imagini\/pdf-icon.png\" alt=\"pdf\" \/><\/p>\n<p><a href=\"https:\/\/www.phys.uaic.ro\/wp-content\/uploads\/2025\/01\/Fisa-de-indeplinire-standarde_Conf-dr-C-Caizer.pdf\" target=\"_blank\" rel=\"noopener\"><b>Fi\u0219a de \u00eendeplinire a standardelor minimale CNATDCU<\/b><\/a> <img decoding=\"async\" style=\"vertical-align: top; width: 20px; height: 20px;\" src=\"http:\/\/www.phys.uaic.ro\/wp\/imagini\/pdf-icon.png\" alt=\"pdf\" \/><\/p>\n<p><a href=\"https:\/\/www.phys.uaic.ro\/wp-content\/uploads\/2025\/01\/SUMMARY_Habilitation-Thesis_Conf-dr-C-Caizer.pdf\"><b>Componen\u021ba comisiei de abilitare<\/b><\/a> <img decoding=\"async\" style=\"vertical-align: top; width: 20px; height: 20px;\" src=\"http:\/\/www.phys.uaic.ro\/wp\/imagini\/pdf-icon.png\" alt=\"pdf\" \/>:<\/p>\n<ul>\n<li>Prof. Dr. Romulus TETEAN, Universitatea Babe\u0219-Bolyai, Cluj-Napoca;<\/li>\n<li>Prof. Dr. Ionel CHICINA\u0218, Universitatea Tehnic\u0103, Cluj-Napoca;<\/li>\n<li>Prof. Dr. Maria NEAGU, Universitatea Alexandru Ioan Cuza, Ia\u0219i.<\/li>\n<\/ul>\n<p><b>Raportul comisiei de abilitare<\/b> <img decoding=\"async\" style=\"vertical-align: top; width: 20px; height: 20px;\" src=\"http:\/\/www.phys.uaic.ro\/wp\/imagini\/pdf-icon.png\" alt=\"pdf\" \/><\/p>\n","protected":false},"excerpt":{"rendered":"<p>Sune\u021bi invita\u021bi s\u0103 participa\u021bi la sus\u021binerea public\u0103 a tezei de abilitare Propriet\u0103\u021bi magnetice ale nanoparticulelor \u0219i nanocompozitelor ferimagnetice cu aplica\u021bie \u00een bionanotehnologie elaborata de domnul Conf. Dr. Costic\u0103 CAIZER, Universitatea de Vest din Timi\u0219oara. Prezentarea tezei va avea loc \u00een data de 23 septembrie 2015, de la ora 10 \u00een Sala L1 a Universit\u0103\u021bii Alexandru Ioan Cuza. CV\u2026 <span class=\"read-more\"><a href=\"https:\/\/www.phys.uaic.ro\/index.php\/scoala-doctorala\/sustineri-teze-abilitare\/costica-caizer-abilitare\/\">Read More &raquo;<\/a><\/span><\/p>\n","protected":false},"author":3,"featured_media":0,"parent":160,"menu_order":0,"comment_status":"closed","ping_status":"closed","template":"","meta":{"footnotes":""},"class_list":["post-1216","page","type-page","status-publish","hentry"],"_links":{"self":[{"href":"https:\/\/www.phys.uaic.ro\/index.php\/wp-json\/wp\/v2\/pages\/1216","targetHints":{"allow":["GET"]}}],"collection":[{"href":"https:\/\/www.phys.uaic.ro\/index.php\/wp-json\/wp\/v2\/pages"}],"about":[{"href":"https:\/\/www.phys.uaic.ro\/index.php\/wp-json\/wp\/v2\/types\/page"}],"author":[{"embeddable":true,"href":"https:\/\/www.phys.uaic.ro\/index.php\/wp-json\/wp\/v2\/users\/3"}],"replies":[{"embeddable":true,"href":"https:\/\/www.phys.uaic.ro\/index.php\/wp-json\/wp\/v2\/comments?post=1216"}],"version-history":[{"count":0,"href":"https:\/\/www.phys.uaic.ro\/index.php\/wp-json\/wp\/v2\/pages\/1216\/revisions"}],"up":[{"embeddable":true,"href":"https:\/\/www.phys.uaic.ro\/index.php\/wp-json\/wp\/v2\/pages\/160"}],"wp:attachment":[{"href":"https:\/\/www.phys.uaic.ro\/index.php\/wp-json\/wp\/v2\/media?parent=1216"}],"curies":[{"name":"wp","href":"https:\/\/api.w.org\/{rel}","templated":true}]}}