{"id":1218,"date":"2018-02-20T09:44:09","date_gmt":"2018-02-20T09:44:09","guid":{"rendered":"http:\/\/www.phys.uaic.ro\/?page_id=1218"},"modified":"2025-01-27T11:23:42","modified_gmt":"2025-01-27T09:23:42","slug":"laurentiu-stoleriu-abilitare","status":"publish","type":"page","link":"https:\/\/www.phys.uaic.ro\/index.php\/scoala-doctorala\/sustineri-teze-abilitare\/laurentiu-stoleriu-abilitare\/","title":{"rendered":"Sus\u021binerea tezei de abilitare a domnului Conf. Dr. Lauren\u021biu STOLERIU pe 29.08.2014"},"content":{"rendered":"<p>Sune\u021bi invita\u021bi s\u0103 participa\u021bi la sus\u021binerea public\u0103 a tezei de abilitare<\/p>\n<p><b>Contributions to modeling and simultion of physical processes with hysteresis<\/b><\/p>\n<p>elaborat\u0103 de domnul Conf. Dr. Lauren\u021biu STOLERIU, Universitatea Alexandru Ioan Cuza din Ia\u0219i. Prezentarea tezei va avea loc \u00een data de 29 august 2014, de la ora 13 \u00een Sala de conferin\u021be Ferdinand a Universit\u0103\u021bii Alexandru Ioan Cuza.<\/p>\n<p><a href=\"https:\/\/www.phys.uaic.ro\/wp-content\/uploads\/2025\/01\/1_LS_abilitare_Thesis_LStoleriu_summary.pdf\" target=\"_blank\" rel=\"noopener\"><b>Rezumatul tezei de abilitare<\/b><\/a> <img decoding=\"async\" style=\"vertical-align: top; width: 20px; height: 20px;\" src=\"http:\/\/www.phys.uaic.ro\/wp\/imagini\/pdf-icon.png\" alt=\"pdf\" \/><\/p>\n<p><a href=\"https:\/\/www.phys.uaic.ro\/wp-content\/uploads\/2025\/01\/2_LS_abilitare_Lista_lucrarilor_Laurentiu_Stoleriu_2014_EN.pdf\" target=\"_blank\" rel=\"noopener\"><b>Lista de lucr\u0103ri<\/b><\/a> <img decoding=\"async\" style=\"vertical-align: top; width: 20px; height: 20px;\" src=\"http:\/\/www.phys.uaic.ro\/wp\/imagini\/pdf-icon.png\" alt=\"pdf\" \/><\/p>\n<p><a href=\"https:\/\/www.phys.uaic.ro\/wp-content\/uploads\/2025\/01\/3_LS_abilitare_Fise_de_indeplinire_criteri_Laurentiu_Stoleriu_2_Indicatorii_I_si_P.pdf\" target=\"_blank\" rel=\"noopener\"><b>Fi\u0219a de \u00eendeplinire a standardelor minimale &#8211; indicatori I \u0219i P (articole publicate)<\/b> <\/a><img decoding=\"async\" style=\"vertical-align: top; width: 20px; height: 20px;\" src=\"http:\/\/www.phys.uaic.ro\/wp\/imagini\/pdf-icon.png\" alt=\"pdf\" \/><\/p>\n<p><a href=\"https:\/\/www.phys.uaic.ro\/wp-content\/uploads\/2025\/01\/4_LS_abilitare_Fise_de_indeplinire_criteri_Laurentiu_Stoleriu_3_Indicatorul_C.pdf\" target=\"_blank\" rel=\"noopener\"><b>Fi\u0219a de \u00eendeplinire a standardelor minimale &#8211; indicator C (citari)<\/b><\/a> <img decoding=\"async\" style=\"vertical-align: top; width: 20px; height: 20px;\" src=\"http:\/\/www.phys.uaic.ro\/wp\/imagini\/pdf-icon.png\" alt=\"pdf\" \/><\/p>\n<p><b>Componen\u021ba comisiei de abilitare<\/b><\/p>\n<ul>\n<li>Prof. Dr. Leonard SPINU, Advanced Materials Research Institute &#8211; AMRI, New Orleans, Statele Unite Ale Americii;<\/li>\n<li>Prof. Dr. Simion \u015eIMON, Universitatea Babe\u0219-Bolyai, Cluj-Napoca;<\/li>\n<li>C.P.I Dr. Horia CHIRIAC, Institutul Na\u0163ional de Cercetare-Dezvoltare pentru Fizic\u0103 Tehnic\u0103 &#8211; IFT, Ia\u015fi.<\/li>\n<\/ul>\n<p><a href=\"https:\/\/www.phys.uaic.ro\/wp-content\/uploads\/2025\/01\/5_LS_abilitare_Raport_comisie.pdf\" target=\"_blank\" rel=\"noopener\"><b>Raportul comisiei de abilitare<\/b><\/a> <img decoding=\"async\" style=\"vertical-align: top; width: 20px; height: 20px;\" src=\"http:\/\/www.phys.uaic.ro\/wp\/imagini\/pdf-icon.png\" alt=\"pdf\" \/><\/p>\n","protected":false},"excerpt":{"rendered":"<p>Sune\u021bi invita\u021bi s\u0103 participa\u021bi la sus\u021binerea public\u0103 a tezei de abilitare Contributions to modeling and simultion of physical processes with hysteresis elaborat\u0103 de domnul Conf. Dr. Lauren\u021biu STOLERIU, Universitatea Alexandru Ioan Cuza din Ia\u0219i. Prezentarea tezei va avea loc \u00een data de 29 august 2014, de la ora 13 \u00een Sala de conferin\u021be Ferdinand a Universit\u0103\u021bii Alexandru Ioan\u2026 <span class=\"read-more\"><a href=\"https:\/\/www.phys.uaic.ro\/index.php\/scoala-doctorala\/sustineri-teze-abilitare\/laurentiu-stoleriu-abilitare\/\">Read More &raquo;<\/a><\/span><\/p>\n","protected":false},"author":3,"featured_media":0,"parent":160,"menu_order":0,"comment_status":"closed","ping_status":"closed","template":"","meta":{"footnotes":""},"class_list":["post-1218","page","type-page","status-publish","hentry"],"_links":{"self":[{"href":"https:\/\/www.phys.uaic.ro\/index.php\/wp-json\/wp\/v2\/pages\/1218","targetHints":{"allow":["GET"]}}],"collection":[{"href":"https:\/\/www.phys.uaic.ro\/index.php\/wp-json\/wp\/v2\/pages"}],"about":[{"href":"https:\/\/www.phys.uaic.ro\/index.php\/wp-json\/wp\/v2\/types\/page"}],"author":[{"embeddable":true,"href":"https:\/\/www.phys.uaic.ro\/index.php\/wp-json\/wp\/v2\/users\/3"}],"replies":[{"embeddable":true,"href":"https:\/\/www.phys.uaic.ro\/index.php\/wp-json\/wp\/v2\/comments?post=1218"}],"version-history":[{"count":0,"href":"https:\/\/www.phys.uaic.ro\/index.php\/wp-json\/wp\/v2\/pages\/1218\/revisions"}],"up":[{"embeddable":true,"href":"https:\/\/www.phys.uaic.ro\/index.php\/wp-json\/wp\/v2\/pages\/160"}],"wp:attachment":[{"href":"https:\/\/www.phys.uaic.ro\/index.php\/wp-json\/wp\/v2\/media?parent=1218"}],"curies":[{"name":"wp","href":"https:\/\/api.w.org\/{rel}","templated":true}]}}