{"id":12368,"date":"2021-05-04T03:50:38","date_gmt":"2021-05-04T03:50:38","guid":{"rendered":"https:\/\/www.phys.uaic.ro\/?page_id=12368"},"modified":"2025-01-23T11:10:57","modified_gmt":"2025-01-23T09:10:57","slug":"sesiunea-septembrie-2016","status":"publish","type":"page","link":"https:\/\/www.phys.uaic.ro\/index.php\/scoala-doctorala\/admitere-doctorat\/sesiunea-septembrie-2016\/","title":{"rendered":"Sesiunea septembrie 2016"},"content":{"rendered":"<p><b>Calendarul admiterii la doctorat<\/b> pentru anul universitar 2016- 2017:<\/p>\n<ul>\n<li>\u00eenscrierea candida\u0163ilor: 1 \u2013 09 septembrie;<\/li>\n<li>selec\u0163ia candida\u0163ilor : 12 \u2013 14 septembrie;<\/li>\n<li>afi\u015farea rezultatelor: 15 septembrie;<\/li>\n<li>contesta\u0163ii (doar pentru proba scris\u0103): 16 septembrie;<\/li>\n<li>afi\u015farea rezultatelor finale: 17 septembrie.<\/li>\n<\/ul>\n<p>Cuantumul taxei de admitere: 200 RON.<\/p>\n<p><b>Examenul de admitere<\/b> consta din 3 probe:<\/p>\n<ul>\n<li><b>proba scrisa<\/b> \u2013 din subiectele subiectele stabilite de catre conducatorul de doctorat ales;<\/li>\n<li><b>proba orala 1<\/b>;<\/li>\n<li><b>proba orala 2<\/b>.<\/li>\n<\/ul>\n<p>Media de admitere este data de media aritmetica a celor 3 probe<\/p>\n<p><b>Programarea probelor:<\/b><\/p>\n<ul>\n<li>Proba scrisa: Luni, 12.09.2016, ora 13.00,sala L1;<\/li>\n<li>Probele orale:Marti,13.09.2016, ora 10.00, sala L1.<\/li>\n<\/ul>\n<p><b>Proba orala 1<\/b>:<\/p>\n<ul>\n<li>prezentarea stadiului actual al cercet\u00e3rilor \u00een domeniul ales;<\/li>\n<li>motivatie referitoare la alegerea temei pe care si-o propune pentru teza de doctorat.<\/li>\n<\/ul>\n<p><b>Proba orala 2<\/b>:<\/p>\n<ul>\n<li>Prezentarea in rezumat a rezultatelor stiintifice anterioare.<\/li>\n<\/ul>\n<p>Prezentarea orala va fi de aproximativ 10min, si se va desfasura sub forma unei discutii libere.<\/p>\n<p>Candidatii vor mentiona la inscriere conducatorul de doctorat pentru care opteaza.<\/p>\n<p>Dintre subiectele propuse de fiecare conducator vor fi extrase pentru teza 2 subiecte in prezenta candidatilor.<\/p>\n<p>Dupa aflarea subiectelor, comisia de admitere va face baremul de corectare care va fi afisat.<\/p>\n<p><b>Criterii de departajare<\/b> pentru candidati: media aritmetica a notelor de la examenul de licenta si dizertatie.<\/p>\n<p>Propunere privind repartizarea numarului de locuri pentru admiterea la doctorat &#8211; sesiunea septembrie 2016<\/p>\n<p><b>Rezultatele admiterii<\/b><\/p>\n<ul>\n<li>Lista candidatilor admisi la doctorat &#8211; sesiunea septembrie 2016<\/li>\n<\/ul>\n<p>Metodologia UAIC privind organizarea \u0219i desf\u0103\u0219urarea admiterii \u00een ciclul de studii universitare de doctorat pentru anul universitar 2016-2017<\/p>\n","protected":false},"excerpt":{"rendered":"<p>Calendarul admiterii la doctorat pentru anul universitar 2016- 2017: \u00eenscrierea candida\u0163ilor: 1 \u2013 09 septembrie; selec\u0163ia candida\u0163ilor : 12 \u2013 14 septembrie; afi\u015farea rezultatelor: 15 septembrie; contesta\u0163ii (doar pentru proba scris\u0103): 16 septembrie; afi\u015farea rezultatelor finale: 17 septembrie. Cuantumul taxei de admitere: 200 RON. Examenul de admitere consta din 3 probe: proba scrisa \u2013 din subiectele subiectele stabilite\u2026 <span class=\"read-more\"><a href=\"https:\/\/www.phys.uaic.ro\/index.php\/scoala-doctorala\/admitere-doctorat\/sesiunea-septembrie-2016\/\">Read More &raquo;<\/a><\/span><\/p>\n","protected":false},"author":3,"featured_media":0,"parent":152,"menu_order":0,"comment_status":"closed","ping_status":"closed","template":"","meta":{"footnotes":""},"class_list":["post-12368","page","type-page","status-publish","hentry"],"_links":{"self":[{"href":"https:\/\/www.phys.uaic.ro\/index.php\/wp-json\/wp\/v2\/pages\/12368","targetHints":{"allow":["GET"]}}],"collection":[{"href":"https:\/\/www.phys.uaic.ro\/index.php\/wp-json\/wp\/v2\/pages"}],"about":[{"href":"https:\/\/www.phys.uaic.ro\/index.php\/wp-json\/wp\/v2\/types\/page"}],"author":[{"embeddable":true,"href":"https:\/\/www.phys.uaic.ro\/index.php\/wp-json\/wp\/v2\/users\/3"}],"replies":[{"embeddable":true,"href":"https:\/\/www.phys.uaic.ro\/index.php\/wp-json\/wp\/v2\/comments?post=12368"}],"version-history":[{"count":0,"href":"https:\/\/www.phys.uaic.ro\/index.php\/wp-json\/wp\/v2\/pages\/12368\/revisions"}],"up":[{"embeddable":true,"href":"https:\/\/www.phys.uaic.ro\/index.php\/wp-json\/wp\/v2\/pages\/152"}],"wp:attachment":[{"href":"https:\/\/www.phys.uaic.ro\/index.php\/wp-json\/wp\/v2\/media?parent=12368"}],"curies":[{"name":"wp","href":"https:\/\/api.w.org\/{rel}","templated":true}]}}