{"id":12376,"date":"2021-05-04T08:49:30","date_gmt":"2021-05-04T08:49:30","guid":{"rendered":"https:\/\/www.phys.uaic.ro\/?page_id=12376"},"modified":"2025-01-23T11:17:14","modified_gmt":"2025-01-23T09:17:14","slug":"sesiunea-septembrie-2015","status":"publish","type":"page","link":"https:\/\/www.phys.uaic.ro\/index.php\/scoala-doctorala\/admitere-doctorat\/sesiunea-septembrie-2015\/","title":{"rendered":"Sesiunea septembrie 2015"},"content":{"rendered":"<p><b>Calendarul admiterii la doctorat<\/b> pentru anul universitar 2015-2016:<\/p>\n<ul>\n<li>\u00eenscrierea candida\u0163ilor: 1 \u2013 11 septembrie;<\/li>\n<li>selec\u0163ia candida\u0163ilor: 14 \u2013 16 septembrie;<\/li>\n<li>afi\u015farea rezultatelor: 17 septembrie;<\/li>\n<li>contesta\u0163ii (doar pentru proba scris\u0103): 18 septembrie;<\/li>\n<li>afi\u015farea rezultatelor finale: 19 septembrie.<\/li>\n<\/ul>\n<p><b>Examenul de admitere<\/b> consta din 3 probe:<\/p>\n<ul>\n<li><b>proba scrisa<\/b> \u2013 din subiectele subiectele stabilite de catre conducatorul de doctorat ales;<\/li>\n<li><b>proba orala 1<\/b>;<\/li>\n<li><b>proba orala 2<\/b>.<\/li>\n<\/ul>\n<p>Media de admitere este data de media aritmetica a celor 3 probe.<\/p>\n<p><b>Proba orala 1<\/b>:<\/p>\n<ul>\n<li>prezentarea stadiului actual al cercet\u00e3rilor \u00een domeniul ales;<\/li>\n<li>motivatie referitoare la alegerea temei pe care si-o propune pentru teza de doctorat.<\/li>\n<\/ul>\n<p><b>Proba orala 2<\/b>:<\/p>\n<ul>\n<li>Prezentarea in rezumat a rezultatelor stiintifice anterioare.<\/li>\n<\/ul>\n<p>Prezentarea orala va fi de aproximativ 10min, si se va desfasura sub forma unei discutii libere.<\/p>\n<p>Candidatii vor mentiona la inscriere conducatorul de doctorat pentru care opteaza.<\/p>\n<p>Dintre subiectele propuse de fiecare conducator vor fi extrase pentru teza 2 subiecte in prezenta candidatilor.<\/p>\n<p>Dupa aflarea subiectelor, comisia de admitere va face baremul de corectare care va fi afisat.<\/p>\n<p><b>Criterii de departajare<\/b> pentru candidatii care au obtinut aceeasi medie de admitere la doctorat: media aritmetica a notelor de la examenul de licenta si dizertatie.<\/p>\n<p>Propunerea privind distribuirea locurilor bugetate pentru admiterea la studii universitare de doctorat din sesiunea septembrie 2015<\/p>\n<p><b>Rezultatele admiterii<\/b><\/p>\n<ul>\n<li>Candida\u0163ii declara\u0163i admi\u015fi la \u0218coala Doctoral\u0103 a Facult\u0103\u0163ii de Fizic\u0103 &#8211; sesiuea septembrie 2015<\/li>\n<\/ul>\n<p>Metodologia UAIC privind organizarea \u0219i desf\u0103\u0219urarea admiterii \u00een ciclul de studii universitare de doctorat pentru anul universitar 2015-2016<\/p>\n","protected":false},"excerpt":{"rendered":"<p>Calendarul admiterii la doctorat pentru anul universitar 2015-2016: \u00eenscrierea candida\u0163ilor: 1 \u2013 11 septembrie; selec\u0163ia candida\u0163ilor: 14 \u2013 16 septembrie; afi\u015farea rezultatelor: 17 septembrie; contesta\u0163ii (doar pentru proba scris\u0103): 18 septembrie; afi\u015farea rezultatelor finale: 19 septembrie. Examenul de admitere consta din 3 probe: proba scrisa \u2013 din subiectele subiectele stabilite de catre conducatorul de doctorat ales; proba orala\u2026 <span class=\"read-more\"><a href=\"https:\/\/www.phys.uaic.ro\/index.php\/scoala-doctorala\/admitere-doctorat\/sesiunea-septembrie-2015\/\">Read More &raquo;<\/a><\/span><\/p>\n","protected":false},"author":3,"featured_media":0,"parent":152,"menu_order":0,"comment_status":"closed","ping_status":"closed","template":"","meta":{"footnotes":""},"class_list":["post-12376","page","type-page","status-publish","hentry"],"_links":{"self":[{"href":"https:\/\/www.phys.uaic.ro\/index.php\/wp-json\/wp\/v2\/pages\/12376","targetHints":{"allow":["GET"]}}],"collection":[{"href":"https:\/\/www.phys.uaic.ro\/index.php\/wp-json\/wp\/v2\/pages"}],"about":[{"href":"https:\/\/www.phys.uaic.ro\/index.php\/wp-json\/wp\/v2\/types\/page"}],"author":[{"embeddable":true,"href":"https:\/\/www.phys.uaic.ro\/index.php\/wp-json\/wp\/v2\/users\/3"}],"replies":[{"embeddable":true,"href":"https:\/\/www.phys.uaic.ro\/index.php\/wp-json\/wp\/v2\/comments?post=12376"}],"version-history":[{"count":0,"href":"https:\/\/www.phys.uaic.ro\/index.php\/wp-json\/wp\/v2\/pages\/12376\/revisions"}],"up":[{"embeddable":true,"href":"https:\/\/www.phys.uaic.ro\/index.php\/wp-json\/wp\/v2\/pages\/152"}],"wp:attachment":[{"href":"https:\/\/www.phys.uaic.ro\/index.php\/wp-json\/wp\/v2\/media?parent=12376"}],"curies":[{"name":"wp","href":"https:\/\/api.w.org\/{rel}","templated":true}]}}