{"id":124,"date":"2018-02-14T12:26:52","date_gmt":"2018-02-14T12:26:52","guid":{"rendered":"http:\/\/www.phys.uaic.ro\/?page_id=124"},"modified":"2024-09-29T13:22:04","modified_gmt":"2024-09-29T10:22:04","slug":"orar-balti","status":"publish","type":"page","link":"https:\/\/www.phys.uaic.ro\/index.php\/extensiunea-balti\/orar-balti\/","title":{"rendered":"Orar Fizic\u0103 tehnologic\u0103 &#8211; Extensiunea B\u0103l\u021bi"},"content":{"rendered":"<h1><span style=\"font-size: 18pt;\">Semestrul I (2024-2025)<\/span><\/h1>\n<h3 style=\"text-align: center;\"><span style=\"color: #ff0000;\">Aten\u021bie!<\/span><br \/>\n<span style=\"color: #ff0000;\">\u00cen primele s\u0103pt\u0103m\u00e2ni vor fi efectuate modific\u0103ri frecvente la orar!!!<\/span><\/h3>\n<h4><strong>Licen\u021b\u0103 Fizic\u0103 tehnologic\u0103 Extensia B\u0103l\u021bi<\/strong><\/h4>\n<ul>\n<li><a href=\"https:\/\/www.phys.uaic.ro\/wp-content\/uploads\/2024\/09\/Orar_sem1_Balti_an1_2024-2025.pdf\" target=\"_blank\" rel=\"noopener\">Anul 1<\/a><\/li>\n<li><a href=\"https:\/\/www.phys.uaic.ro\/wp-content\/uploads\/2024\/09\/Orar_sem1_Balti_an2_2024-2025.pdf\" target=\"_blank\" rel=\"noopener\">Anul 2<\/a><\/li>\n<li><a href=\"https:\/\/www.phys.uaic.ro\/wp-content\/uploads\/2024\/09\/Orar_sem1_Balti_an3_2024-2025.pdf\" target=\"_blank\" rel=\"noopener\">Anul 3<\/a><\/li>\n<li>Anul 4<\/li>\n<\/ul>\n<h4><strong>Master Extensia B\u0103l\u021bi<\/strong><\/h4>\n<ul>\n<li><a href=\"https:\/\/www.phys.uaic.ro\/wp-content\/uploads\/2024\/09\/Orar_sem1_Balti_M1_2024-2025.pdf\" target=\"_blank\" rel=\"noopener\">Anul 1<\/a><\/li>\n<li><a href=\"https:\/\/www.phys.uaic.ro\/wp-content\/uploads\/2024\/09\/Orar_sem1_Balti_M2_2024-2025.pdf\" target=\"_blank\" rel=\"noopener\">Anul 2<\/a><\/li>\n<\/ul>\n<h3><span style=\"color: #000000;\"><b>Semestrul II (2023-2024)<\/b><\/span><\/h3>\n<table style=\"border-collapse: collapse; font-size: 14px; color: black; width: 87.6993%;\">\n<tbody>\n<tr>\n<td style=\"border: 1px solid black; background-color: #e6e6e6; text-align: center; width: 40.4063%;\">Ciclul de studii \/ Specializari<\/td>\n<td style=\"border: 1px solid black; background-color: #e6e6e6; text-align: center; width: 59.368%;\" colspan=\"4\">Ani de studiu<\/td>\n<\/tr>\n<tr>\n<td style=\"border: 1px solid black; background-color: #e6e6e6; width: 40.4063%;\">Licen\u0163\u0103 \/ Fizic\u0103 Tehnologic\u0103<\/td>\n<td style=\"border: 1px solid black; background-color: #e6e6e6; text-align: center; width: 13.5532%;\"><a href=\"https:\/\/www.phys.uaic.ro\/wp-content\/uploads\/2024\/02\/Orar_sem2_FT1_Balti_2024.pdf\" target=\"_blank\" rel=\"noopener\">Anul 1<\/a><\/td>\n<td style=\"border: 1px solid black; background-color: #e6e6e6; text-align: center; width: 13.5522%;\"><a href=\"https:\/\/www.phys.uaic.ro\/wp-content\/uploads\/2024\/02\/Orar_sem2_FT2_Balti_2024.pdf\" target=\"_blank\" rel=\"noopener\">Anul 2<\/a><\/td>\n<td style=\"border: 1px solid black; background-color: #e6e6e6; text-align: center; width: 18.7328%;\"><a href=\"https:\/\/www.phys.uaic.ro\/orar\/Orar_Fizica_groups_days_horizontal.html#table_29\" target=\"_blank\" rel=\"noopener\">Anul 3<\/a><\/td>\n<td style=\"border: 1px solid black; background-color: #e6e6e6; text-align: center; width: 13.5298%;\"><a href=\"https:\/\/www.phys.uaic.ro\/wp-content\/uploads\/2024\/02\/Orar_sem2_FT4_Balti_2024.pdf\" target=\"_blank\" rel=\"noopener\">Anul 4<\/a><\/td>\n<\/tr>\n<\/tbody>\n<\/table>\n<table style=\"border-collapse: collapse; font-size: 14px; color: black; width: 87.4771%;\">\n<tbody>\n<tr>\n<td style=\"border: 1px solid black; background-color: #e6e6e6; width: 56.746%;\">Master \/ Fizic\u0103 aplicat\u0103 \u00een tehnologiile informa\u021biei \u0219i comunica\u021bii<\/td>\n<td style=\"border: 1px solid black; background-color: #e6e6e6; text-align: center; width: 17.6587%;\"><a href=\"https:\/\/www.phys.uaic.ro\/wp-content\/uploads\/2024\/02\/Orar_sem2_M1_Balti_2024.pdf\" target=\"_blank\" rel=\"noopener\">Anul 1<\/a><\/td>\n<td style=\"border: 1px solid black; background-color: #e6e6e6; text-align: center; width: 13.0297%;\">Anul 2<\/td>\n<\/tr>\n<\/tbody>\n<\/table>\n<p>&nbsp;<\/p>\n<h3><span style=\"color: #000000;\"><b>Semestrul I (2023-2024)<\/b><\/span><\/h3>\n<table style=\"border-collapse: collapse; font-size: 14px; color: black; width: 87.6993%;\">\n<tbody>\n<tr>\n<td style=\"border: 1px solid black; background-color: #e6e6e6; text-align: center; width: 40.4063%;\">Ciclul de studii \/ Specializari<\/td>\n<td style=\"border: 1px solid black; background-color: #e6e6e6; text-align: center; width: 59.368%;\" colspan=\"4\">Ani de studiu<\/td>\n<\/tr>\n<tr>\n<td style=\"border: 1px solid black; background-color: #e6e6e6; width: 40.4063%;\">Licen\u0163\u0103 \/ Fizic\u0103 Tehnologic\u0103<\/td>\n<td style=\"border: 1px solid black; background-color: #e6e6e6; text-align: center; width: 13.5532%;\"><a href=\"https:\/\/www.phys.uaic.ro\/wp-content\/uploads\/2023\/09\/orar_FT1_Balti.pdf\" target=\"_blank\" rel=\"noopener\">Anul 1<\/a><\/td>\n<td style=\"border: 1px solid black; background-color: #e6e6e6; text-align: center; width: 13.5522%;\"><a href=\"https:\/\/www.phys.uaic.ro\/wp-content\/uploads\/2023\/09\/orar_FT2_Balti.pdf\" target=\"_blank\" rel=\"noopener\">Anul 2<\/a><\/td>\n<td style=\"border: 1px solid black; background-color: #e6e6e6; text-align: center; width: 18.7328%;\"><a href=\"https:\/\/www.phys.uaic.ro\/orar\/Orar_Fizica_groups_days_horizontal.html#table_29\" target=\"_blank\" rel=\"noopener\">Anul 3<\/a><\/td>\n<td style=\"border: 1px solid black; background-color: #e6e6e6; text-align: center; width: 13.5298%;\"><a href=\"https:\/\/www.phys.uaic.ro\/wp-content\/uploads\/2023\/09\/orar_FT4_Balti.pdf\" target=\"_blank\" rel=\"noopener\">Anul 4<\/a><\/td>\n<\/tr>\n<\/tbody>\n<\/table>\n<table style=\"border-collapse: collapse; font-size: 14px; color: black; width: 87.4771%;\">\n<tbody>\n<tr>\n<td style=\"border: 1px solid black; background-color: #e6e6e6; width: 56.746%;\">Master \/ Fizic\u0103 aplicat\u0103 \u00een tehnologiile informa\u021biei \u0219i comunica\u021bii<\/td>\n<td style=\"border: 1px solid black; background-color: #e6e6e6; text-align: center; width: 17.6587%;\"><a href=\"https:\/\/www.phys.uaic.ro\/wp-content\/uploads\/2023\/09\/orar_FATIC1_Balti.pdf\" target=\"_blank\" rel=\"noopener\">Anul 1<\/a><\/td>\n<td style=\"border: 1px solid black; background-color: #e6e6e6; text-align: center; width: 13.0297%;\"><a href=\"https:\/\/www.phys.uaic.ro\/wp-content\/uploads\/2023\/09\/orar_FATIC2_Balti.pdf\" target=\"_blank\" rel=\"noopener\">Anul 2<\/a><\/td>\n<\/tr>\n<\/tbody>\n<\/table>\n<h3><b><span style=\"color: #ff0000;\">Semestrul II (2021-2022)<\/span><\/b><\/h3>\n<p><b><span style=\"color: #ff0000;\">ATEN\u021aIE!!!!\u00a0<\/span><\/b><\/p>\n<p><strong>Orar luna <span style=\"color: #ff0000;\">MAI 2022. Cursuri\/seminarii sus\u021binute fa\u021b\u0103 \u00een fa\u021b\u0103 prin deplasarea profesorilor la B\u0103l\u021bi.<\/span><\/strong><\/p>\n<p><b>Ultima actualizare: <span style=\"color: #ff0000;\">02.05.2022 ora 13:30<\/span>.<br \/>\nDup\u0103 accesul la fi\u0219ierele pdf v\u0103 rog s\u0103 face\u021bi reload \u00een browser pentru a afi\u0219a varianta actualizat\u0103 \u0219i nu cea din cache.<\/b><\/p>\n<table style=\"border-collapse: collapse; font-size: 14px; color: black; width: 85.92418247511728%; height: 84px;\">\n<tbody>\n<tr style=\"height: 42px;\">\n<td style=\"border: 1px solid black; background-color: #e6e6e6; text-align: center; width: 37.136929460580916%; height: 42px;\">Ciclul de studii \/ Specializari<\/td>\n<td style=\"border: 1px solid black; background-color: #e6e6e6; text-align: center; width: 157.3779593716332%; height: 42px;\" colspan=\"4\">Ani de studiu<\/td>\n<\/tr>\n<tr style=\"height: 42px;\">\n<td style=\"border: 1px solid black; background-color: #e6e6e6; width: 37.136929460580916%; height: 42px;\">Licen\u0163\u0103 \/ Fizic\u0103 Tehnologic\u0103 <span style=\"color: #ff0000;\"><strong>(MAI 2022)<\/strong><\/span><\/td>\n<td style=\"border: 1px solid black; background-color: #e6e6e6; text-align: center; width: 15.897786130546248%; height: 42px;\"><a href=\"https:\/\/www.phys.uaic.ro\/wp-content\/uploads\/2022\/05\/lic1_mai.pdf\" target=\"_blank\" rel=\"noopener\">Anul I<\/a><\/td>\n<td style=\"border: 1px solid black; background-color: #e6e6e6; text-align: center; width: 13.452490494626643%; height: 42px;\"><a href=\"https:\/\/www.phys.uaic.ro\/wp-content\/uploads\/2022\/05\/lic2_mai.pdf\" target=\"_blank\" rel=\"noopener\">Anul al II-lea<\/a><\/td>\n<td style=\"border: 1px solid black; background-color: #e6e6e6; text-align: center; width: 15.048063623789767%; height: 42px;\"><a href=\"https:\/\/www.phys.uaic.ro\/wp-content\/uploads\/2022\/05\/lic3_mai.pdf\" target=\"_blank\" rel=\"noopener\">Anul al III-lea<\/a><\/td>\n<td style=\"border: 1px solid black; background-color: #e6e6e6; text-align: center; width: 112.97961912267054%; height: 42px;\"><a href=\"https:\/\/www.phys.uaic.ro\/wp-content\/uploads\/2022\/05\/lic4_mai.pdf\" target=\"_blank\" rel=\"noopener\">Anul al IV-lea<\/a><\/td>\n<\/tr>\n<\/tbody>\n<\/table>\n<p>&nbsp;<\/p>\n<table style=\"border-collapse: collapse; font-size: 14px; color: black; width: 85.92418247511728%; height: 84px;\">\n<tbody>\n<tr style=\"height: 42px;\">\n<td style=\"border: 1px solid black; background-color: #e6e6e6; text-align: center; width: 37.136929460580916%; height: 42px;\">Ciclul de studii \/ Specializari<\/td>\n<td style=\"border: 1px solid black; background-color: #e6e6e6; text-align: center; width: 157.3779593716332%; height: 42px;\" colspan=\"4\">Ani de studiu<\/td>\n<\/tr>\n<tr style=\"height: 42px;\">\n<td style=\"border: 1px solid black; background-color: #e6e6e6; width: 37.136929460580916%; height: 42px;\">Licen\u0163\u0103 \/ Fizic\u0103 Tehnologic\u0103 <span style=\"color: #ff0000;\"><strong>(APRILIE 2022)<\/strong><\/span><\/td>\n<td style=\"border: 1px solid black; background-color: #e6e6e6; text-align: center; width: 15.897786130546248%; height: 42px;\"><a href=\"https:\/\/www.phys.uaic.ro\/wp-content\/uploads\/2022\/03\/Orar_sem2_FT1_Balti_2022_offline.pdf\" target=\"_blank\" rel=\"noopener\">Anul I<\/a><\/td>\n<td style=\"border: 1px solid black; background-color: #e6e6e6; text-align: center; width: 13.452490494626643%; height: 42px;\"><a href=\"https:\/\/www.phys.uaic.ro\/wp-content\/uploads\/2022\/03\/Orar_sem2_FT2_Balti_2022_offline.pdf\" target=\"_blank\" rel=\"noopener\">Anul al II-lea<\/a><\/td>\n<td style=\"border: 1px solid black; background-color: #e6e6e6; text-align: center; width: 15.048063623789767%; height: 42px;\"><a href=\"https:\/\/www.phys.uaic.ro\/wp-content\/uploads\/2022\/03\/Orar_sem2_FT3_Balti_2022_offline.pdf\" target=\"_blank\" rel=\"noopener\">Anul al III-lea<\/a><\/td>\n<td style=\"border: 1px solid black; background-color: #e6e6e6; text-align: center; width: 112.97961912267054%; height: 42px;\"><a href=\"https:\/\/www.phys.uaic.ro\/wp-content\/uploads\/2022\/03\/Orar_sem2_FT4_Balti_2022_offline.pdf\" target=\"_blank\" rel=\"noopener\">Anul al IV-lea<\/a><\/td>\n<\/tr>\n<\/tbody>\n<\/table>\n<p>&nbsp;<\/p>\n<table style=\"border-collapse: collapse; font-size: 14px; color: black; width: 85.92418247511728%; height: 84px;\">\n<tbody>\n<tr style=\"height: 42px;\">\n<td style=\"border: 1px solid black; background-color: #e6e6e6; text-align: center; width: 37.136929460580916%; height: 42px;\">Ciclul de studii \/ Specializari<\/td>\n<td style=\"border: 1px solid black; background-color: #e6e6e6; text-align: center; width: 157.3779593716332%; height: 42px;\" colspan=\"4\">Ani de studiu<\/td>\n<\/tr>\n<tr style=\"height: 42px;\">\n<td style=\"border: 1px solid black; background-color: #e6e6e6; width: 37.136929460580916%; height: 42px;\">Licen\u0163\u0103 \/ Fizic\u0103 Tehnologic\u0103<\/td>\n<td style=\"border: 1px solid black; background-color: #e6e6e6; text-align: center; width: 15.897786130546248%; height: 42px;\"><a href=\"https:\/\/www.phys.uaic.ro\/wp-content\/uploads\/2022\/02\/Orar_sem2_FT1_Balti_2022.pdf\" target=\"_blank\" rel=\"noopener\">Anul I<\/a><\/td>\n<td style=\"border: 1px solid black; background-color: #e6e6e6; text-align: center; width: 13.452490494626643%; height: 42px;\"><a href=\"https:\/\/www.phys.uaic.ro\/wp-content\/uploads\/2022\/02\/Orar_sem2_FT2_Balti_2022.pdf\" target=\"_blank\" rel=\"noopener\">Anul al II-lea<\/a><\/td>\n<td style=\"border: 1px solid black; background-color: #e6e6e6; text-align: center; width: 15.048063623789767%; height: 42px;\"><a href=\"https:\/\/www.phys.uaic.ro\/wp-content\/uploads\/2022\/02\/Orar_sem2_FT3_Balti_2022.pdf\" target=\"_blank\" rel=\"noopener\">Anul al III-lea<\/a><\/td>\n<td style=\"border: 1px solid black; background-color: #e6e6e6; text-align: center; width: 112.97961912267054%; height: 42px;\"><a href=\"https:\/\/www.phys.uaic.ro\/wp-content\/uploads\/2022\/02\/Orar_sem2_FT4_Balti_2022.pdf\" target=\"_blank\" rel=\"noopener\">Anul al IV-lea<\/a><\/td>\n<\/tr>\n<\/tbody>\n<\/table>\n<table style=\"border-collapse: collapse; font-size: 14px; color: black; width: 85.91302852810371%; height: 10px;\">\n<tbody>\n<tr style=\"height: 10px;\">\n<td style=\"border: 1px solid black; background-color: #e6e6e6; height: 10px; width: 36.97131400311454%;\">Master \/ Fizic\u0103 aplicat\u0103 \u00een tehnologiile informa\u021biei \u0219i comunica\u021bii<\/td>\n<td style=\"border: 1px solid black; background-color: #e6e6e6; text-align: center; height: 10px; width: 15.92806476267938%;\"><a href=\"https:\/\/www.phys.uaic.ro\/wp-content\/uploads\/2022\/02\/Orar_sem2_master_Balti_2022.pdf\" target=\"_blank\" rel=\"noopener\">Anul I<\/a><\/td>\n<td style=\"border: 1px solid black; background-color: #e6e6e6; text-align: center; height: 10px; width: 129.6888170821333%;\">Anul al II-lea<\/p>\n<p>Joi 10-18<\/p>\n<p>Practica\/Practica de specialitate (online)<\/p>\n<p>L. PADURARIU<\/td>\n<\/tr>\n<\/tbody>\n<\/table>\n<h3><span style=\"color: #000000;\"><b>Semestrul I (2021-2022)<\/b><\/span><\/h3>\n<table style=\"border-collapse: collapse; font-size: 14px; color: black;\">\n<tbody>\n<tr>\n<td style=\"border: 1px solid black; background-color: #e6e6e6; text-align: center;\">Ciclul de studii \/ Specializari<\/td>\n<td style=\"border: 1px solid black; background-color: #e6e6e6; text-align: center;\" colspan=\"4\">Ani de studiu<\/td>\n<\/tr>\n<tr>\n<td style=\"border: 1px solid black; background-color: #e6e6e6;\">Licen\u0163\u0103 \/ Fizic\u0103 Tehnologic\u0103<\/td>\n<td style=\"border: 1px solid black; background-color: #e6e6e6; text-align: center;\"><a href=\"https:\/\/www.phys.uaic.ro\/wp\/studenti\/orar\/sem1\/lic1.pdf\">Anul I<\/a><\/td>\n<td style=\"border: 1px solid black; background-color: #e6e6e6; text-align: center;\"><a href=\"https:\/\/www.phys.uaic.ro\/wp\/studenti\/orar\/sem1\/lic2.pdf\">Anul al II-lea<\/a><\/td>\n<td style=\"border: 1px solid black; background-color: #e6e6e6; text-align: center;\"><a href=\"https:\/\/www.phys.uaic.ro\/wp\/studenti\/orar\/sem1\/lic3.pdf\">Anul al III-lea<\/a><\/td>\n<td style=\"border: 1px solid black; background-color: #e6e6e6; text-align: center;\"><a href=\"https:\/\/www.phys.uaic.ro\/wp\/studenti\/orar\/sem1\/lic4.pdf\">Anul al IV-lea<\/a><\/td>\n<\/tr>\n<\/tbody>\n<\/table>\n<table style=\"border-collapse: collapse; font-size: 14px; color: black;\">\n<tbody>\n<tr>\n<td style=\"border: 1px solid black; background-color: #e6e6e6;\">Master \/ Fizic\u0103 aplicat\u0103 \u00een tehnologiile informa\u021biei \u0219i comunica\u021bii<\/td>\n<td style=\"border: 1px solid black; background-color: #e6e6e6; text-align: center;\"><a href=\"https:\/\/www.phys.uaic.ro\/wp\/studenti\/orar\/sem1\/master1.pdf\">Anul I<\/a><\/td>\n<td style=\"border: 1px solid black; background-color: #e6e6e6; text-align: center;\"><a href=\"https:\/\/www.phys.uaic.ro\/wp\/studenti\/orar\/sem1\/master2.pdf\">Anul al II-lea<\/a><\/td>\n<\/tr>\n<\/tbody>\n<\/table>\n","protected":false},"excerpt":{"rendered":"<p>Semestrul I (2024-2025) Aten\u021bie! \u00cen primele s\u0103pt\u0103m\u00e2ni vor fi efectuate modific\u0103ri frecvente la orar!!! Licen\u021b\u0103 Fizic\u0103 tehnologic\u0103 Extensia B\u0103l\u021bi Anul 1 Anul 2 Anul 3 Anul 4 Master Extensia B\u0103l\u021bi Anul 1 Anul 2 Semestrul II (2023-2024) Ciclul de studii \/ Specializari Ani de studiu Licen\u0163\u0103 \/ Fizic\u0103 Tehnologic\u0103 Anul 1 Anul 2 Anul 3 Anul 4 Master\u2026 <span class=\"read-more\"><a href=\"https:\/\/www.phys.uaic.ro\/index.php\/extensiunea-balti\/orar-balti\/\">Read More &raquo;<\/a><\/span><\/p>\n","protected":false},"author":3,"featured_media":0,"parent":62,"menu_order":0,"comment_status":"closed","ping_status":"closed","template":"","meta":{"footnotes":""},"class_list":["post-124","page","type-page","status-publish","hentry"],"_links":{"self":[{"href":"https:\/\/www.phys.uaic.ro\/index.php\/wp-json\/wp\/v2\/pages\/124","targetHints":{"allow":["GET"]}}],"collection":[{"href":"https:\/\/www.phys.uaic.ro\/index.php\/wp-json\/wp\/v2\/pages"}],"about":[{"href":"https:\/\/www.phys.uaic.ro\/index.php\/wp-json\/wp\/v2\/types\/page"}],"author":[{"embeddable":true,"href":"https:\/\/www.phys.uaic.ro\/index.php\/wp-json\/wp\/v2\/users\/3"}],"replies":[{"embeddable":true,"href":"https:\/\/www.phys.uaic.ro\/index.php\/wp-json\/wp\/v2\/comments?post=124"}],"version-history":[{"count":0,"href":"https:\/\/www.phys.uaic.ro\/index.php\/wp-json\/wp\/v2\/pages\/124\/revisions"}],"up":[{"embeddable":true,"href":"https:\/\/www.phys.uaic.ro\/index.php\/wp-json\/wp\/v2\/pages\/62"}],"wp:attachment":[{"href":"https:\/\/www.phys.uaic.ro\/index.php\/wp-json\/wp\/v2\/media?parent=124"}],"curies":[{"name":"wp","href":"https:\/\/api.w.org\/{rel}","templated":true}]}}