{"id":12495,"date":"2021-05-11T21:16:19","date_gmt":"2021-05-11T21:16:19","guid":{"rendered":"https:\/\/www.phys.uaic.ro\/?page_id=12495"},"modified":"2021-08-11T01:35:12","modified_gmt":"2021-08-11T01:35:12","slug":"rezultate-admitere-master-iulie-2021","status":"publish","type":"page","link":"https:\/\/www.phys.uaic.ro\/index.php\/admitere\/admitere-master\/admitere-master-iulie-2021\/rezultate-admitere-master-iulie-2021\/","title":{"rendered":"Rezultate admitere la master iulie 2021"},"content":{"rendered":"<ul>\n<li><a href=\"http:\/\/www.phys.uaic.ro\/wp\/admitere\/iulie-2021\/lista-master-admisi-buget-iulie-2021.pdf\">Lista candida\u021bilor admi\u0219i cu finan\u021bare de la BUGET &#8211; ordonati dupa media generala, descescator<\/a> <img decoding=\"async\" style=\"vertical-align: top; width: 20px; height: 20px;\" src=\"http:\/\/www.phys.uaic.ro\/wp\/imagini\/pdf-icon.png\" alt=\"pdf\" \/><\/li>\n<li><a href=\"http:\/\/www.phys.uaic.ro\/wp\/admitere\/iulie-2021\/lista-master-admisi-taxe-iulie-2021.pdf\">Lista candida\u021bilor admi\u0219i cu finan\u021bare din TAXE &#8211; ordonati dupa media generala, descescator<\/a> <img decoding=\"async\" style=\"vertical-align: top; width: 20px; height: 20px;\" src=\"http:\/\/www.phys.uaic.ro\/wp\/imagini\/pdf-icon.png\" alt=\"pdf\" \/><\/li>\n<\/ul>\n<p>\u00cen perioada <span style=\"color: red;\">21.07-23.07.2021<\/span>, <span style=\"color: red;\">26.07-28.07.2021<\/span>:<\/p>\n<ul>\n<li>candida\u0163ii admi\u015fi pe locurile de la buget vor achita <b>taxa de \u00eenmatriculare: 50 RON<\/b>;<\/li>\n<li>candida\u0163ii admi\u015fi pe locurile cu tax\u0103 de studii vor achita <b>30% din taxa sem.I: 500 RON<\/b>;<\/li>\n<li>candida\u0163ii admi\u015fi vor semna <b>contractul de studii<\/b>.<\/li>\n<\/ul>\n<p>Documente ce trebuiesc depuse la dosar \u00een perioada <span style=\"color: red;\">21.07-23.07.2021<\/span>, <span style=\"color: red;\">26.07-28.07.2021<\/span>:<\/p>\n<ul>\n<li><b>diploma de bacalaureat \u00een original<\/b> (\u00een cazul \u00een care nu este deja depus\u0103 la dosar)<\/li>\n<li><b>adeverin\u0163a \/ diploma de licen\u0163\u0103 \u00een original<\/b> (\u00een cazul \u00een care nu este deja depus\u0103 la dosar)<\/li>\n<li><b>foaia matricol\u0103 \/ suplimentul la diplom\u0103 \u00een original<\/b> (\u00een cazul \u00een care nu este deja depus\u0103 la dosar)<\/li>\n<\/ul>\n<p>\u00cen caz contrar se pierde calitatea de student, iar locul r\u0103mas liber va fi scos din nou la concurs sau va fi ocupat, \u00een ordinea descresc\u0103toare a mediilor la admitere, de un alt candidat.<\/p>\n<p>Candidatii care nu vor sa confirme locul sunt rugati sa trimita email pe <span style=\"color: blue;\">fizica@uaic.ro<\/span> .<\/p>\n<h4><a href=\"https:\/\/www.phys.uaic.ro\/wp-content\/uploads\/2021\/07\/balti_master_rezultate_iulie2021.pdf\">Extensiunea B\u0103l\u021bi &#8211; Lista candida\u021bilor admi\u0219i, ordona\u021bi dup\u0103 media general\u0103, descresc\u0103tor<\/a>\u00a0<img decoding=\"async\" style=\"vertical-align: top; width: 20px; height: 20px;\" src=\"http:\/\/www.phys.uaic.ro\/wp\/imagini\/pdf-icon.png\" alt=\"pdf\" \/><\/h4>\n","protected":false},"excerpt":{"rendered":"<p>Lista candida\u021bilor admi\u0219i cu finan\u021bare de la BUGET &#8211; ordonati dupa media generala, descescator Lista candida\u021bilor admi\u0219i cu finan\u021bare din TAXE &#8211; ordonati dupa media generala, descescator \u00cen perioada 21.07-23.07.2021, 26.07-28.07.2021: candida\u0163ii admi\u015fi pe locurile de la buget vor achita taxa de \u00eenmatriculare: 50 RON; candida\u0163ii admi\u015fi pe locurile cu tax\u0103 de studii vor achita 30% din taxa\u2026 <span class=\"read-more\"><a href=\"https:\/\/www.phys.uaic.ro\/index.php\/admitere\/admitere-master\/admitere-master-iulie-2021\/rezultate-admitere-master-iulie-2021\/\">Read More &raquo;<\/a><\/span><\/p>\n","protected":false},"author":3,"featured_media":0,"parent":13516,"menu_order":0,"comment_status":"closed","ping_status":"closed","template":"","meta":{"footnotes":""},"class_list":["post-12495","page","type-page","status-publish","hentry"],"_links":{"self":[{"href":"https:\/\/www.phys.uaic.ro\/index.php\/wp-json\/wp\/v2\/pages\/12495","targetHints":{"allow":["GET"]}}],"collection":[{"href":"https:\/\/www.phys.uaic.ro\/index.php\/wp-json\/wp\/v2\/pages"}],"about":[{"href":"https:\/\/www.phys.uaic.ro\/index.php\/wp-json\/wp\/v2\/types\/page"}],"author":[{"embeddable":true,"href":"https:\/\/www.phys.uaic.ro\/index.php\/wp-json\/wp\/v2\/users\/3"}],"replies":[{"embeddable":true,"href":"https:\/\/www.phys.uaic.ro\/index.php\/wp-json\/wp\/v2\/comments?post=12495"}],"version-history":[{"count":0,"href":"https:\/\/www.phys.uaic.ro\/index.php\/wp-json\/wp\/v2\/pages\/12495\/revisions"}],"up":[{"embeddable":true,"href":"https:\/\/www.phys.uaic.ro\/index.php\/wp-json\/wp\/v2\/pages\/13516"}],"wp:attachment":[{"href":"https:\/\/www.phys.uaic.ro\/index.php\/wp-json\/wp\/v2\/media?parent=12495"}],"curies":[{"name":"wp","href":"https:\/\/api.w.org\/{rel}","templated":true}]}}