{"id":1254,"date":"2018-02-20T15:22:13","date_gmt":"2018-02-20T15:22:13","guid":{"rendered":"http:\/\/www.phys.uaic.ro\/?page_id=1254"},"modified":"2025-01-29T11:19:36","modified_gmt":"2025-01-29T09:19:36","slug":"damian-donac-alina-doctorat","status":"publish","type":"page","link":"https:\/\/www.phys.uaic.ro\/index.php\/scoala-doctorala\/sustineri-teze-doctorat\/damian-donac-alina-doctorat\/","title":{"rendered":"Sus\u021binerea tezei de doctorat a drd. Damian Alina (c\u0103s. Donac) pe 28.09.2017"},"content":{"rendered":"<p>Anun\u021bul sus\u021binerii publice<\/p>\n<p>La data de 28.09.2017, ora 12:00, \u00een sala Ferdinand dna DAMIAN ALINA (c\u0103s. DONAC) va sus\u021bine, \u00een \u0219edin\u021b\u0103 public\u0103, teza de doctorat cu titlul<\/p>\n<p><b>FIRE MAGNETICE AMORFE \u0218I NANOCRISTALINE PENTRU APLICA\u0162II \u00ceN SENZORI MAGNETOMECANICI<\/b><\/p>\n<p>\u00een vederea ob\u021binerii titlului \u0219tiin\u021bific de doctor \u00een domeniul FIZIC\u0102.<\/p>\n<p>CV Damian Alina (c\u0103s. Donac)<\/p>\n<p>Comisia de doctorat are urm\u0103toarea componen\u021b\u0103:<\/p>\n<ul>\n<li><b>Pre\u0219edinte:<\/b>\n<ul>\n<li>Prof. univ. Dr. Diana Mihaela Mardare, Universitatea Alexandru Ioan Cuza din Ia\u0219i [ CV ]<\/li>\n<\/ul>\n<\/li>\n<\/ul>\n<ul>\n<li><b>Conducator stiintific:<\/b>\n<ul>\n<li>C.S.I Dr. Horia Chiriac, Universitatea Alexandru Ioan Cuza din Ia\u0219i [ CV ]<\/li>\n<\/ul>\n<\/li>\n<\/ul>\n<ul>\n<li><b>Referenti:<\/b>\n<ul>\n<li>Prof. univ. Dr. Ionel Chicinas, Universitatea Tehnic\u0103 din Cluj Napoca [ CV ]<\/li>\n<li>Prof. univ. Dr. Ioan Fo\u0219alau, Universitatea Tehnic\u0103 Gheorghe Asachi din Ia\u0219i [ CV ]<\/li>\n<li>Prof. univ. Dr. Maria Neagu, Universitatea Alexandru Ioan Cuza din Ia\u0219i [ CV ]<\/li>\n<\/ul>\n<\/li>\n<\/ul>\n<p>Teza poate fi consultat\u0103 la Biblioteca Facult\u0103\u021bii de Fizic\u0103.<\/p>\n<p>Rezumatul tezei de doctorat<\/p>\n","protected":false},"excerpt":{"rendered":"<p>Anun\u021bul sus\u021binerii publice La data de 28.09.2017, ora 12:00, \u00een sala Ferdinand dna DAMIAN ALINA (c\u0103s. DONAC) va sus\u021bine, \u00een \u0219edin\u021b\u0103 public\u0103, teza de doctorat cu titlul FIRE MAGNETICE AMORFE \u0218I NANOCRISTALINE PENTRU APLICA\u0162II \u00ceN SENZORI MAGNETOMECANICI \u00een vederea ob\u021binerii titlului \u0219tiin\u021bific de doctor \u00een domeniul FIZIC\u0102. CV Damian Alina (c\u0103s. Donac) Comisia de doctorat are urm\u0103toarea componen\u021b\u0103:\u2026 <span class=\"read-more\"><a href=\"https:\/\/www.phys.uaic.ro\/index.php\/scoala-doctorala\/sustineri-teze-doctorat\/damian-donac-alina-doctorat\/\">Read More &raquo;<\/a><\/span><\/p>\n","protected":false},"author":3,"featured_media":0,"parent":158,"menu_order":0,"comment_status":"closed","ping_status":"closed","template":"","meta":{"footnotes":""},"class_list":["post-1254","page","type-page","status-publish","hentry"],"_links":{"self":[{"href":"https:\/\/www.phys.uaic.ro\/index.php\/wp-json\/wp\/v2\/pages\/1254","targetHints":{"allow":["GET"]}}],"collection":[{"href":"https:\/\/www.phys.uaic.ro\/index.php\/wp-json\/wp\/v2\/pages"}],"about":[{"href":"https:\/\/www.phys.uaic.ro\/index.php\/wp-json\/wp\/v2\/types\/page"}],"author":[{"embeddable":true,"href":"https:\/\/www.phys.uaic.ro\/index.php\/wp-json\/wp\/v2\/users\/3"}],"replies":[{"embeddable":true,"href":"https:\/\/www.phys.uaic.ro\/index.php\/wp-json\/wp\/v2\/comments?post=1254"}],"version-history":[{"count":0,"href":"https:\/\/www.phys.uaic.ro\/index.php\/wp-json\/wp\/v2\/pages\/1254\/revisions"}],"up":[{"embeddable":true,"href":"https:\/\/www.phys.uaic.ro\/index.php\/wp-json\/wp\/v2\/pages\/158"}],"wp:attachment":[{"href":"https:\/\/www.phys.uaic.ro\/index.php\/wp-json\/wp\/v2\/media?parent=1254"}],"curies":[{"name":"wp","href":"https:\/\/api.w.org\/{rel}","templated":true}]}}