{"id":126,"date":"2018-02-14T12:27:59","date_gmt":"2018-02-14T12:27:59","guid":{"rendered":"http:\/\/www.phys.uaic.ro\/?page_id=126"},"modified":"2024-06-19T00:00:28","modified_gmt":"2024-06-18T21:00:28","slug":"examene-balti","status":"publish","type":"page","link":"https:\/\/www.phys.uaic.ro\/index.php\/extensiunea-balti\/examene-balti\/","title":{"rendered":"Examene"},"content":{"rendered":"<h1>2023-2024<\/h1>\n<h2><a href=\"https:\/\/www.phys.uaic.ro\/wp-content\/uploads\/2024\/06\/Programarea_examenelor_sem_2.pdf\" target=\"_blank\" rel=\"noopener\">Programarea examenelor <span style=\"color: #ff0000;\">LICEN\u021a\u0102 Extensiunea B\u0103l\u021bi<\/span> \u2013 semestrul II, an universitar 2023-2024<\/a><\/h2>\n<h2><a href=\"https:\/\/www.phys.uaic.ro\/wp-content\/uploads\/2024\/01\/B_examene_anul1_sem1.pdf\" target=\"_blank\" rel=\"noopener\"><em>Programarea examenelor\u00a0 <span style=\"color: #ff0000;\">LICEN\u0162\u0102 anul I Extensiunea B\u0103l\u021bi<\/span> &#8211; sesiunea ianuarie-februarie 2024<\/em><\/a><\/h2>\n<h2><a href=\"https:\/\/www.phys.uaic.ro\/wp-content\/uploads\/2024\/01\/B_examene_anul2_sem1.pdf\" target=\"_blank\" rel=\"noopener\"><em>Programarea examenelor\u00a0 <span style=\"color: #ff0000;\">LICEN\u0162\u0102 anul II Extensiunea B\u0103l\u021bi<\/span> &#8211; sesiunea ianuarie-februarie 2024<\/em><\/a><\/h2>\n<h2><a href=\"https:\/\/www.phys.uaic.ro\/wp-content\/uploads\/2024\/01\/B_examene_anul4_sem1.pdf\" target=\"_blank\" rel=\"noopener\"><em>Programarea examenelor\u00a0 <span style=\"color: #ff0000;\">LICEN\u0162\u0102 anul IV Extensiunea B\u0103l\u021bi<\/span> &#8211; sesiunea ianuarie-februarie 2024<\/em><\/a><\/h2>\n<h1>2022-2023<\/h1>\n<h3><span style=\"color: #ff0000;\"><a style=\"color: #ff0000;\" href=\"https:\/\/www.phys.uaic.ro\/wp-content\/uploads\/2023\/06\/Programarea_examenelor_sem_2.pdf\">Programarea examenelor LICENTA Extensiunea B\u0103l\u021bi mai-iunie 2023 22\/05\/2023-25\/06\/2023<\/a><\/span><\/h3>\n<h3><span style=\"color: #0000ff;\"><a style=\"color: #0000ff;\" href=\"https:\/\/www.phys.uaic.ro\/index.php\/restante-si-mariri-licenta-si-master\/\">Programarea restan\u021belor \u0219i m\u0103ririlor LICENTA si MASTER februarie 2023 13\/02\/2023-17\/02\/2023\u00a0<\/a><\/span><\/h3>\n<h3><a href=\"https:\/\/www.phys.uaic.ro\/wp-content\/uploads\/2023\/01\/Programarea_examenelor_sem_1_2022-2023.pdf\">Programarea examenelor Extensiunea B\u0103l\u021bi &#8211; semestrul I an universitar 2022-2023: 16\/01-05\/02\/2023 (licen\u021b\u0103 \u0219i master)<\/a><img decoding=\"async\" style=\"vertical-align: top; width: 20px; height: 20px;\" src=\"http:\/\/www.phys.uaic.ro\/wp\/imagini\/pdf-icon.png\" alt=\"pdf\" \/><\/h3>\n<h1>2021-2022<\/h1>\n<h3><a href=\"http:\/\/www.phys.uaic.ro\/wp\/studenti\/examene-studenti\/programare-examene-FT-Balti-sem-i-an-univ-2021-2022-17-ianuarie-6-februarie-2022.pdf\">Programarea examenelor licenta Fizica tehnologica Balti &#8211; semestrul I an universitar 2021-2022 &#8211; 17.01.2022-06.02.2022<\/a> <img decoding=\"async\" style=\"vertical-align: top; width: 20px; height: 20px;\" src=\"http:\/\/www.phys.uaic.ro\/wp\/imagini\/pdf-icon.png\" alt=\"pdf\" \/><\/h3>\n<h3><\/h3>\n","protected":false},"excerpt":{"rendered":"<p>2023-2024 Programarea examenelor LICEN\u021a\u0102 Extensiunea B\u0103l\u021bi \u2013 semestrul II, an universitar 2023-2024 Programarea examenelor\u00a0 LICEN\u0162\u0102 anul I Extensiunea B\u0103l\u021bi &#8211; sesiunea ianuarie-februarie 2024 Programarea examenelor\u00a0 LICEN\u0162\u0102 anul II Extensiunea B\u0103l\u021bi &#8211; sesiunea ianuarie-februarie 2024 Programarea examenelor\u00a0 LICEN\u0162\u0102 anul IV Extensiunea B\u0103l\u021bi &#8211; sesiunea ianuarie-februarie 2024 2022-2023 Programarea examenelor LICENTA Extensiunea B\u0103l\u021bi mai-iunie 2023 22\/05\/2023-25\/06\/2023 Programarea restan\u021belor \u0219i m\u0103ririlor\u2026 <span class=\"read-more\"><a href=\"https:\/\/www.phys.uaic.ro\/index.php\/extensiunea-balti\/examene-balti\/\">Read More &raquo;<\/a><\/span><\/p>\n","protected":false},"author":3,"featured_media":0,"parent":62,"menu_order":0,"comment_status":"closed","ping_status":"closed","template":"","meta":{"footnotes":""},"class_list":["post-126","page","type-page","status-publish","hentry"],"_links":{"self":[{"href":"https:\/\/www.phys.uaic.ro\/index.php\/wp-json\/wp\/v2\/pages\/126","targetHints":{"allow":["GET"]}}],"collection":[{"href":"https:\/\/www.phys.uaic.ro\/index.php\/wp-json\/wp\/v2\/pages"}],"about":[{"href":"https:\/\/www.phys.uaic.ro\/index.php\/wp-json\/wp\/v2\/types\/page"}],"author":[{"embeddable":true,"href":"https:\/\/www.phys.uaic.ro\/index.php\/wp-json\/wp\/v2\/users\/3"}],"replies":[{"embeddable":true,"href":"https:\/\/www.phys.uaic.ro\/index.php\/wp-json\/wp\/v2\/comments?post=126"}],"version-history":[{"count":0,"href":"https:\/\/www.phys.uaic.ro\/index.php\/wp-json\/wp\/v2\/pages\/126\/revisions"}],"up":[{"embeddable":true,"href":"https:\/\/www.phys.uaic.ro\/index.php\/wp-json\/wp\/v2\/pages\/62"}],"wp:attachment":[{"href":"https:\/\/www.phys.uaic.ro\/index.php\/wp-json\/wp\/v2\/media?parent=126"}],"curies":[{"name":"wp","href":"https:\/\/api.w.org\/{rel}","templated":true}]}}