{"id":12653,"date":"2021-05-24T07:56:32","date_gmt":"2021-05-24T07:56:32","guid":{"rendered":"https:\/\/www.phys.uaic.ro\/?page_id=12653"},"modified":"2022-05-18T13:56:48","modified_gmt":"2022-05-18T10:56:48","slug":"minds-on-physics","status":"publish","type":"page","link":"https:\/\/www.phys.uaic.ro\/index.php\/viitori-studenti\/minds-on-physics\/","title":{"rendered":"Minds on Physics !"},"content":{"rendered":"<div align=\"justify\">\n<p><span style=\"color: #333399;\"><b>Activitate orientare profesional\u0103<\/b><\/span><\/p>\n<p>\u00cen perioada 01 &#8211; 04 iunie 2022, Facultatea de Fizic\u0103, Universitatea &#8222;Alexandru Ioan Cuza&#8221; din Ia\u015fi, v\u0103 propune o serie de activit\u0103\u0163i centrate pe orientare profesional\u0103 \u0219i prezentarea specializ\u0103rilor la licen\u021b\u0103: <i><b>Fizic\u0103, Fizic\u0103 (cu astrofizic\u0103, \u00een limba englez\u0103), Fizic\u0103 Medical\u0103, Fizic\u0103 Informatic\u0103, Fizic\u0103 Tehnologic\u0103<\/b><\/i>.<\/p>\n<p>V\u0103 invit\u0103m s\u0103 ne vizita\u0163i \u015fi s\u0103 participa\u0163i la activit\u0103\u0163i al\u0103turi de elevii dumneavoastr\u0103. La cerere, vor fi eliberate adeverin\u021be de participare pentru profesorii \u00eenso\u021bitori. \u00cen vederea organiz\u0103rii activit\u0103\u0163ilor \u00een bune condi\u0163ii, avem nevoie de o serie de date care pot fi transmise prin completarea formularului:<\/p>\n<p><b><\/b><span style=\"color: #ff0000;\"><em><a style=\"color: #ff0000;\" tabindex=\"-1\" href=\"https:\/\/tinyurl.com\/FizicaSOE2022\" target=\"_blank\" rel=\"noopener\">https:\/\/tinyurl.com\/FizicaSOE2022<\/a><\/em><\/span><\/p>\n<p>Pentru solicit\u0103ri suplimentare sau detalii cu privire la organizarea activit\u0103\u021bii de orientare profesional\u0103, admitere, campusul universitar \u0219i studiile de Fizic\u0103, v\u0103 rug\u0103m s\u0103 ne contacta\u021bi la <a tabindex=\"-1\" href=\"mailto:fizica@uaic.ro\" target=\"_blank\" rel=\"external nofollow noopener noreferrer\"><span style=\"color: #ff0000;\">fizica@uaic.ro<\/span><\/a> sau <span style=\"color: #ff0000;\">0232 201050<\/span>.<\/div>\n<div align=\"justify\"><\/div>\n<div align=\"justify\"><\/div>\n<div align=\"justify\"><\/div>\n<div align=\"justify\">\u00cen perioada martie &#8211; mai 2022, v\u0103 invit\u0103m s\u0103 participa\u021bi al\u0103turi de elevii dumneavoastr\u0103 la o serie de prezent\u0103ri online, concentrate pe prezentarea specializ\u0103rilor propuse la studii de licen\u021b\u0103, pe prezentarea cadrului de studii la UAIC \u0219i a profilului absolven\u021bilor no\u0219tri:<\/div>\n<p>&#8211; <strong>24 martie 2022, ora 17.00<\/strong>, Fizic\u0103 Tehnologic\u0103 (<em>lect. dr. Lavinia Curecheriu<\/em>)<\/p>\n<p><a href=\"https:\/\/uaic.webex.com\/uaic\/j.php?MTID=m9eb3f4254de2b7c599b2a003718a02a7\">https:\/\/uaic.webex.com\/uaic\/j.php?MTID=m9eb3f4254de2b7c599b2a003718a02a7<\/a><\/p>\n<p>&#8211; <strong>07 aprilie 2022, ora 17.00<\/strong>, Fizic\u0103 (<em>conf. dr. Claudiu Costin)<\/em><\/p>\n<p><a href=\"https:\/\/uaic.webex.com\/uaic\/j.php?MTID=mf5590cfe1d3553beabfeeaf59ce270d8\">https:\/\/uaic.webex.com\/uaic\/j.php?MTID=mf5590cfe1d3553beabfeeaf59ce270d8<\/a><\/p>\n<p><strong>&#8211; 05 mai 2022, ora 17.00<\/strong>, Fizic\u0103, \u00een limba englez\u0103 (cu Astrofizic\u0103,<em> conf. dr. Iordana A\u0219tef\u0103noaei<\/em>)<\/p>\n<p><a href=\"https:\/\/uaic.webex.com\/uaic\/j.php?MTID=mfffdf669af8be9b4464261e4cfd4fbde\">https:\/\/uaic.webex.com\/uaic\/j.php?MTID=mfffdf669af8be9b4464261e4cfd4fbde<\/a><\/p>\n<p><strong>&#8211; 12 mai 2022, ora 17.00<\/strong>, Fizic\u0103 medical\u0103 (<em>conf. dr. Ionu\u021b Topal\u0103<\/em>)<\/p>\n<p><a href=\"https:\/\/uaic.webex.com\/uaic\/j.php?MTID=me1b1c91d0e85ad7ccac1495b99ee5320\">https:\/\/uaic.webex.com\/uaic\/j.php?MTID=me1b1c91d0e85ad7ccac1495b99ee5320<\/a><\/p>\n<p><strong>&#8211; 19 mai 2022, ora 17.00<\/strong>, Fizic\u0103 informatic\u0103 (<em>prof. dr. Cristian En\u0103chescu)<\/em><\/p>\n<p><a href=\"https:\/\/uaic.webex.com\/uaic\/j.php?MTID=me4d3a36e151f8d8381f1abeb7b6188cc\">https:\/\/uaic.webex.com\/uaic\/j.php?MTID=me4d3a36e151f8d8381f1abeb7b6188cc<\/a><\/p>\n<p><strong>&#8211; 26 mai 2022, <\/strong><strong>ora 17.00<\/strong>, Fizic\u0103 Tehnologic\u0103, extensiunea B\u0103l\u021bi (<em>lect. dr. C\u0103t\u0103lin Agheorghiesei<\/em>)<\/p>\n<p><a href=\"https:\/\/uaic.webex.com\/uaic\/j.php?MTID=m44713d7ccb3995520e61033ff163b396\">https:\/\/uaic.webex.com\/uaic\/j.php?MTID=m44713d7ccb3995520e61033ff163b396<\/a><\/p>\n<div align=\"justify\"><\/div>\n<div align=\"justify\"><span style=\"font-size: 12pt;\"><strong>De asemenea, ne bucur\u0103m s\u0103 v\u0103 primim \u00een spa\u021biile Facult\u0103\u021bii, \u00een timpul unor vizite ghidate sau s\u0103 efectu\u0103m vizite cu experimente demonstrative \u00een licee. Pentru stabilirea tuturor detaliilor organizatorice v\u0103 rug\u0103m s\u0103 transmite\u021bi un email la <a class=\"moz-txt-link-freetext\" href=\"mailto: fizica@uaic.ro\">fizica@uaic.ro<\/a><\/strong><b> sau s\u0103 suna\u021bi la secretariatul Facult\u0103\u021bii 0232 201050.<\/b><\/span><\/div>\n","protected":false},"excerpt":{"rendered":"<p>Activitate orientare profesional\u0103 \u00cen perioada 01 &#8211; 04 iunie 2022, Facultatea de Fizic\u0103, Universitatea &#8222;Alexandru Ioan Cuza&#8221; din Ia\u015fi, v\u0103 propune o serie de activit\u0103\u0163i centrate pe orientare profesional\u0103 \u0219i prezentarea specializ\u0103rilor la licen\u021b\u0103: Fizic\u0103, Fizic\u0103 (cu astrofizic\u0103, \u00een limba englez\u0103), Fizic\u0103 Medical\u0103, Fizic\u0103 Informatic\u0103, Fizic\u0103 Tehnologic\u0103. V\u0103 invit\u0103m s\u0103 ne vizita\u0163i \u015fi s\u0103 participa\u0163i la activit\u0103\u0163i al\u0103turi\u2026 <span class=\"read-more\"><a href=\"https:\/\/www.phys.uaic.ro\/index.php\/viitori-studenti\/minds-on-physics\/\">Read More &raquo;<\/a><\/span><\/p>\n","protected":false},"author":3,"featured_media":0,"parent":11611,"menu_order":0,"comment_status":"closed","ping_status":"closed","template":"","meta":{"footnotes":""},"class_list":["post-12653","page","type-page","status-publish","hentry"],"_links":{"self":[{"href":"https:\/\/www.phys.uaic.ro\/index.php\/wp-json\/wp\/v2\/pages\/12653","targetHints":{"allow":["GET"]}}],"collection":[{"href":"https:\/\/www.phys.uaic.ro\/index.php\/wp-json\/wp\/v2\/pages"}],"about":[{"href":"https:\/\/www.phys.uaic.ro\/index.php\/wp-json\/wp\/v2\/types\/page"}],"author":[{"embeddable":true,"href":"https:\/\/www.phys.uaic.ro\/index.php\/wp-json\/wp\/v2\/users\/3"}],"replies":[{"embeddable":true,"href":"https:\/\/www.phys.uaic.ro\/index.php\/wp-json\/wp\/v2\/comments?post=12653"}],"version-history":[{"count":0,"href":"https:\/\/www.phys.uaic.ro\/index.php\/wp-json\/wp\/v2\/pages\/12653\/revisions"}],"up":[{"embeddable":true,"href":"https:\/\/www.phys.uaic.ro\/index.php\/wp-json\/wp\/v2\/pages\/11611"}],"wp:attachment":[{"href":"https:\/\/www.phys.uaic.ro\/index.php\/wp-json\/wp\/v2\/media?parent=12653"}],"curies":[{"name":"wp","href":"https:\/\/api.w.org\/{rel}","templated":true}]}}