{"id":12676,"date":"2021-05-25T14:02:09","date_gmt":"2021-05-25T14:02:09","guid":{"rendered":"https:\/\/www.phys.uaic.ro\/?page_id=12676"},"modified":"2025-01-23T10:36:00","modified_gmt":"2025-01-23T08:36:00","slug":"evenimente","status":"publish","type":"page","link":"https:\/\/www.phys.uaic.ro\/index.php\/viitori-studenti\/prezentare\/evenimente\/","title":{"rendered":"Evenimente"},"content":{"rendered":"<div class=\"colorbox\" style=\"background-color: #e6e6e6;\">\n<h3>Prezentarea programului de masterat FIZIC\u0102 MEDICAL\u0102 APLICAT\u0102<\/h3>\n<p>Facultatea de Fizic\u0103 din cadrul Universit\u0103\u021bii \u201eAlexandru Ioan Cuza\u201c din Ia\u0219i organizeaza un eveniment de prezentare a programului de masterat FIZIC\u0102 MEDICAL\u0102 APLICAT\u0102 pe 28 Mai 2021, ora 15.00, in Amfiteatrul IV 13 \u0219i online prin Cisco Webex.<\/p>\n<p><!--\n\n\n<h3>Eveniment de prezentare a programului de masterat FIZIC\u0102 MEDICAL\u0102 APLICAT\u0102, Universitatea \u201eAlexandru Ioan Cuza\u201c din Ia\u0219i, Facultatea de Fizic\u0103<\/h3>\n\n\n28 Mai 2021, ora 15.00, amfiteatrul IV 13 \u0219i online prin Cisco Webex\"--><\/p>\n<p>&nbsp;<\/p>\n<p>Informa\u021bii necesare pentru conectare:<\/p>\n<ul>\n<li><b>Meeting link<\/b>: <a href=\"https:\/\/uaic.webex.com\/uaic\/j.php?MTID=ma368a0f75cb1bed56e19bbb1e18de1cb\">https:\/\/uaic.webex.com\/uaic\/j.php?MTID=ma368a0f75cb1bed56e19bbb1e18de1cb<\/a><\/li>\n<li><b>Meeting number: 121 106 7459<\/b><\/li>\n<li><b>Password: 39wE5TJvEbu<\/b><\/li>\n<\/ul>\n<div><\/div>\n<\/div>\n","protected":false},"excerpt":{"rendered":"<p>Prezentarea programului de masterat FIZIC\u0102 MEDICAL\u0102 APLICAT\u0102 Facultatea de Fizic\u0103 din cadrul Universit\u0103\u021bii \u201eAlexandru Ioan Cuza\u201c din Ia\u0219i organizeaza un eveniment de prezentare a programului de masterat FIZIC\u0102 MEDICAL\u0102 APLICAT\u0102 pe 28 Mai 2021, ora 15.00, in Amfiteatrul IV 13 \u0219i online prin Cisco Webex. &nbsp; Informa\u021bii necesare pentru conectare: Meeting link: https:\/\/uaic.webex.com\/uaic\/j.php?MTID=ma368a0f75cb1bed56e19bbb1e18de1cb Meeting number: 121 106 7459\u2026 <span class=\"read-more\"><a href=\"https:\/\/www.phys.uaic.ro\/index.php\/viitori-studenti\/prezentare\/evenimente\/\">Read More &raquo;<\/a><\/span><\/p>\n","protected":false},"author":3,"featured_media":0,"parent":11857,"menu_order":0,"comment_status":"closed","ping_status":"closed","template":"","meta":{"footnotes":""},"class_list":["post-12676","page","type-page","status-publish","hentry"],"_links":{"self":[{"href":"https:\/\/www.phys.uaic.ro\/index.php\/wp-json\/wp\/v2\/pages\/12676","targetHints":{"allow":["GET"]}}],"collection":[{"href":"https:\/\/www.phys.uaic.ro\/index.php\/wp-json\/wp\/v2\/pages"}],"about":[{"href":"https:\/\/www.phys.uaic.ro\/index.php\/wp-json\/wp\/v2\/types\/page"}],"author":[{"embeddable":true,"href":"https:\/\/www.phys.uaic.ro\/index.php\/wp-json\/wp\/v2\/users\/3"}],"replies":[{"embeddable":true,"href":"https:\/\/www.phys.uaic.ro\/index.php\/wp-json\/wp\/v2\/comments?post=12676"}],"version-history":[{"count":0,"href":"https:\/\/www.phys.uaic.ro\/index.php\/wp-json\/wp\/v2\/pages\/12676\/revisions"}],"up":[{"embeddable":true,"href":"https:\/\/www.phys.uaic.ro\/index.php\/wp-json\/wp\/v2\/pages\/11857"}],"wp:attachment":[{"href":"https:\/\/www.phys.uaic.ro\/index.php\/wp-json\/wp\/v2\/media?parent=12676"}],"curies":[{"name":"wp","href":"https:\/\/api.w.org\/{rel}","templated":true}]}}