{"id":1284,"date":"2018-02-20T17:12:21","date_gmt":"2018-02-20T17:12:21","guid":{"rendered":"http:\/\/www.phys.uaic.ro\/?page_id=1284"},"modified":"2025-01-29T11:28:31","modified_gmt":"2025-01-29T09:28:31","slug":"bodnarescu-adrian-doctorat","status":"publish","type":"page","link":"https:\/\/www.phys.uaic.ro\/index.php\/scoala-doctorala\/sustineri-teze-doctorat\/bodnarescu-adrian-doctorat\/","title":{"rendered":"Sus\u021binerea tezei de doctorat a drd. Bodn\u0103rescu Adrian pe 29.09.2016"},"content":{"rendered":"<p>La data de 29.09.2016, ora 12:00, \u00een sala L1, dl BODNARESCU C. S. ADRIAN va sus\u0163ine, \u00een \u015fedin\u0163\u0103 public\u0103, teza de doctorat cu titlul<\/p>\n<p><b>EXTENDED GRAVITATIONAL MODELS WITH APPLICATIONS TO COSMOLOGY AND ASTROPHYSICS<\/b><\/p>\n<p>\u00een vederea ob\u0163inerii titlului \u015ftiin\u0163ific de doctor \u00een domeniul FIZIC\u0102.<\/p>\n<p>Comisia de doctorat are urm\u0103toarea componen\u0163\u0103:<\/p>\n<ul>\n<li><b>Pre\u015fedinte<\/b>:\n<ul>\n<li>Prof. univ. Dr. Diana Mihaela Mardare, Universitarea Alexandru Ioan Cuza, Ia\u0219i [ CV ]<\/li>\n<\/ul>\n<\/li>\n<\/ul>\n<ul>\n<li><b>Conduc\u0103tor \u015ftiin\u0163ific<\/b>:\n<ul>\n<li>Prof. Univ. Dr. Ciprian Dariescu, Universitatea Alexandru Ioan Cuza, Ia\u015fi [ CV ]<\/li>\n<\/ul>\n<\/li>\n<\/ul>\n<ul>\n<li><b>Referen\u0163i<\/b>:\n<ul>\n<li>Prof. Univ. Dr. Dumitru Vulcanov, Universitatea de Vest din Timi\u015foara [ CV ]<\/li>\n<li>Prof. Univ. Dr. Irina Radinschi, Universitatea Tehnic\u0103 Gh. Asachi, Ia\u015fi [ CV ]<\/li>\n<li>Conf. Univ. Dr. Mircea-Claudiu Cr\u00e2\u015fm\u0103reanu, Universitatea Alexandru Ioan Cuza, Ia\u015fi [ CV ]<\/li>\n<\/ul>\n<\/li>\n<\/ul>\n<p>Teza poate fi consultat\u0103 la Biblioteca Facult\u0103\u0163ii de Fizic\u0103.<\/p>\n<p>Rezumatul tezei de doctorat<\/p>\n","protected":false},"excerpt":{"rendered":"<p>La data de 29.09.2016, ora 12:00, \u00een sala L1, dl BODNARESCU C. S. ADRIAN va sus\u0163ine, \u00een \u015fedin\u0163\u0103 public\u0103, teza de doctorat cu titlul EXTENDED GRAVITATIONAL MODELS WITH APPLICATIONS TO COSMOLOGY AND ASTROPHYSICS \u00een vederea ob\u0163inerii titlului \u015ftiin\u0163ific de doctor \u00een domeniul FIZIC\u0102. Comisia de doctorat are urm\u0103toarea componen\u0163\u0103: Pre\u015fedinte: Prof. univ. Dr. Diana Mihaela Mardare, Universitarea Alexandru\u2026 <span class=\"read-more\"><a href=\"https:\/\/www.phys.uaic.ro\/index.php\/scoala-doctorala\/sustineri-teze-doctorat\/bodnarescu-adrian-doctorat\/\">Read More &raquo;<\/a><\/span><\/p>\n","protected":false},"author":3,"featured_media":0,"parent":158,"menu_order":0,"comment_status":"closed","ping_status":"closed","template":"","meta":{"footnotes":""},"class_list":["post-1284","page","type-page","status-publish","hentry"],"_links":{"self":[{"href":"https:\/\/www.phys.uaic.ro\/index.php\/wp-json\/wp\/v2\/pages\/1284","targetHints":{"allow":["GET"]}}],"collection":[{"href":"https:\/\/www.phys.uaic.ro\/index.php\/wp-json\/wp\/v2\/pages"}],"about":[{"href":"https:\/\/www.phys.uaic.ro\/index.php\/wp-json\/wp\/v2\/types\/page"}],"author":[{"embeddable":true,"href":"https:\/\/www.phys.uaic.ro\/index.php\/wp-json\/wp\/v2\/users\/3"}],"replies":[{"embeddable":true,"href":"https:\/\/www.phys.uaic.ro\/index.php\/wp-json\/wp\/v2\/comments?post=1284"}],"version-history":[{"count":0,"href":"https:\/\/www.phys.uaic.ro\/index.php\/wp-json\/wp\/v2\/pages\/1284\/revisions"}],"up":[{"embeddable":true,"href":"https:\/\/www.phys.uaic.ro\/index.php\/wp-json\/wp\/v2\/pages\/158"}],"wp:attachment":[{"href":"https:\/\/www.phys.uaic.ro\/index.php\/wp-json\/wp\/v2\/media?parent=1284"}],"curies":[{"name":"wp","href":"https:\/\/api.w.org\/{rel}","templated":true}]}}