{"id":1287,"date":"2018-02-20T17:20:42","date_gmt":"2018-02-20T17:20:42","guid":{"rendered":"http:\/\/www.phys.uaic.ro\/?page_id=1287"},"modified":"2025-01-29T11:29:18","modified_gmt":"2025-01-29T09:29:18","slug":"gafton-elena-vasilica-doctorat","status":"publish","type":"page","link":"https:\/\/www.phys.uaic.ro\/index.php\/scoala-doctorala\/sustineri-teze-doctorat\/gafton-elena-vasilica-doctorat\/","title":{"rendered":"Sus\u021binerea tezei de doctorat a drd. Gafton Elena Vasilica pe 27.09.2016"},"content":{"rendered":"<p>La data de 27.09.2016, ora 11:00, \u00een sala L1, dna GAFTON V. ELENA VASILICA va sus\u0163ine, \u00een \u015fedin\u0163\u0103 public\u0103, teza de doctorat cu titlul<\/p>\n<p><b>CONTRIBU\u0162II LA STUDIUL INFLUEN\u0162EI FASCICULELOR IONICE ASUPRA PROPRIET\u0102\u0162ILOR MATERIALELOR MAGNETICE<\/b><\/p>\n<p>\u00een vederea ob\u0163inerii titlului \u015ftiin\u0163ific de doctor \u00een domeniul FIZIC\u0102.<\/p>\n<p>CV Gafton Elena Vasilica [en]<\/p>\n<p>Comisia de doctorat are urm\u0103toarea componen\u0163\u0103:<\/p>\n<ul>\n<li><b>Pre\u015fedinte<\/b>:\n<ul>\n<li>Prof. Univ. Dr. Diana Mihaela Mardare, Universitatea Alexandru Ioan Cuza, Ia\u015fi [ CV ]<\/li>\n<\/ul>\n<\/li>\n<\/ul>\n<ul>\n<li><b>Conduc\u0103tor \u015ftiin\u0163ific<\/b>:\n<ul>\n<li>Prof. Univ. Dr. Ovidiu Florin C\u0103l\u0163un, Universitatea Alexandru Ioan Cuza, Ia\u015fi [ CV ]<\/li>\n<\/ul>\n<\/li>\n<\/ul>\n<ul>\n<li><b>Referen\u0163i<\/b>:\n<ul>\n<li>C.S.I Martino Trassinelli, Institut des NanoSciences de Paris [ CV ]<\/li>\n<li>C.S.I Dr. Nicoleta Lupu, Institutul Na\u0163ional de Cercetare &#8211; Dezvoltare Fizic\u0103 Tehnic\u0103 Ia\u015fi [ CV ]<\/li>\n<li>Prof. Univ. Dr. Alexandru Stancu, Universitatea Alexandru Ioan Cuza, Ia\u015fi [ CV ]<\/li>\n<\/ul>\n<\/li>\n<\/ul>\n<p>Teza poate fi consultat\u0103 la Biblioteca Facult\u0103\u0163ii de Fizic\u0103.<\/p>\n<p>Rezumatul tezei de doctorat<\/p>\n","protected":false},"excerpt":{"rendered":"<p>La data de 27.09.2016, ora 11:00, \u00een sala L1, dna GAFTON V. ELENA VASILICA va sus\u0163ine, \u00een \u015fedin\u0163\u0103 public\u0103, teza de doctorat cu titlul CONTRIBU\u0162II LA STUDIUL INFLUEN\u0162EI FASCICULELOR IONICE ASUPRA PROPRIET\u0102\u0162ILOR MATERIALELOR MAGNETICE \u00een vederea ob\u0163inerii titlului \u015ftiin\u0163ific de doctor \u00een domeniul FIZIC\u0102. CV Gafton Elena Vasilica [en] Comisia de doctorat are urm\u0103toarea componen\u0163\u0103: Pre\u015fedinte: Prof. Univ.\u2026 <span class=\"read-more\"><a href=\"https:\/\/www.phys.uaic.ro\/index.php\/scoala-doctorala\/sustineri-teze-doctorat\/gafton-elena-vasilica-doctorat\/\">Read More &raquo;<\/a><\/span><\/p>\n","protected":false},"author":3,"featured_media":0,"parent":158,"menu_order":0,"comment_status":"closed","ping_status":"closed","template":"","meta":{"footnotes":""},"class_list":["post-1287","page","type-page","status-publish","hentry"],"_links":{"self":[{"href":"https:\/\/www.phys.uaic.ro\/index.php\/wp-json\/wp\/v2\/pages\/1287","targetHints":{"allow":["GET"]}}],"collection":[{"href":"https:\/\/www.phys.uaic.ro\/index.php\/wp-json\/wp\/v2\/pages"}],"about":[{"href":"https:\/\/www.phys.uaic.ro\/index.php\/wp-json\/wp\/v2\/types\/page"}],"author":[{"embeddable":true,"href":"https:\/\/www.phys.uaic.ro\/index.php\/wp-json\/wp\/v2\/users\/3"}],"replies":[{"embeddable":true,"href":"https:\/\/www.phys.uaic.ro\/index.php\/wp-json\/wp\/v2\/comments?post=1287"}],"version-history":[{"count":0,"href":"https:\/\/www.phys.uaic.ro\/index.php\/wp-json\/wp\/v2\/pages\/1287\/revisions"}],"up":[{"embeddable":true,"href":"https:\/\/www.phys.uaic.ro\/index.php\/wp-json\/wp\/v2\/pages\/158"}],"wp:attachment":[{"href":"https:\/\/www.phys.uaic.ro\/index.php\/wp-json\/wp\/v2\/media?parent=1287"}],"curies":[{"name":"wp","href":"https:\/\/api.w.org\/{rel}","templated":true}]}}