{"id":1295,"date":"2018-02-20T19:24:11","date_gmt":"2018-02-20T19:24:11","guid":{"rendered":"http:\/\/www.phys.uaic.ro\/?page_id=1295"},"modified":"2025-01-29T11:30:31","modified_gmt":"2025-01-29T09:30:31","slug":"atitoaie-alexandru-mihai-doctorat","status":"publish","type":"page","link":"https:\/\/www.phys.uaic.ro\/index.php\/scoala-doctorala\/sustineri-teze-doctorat\/atitoaie-alexandru-mihai-doctorat\/","title":{"rendered":"Sus\u021binerea tezei de doctorat a drd. Ati\u021boaie Alexandru-Mihai pe 5.12.2015"},"content":{"rendered":"<p>La data de 5.12.2015, ora 10:00, \u00een holul Hurmuzescu-Procopiu dl ATITOAIE ALEXANDRU-MIHAI va sus\u0163ine, \u00een \u015fedin\u0163\u0103 public\u0103, teza de doctorat cu titlul<\/p>\n<p><b>CONTRIBU\u0162II LA STUDIUL PROCESELOR DE HISTEREZIS SI DE RELAXARE IN SISTEME CU TRANZITIE DE SPIN<\/b><\/p>\n<p>\u00een vederea ob\u0163inerii titlului \u015ftiin\u0163ific de doctor \u00een domeniul Stiinte Exacte, FIZIC\u0102.<\/p>\n<p>Comisia de doctorat are urm\u0103toarea componen\u0163\u0103:<\/p>\n<ul>\n<li><b>Pre\u015fedinte<\/b>:\n<ul>\n<li>Prof. Univ. Dr. Diana Mihaela Mardare, Universitatea Alexandru Ioan Cuza, Ia\u015fi<\/li>\n<\/ul>\n<\/li>\n<\/ul>\n<ul>\n<li><b>Conduc\u0103tor \u015ftiin\u0163ific<\/b>:\n<ul>\n<li>Conf. Univ. Dr. Habil. Cristian Enachescu, Universitatea Alexandru Ioan Cuza, Ia\u015fi<\/li>\n<\/ul>\n<\/li>\n<\/ul>\n<ul>\n<li><b>Referen\u0163i<\/b>:\n<ul>\n<li>Conf. Univ. Dr. Marilena Fierbinteanu Cimpoesu, Universitatea din Bucuresti<\/li>\n<li>C.S.I Dr. Tibor Adrian Ovari, Institutul National de Cercetare &#8211; Dezvoltare pentru Fizic\u0103 Tehnic\u0103 &#8211; IFT Ia\u015fi<\/li>\n<li>Prof. Univ. Dr. Maria Neagu, Universitatea Alexandru Ioan Cuza, Ia\u015fi<\/li>\n<\/ul>\n<\/li>\n<\/ul>\n<p>Teza poate fi consultat\u0103 la Biblioteca Facult\u0103\u0163ii de Fizic\u0103.<\/p>\n<p>&nbsp;<\/p>\n","protected":false},"excerpt":{"rendered":"<p>La data de 5.12.2015, ora 10:00, \u00een holul Hurmuzescu-Procopiu dl ATITOAIE ALEXANDRU-MIHAI va sus\u0163ine, \u00een \u015fedin\u0163\u0103 public\u0103, teza de doctorat cu titlul CONTRIBU\u0162II LA STUDIUL PROCESELOR DE HISTEREZIS SI DE RELAXARE IN SISTEME CU TRANZITIE DE SPIN \u00een vederea ob\u0163inerii titlului \u015ftiin\u0163ific de doctor \u00een domeniul Stiinte Exacte, FIZIC\u0102. Comisia de doctorat are urm\u0103toarea componen\u0163\u0103: Pre\u015fedinte: Prof. Univ.\u2026 <span class=\"read-more\"><a href=\"https:\/\/www.phys.uaic.ro\/index.php\/scoala-doctorala\/sustineri-teze-doctorat\/atitoaie-alexandru-mihai-doctorat\/\">Read More &raquo;<\/a><\/span><\/p>\n","protected":false},"author":3,"featured_media":0,"parent":158,"menu_order":0,"comment_status":"closed","ping_status":"closed","template":"","meta":{"footnotes":""},"class_list":["post-1295","page","type-page","status-publish","hentry"],"_links":{"self":[{"href":"https:\/\/www.phys.uaic.ro\/index.php\/wp-json\/wp\/v2\/pages\/1295","targetHints":{"allow":["GET"]}}],"collection":[{"href":"https:\/\/www.phys.uaic.ro\/index.php\/wp-json\/wp\/v2\/pages"}],"about":[{"href":"https:\/\/www.phys.uaic.ro\/index.php\/wp-json\/wp\/v2\/types\/page"}],"author":[{"embeddable":true,"href":"https:\/\/www.phys.uaic.ro\/index.php\/wp-json\/wp\/v2\/users\/3"}],"replies":[{"embeddable":true,"href":"https:\/\/www.phys.uaic.ro\/index.php\/wp-json\/wp\/v2\/comments?post=1295"}],"version-history":[{"count":0,"href":"https:\/\/www.phys.uaic.ro\/index.php\/wp-json\/wp\/v2\/pages\/1295\/revisions"}],"up":[{"embeddable":true,"href":"https:\/\/www.phys.uaic.ro\/index.php\/wp-json\/wp\/v2\/pages\/158"}],"wp:attachment":[{"href":"https:\/\/www.phys.uaic.ro\/index.php\/wp-json\/wp\/v2\/media?parent=1295"}],"curies":[{"name":"wp","href":"https:\/\/api.w.org\/{rel}","templated":true}]}}