{"id":12983,"date":"2021-06-24T12:36:59","date_gmt":"2021-06-24T12:36:59","guid":{"rendered":"https:\/\/www.phys.uaic.ro\/?page_id=12983"},"modified":"2024-10-25T12:13:16","modified_gmt":"2024-10-25T09:13:16","slug":"popescu-lipan-lucia-larisa-doctorat","status":"publish","type":"page","link":"https:\/\/www.phys.uaic.ro\/index.php\/scoala-doctorala\/sustineri-teze-doctorat\/popescu-lipan-lucia-larisa-doctorat\/","title":{"rendered":"Sus\u021binerea tezei de doctorat a drd. Popescu D. Lucia-Larisa (c\u0103s. Lipan) pe 14.07.2021"},"content":{"rendered":"<p>La data de 14.07.2021, ora 10:00, \u00een online, platforma WEBEX,<\/p>\n<p>https:\/\/uaic.webex.com\/uaic\/j.php?MTID=mb4f989f15e91f9b9eada58d6d7aecf93<\/p>\n<p>dna POPESCU D. LUCIA-LARISA (c\u0103s. LIPAN) va sus\u0163ine, \u00een \u015fedin\u0163\u0103 public\u0103, teza de doctorat cu titlul<\/p>\n<p><b>STUDIUL AC\u0162IUNII UNOR FACTORI FIZICO-CHIMICI CU IMPACT ASUPRA MEDIULUI<\/b><\/p>\n<p>\u00een vederea ob\u0163inerii titlului \u015ftiin\u0163ific de doctor \u00een domeniul FIZIC\u0102.<\/p>\n<p>CV Popescu D. Lucia-Larisa (c\u0103s. Lipan)<\/p>\n<p>Comisia de doctorat are urm\u0103toarea componen\u0163\u0103:<\/p>\n<ul>\n<li><b>Pre\u015fedinte<\/b>:\n<ul>\n<li>Prof. univ. Dr. Diana Mihaela Mardare, Universitatea Alexandru Ioan Cuza din Ia\u0219i [ <a href=\"https:\/\/www.phys.uaic.ro\/wp-content\/uploads\/2024\/10\/CV-2024-MARDARE-D.-rom.pdf\" target=\"_blank\" rel=\"noopener\">CV<\/a> ]<\/li>\n<\/ul>\n<\/li>\n<\/ul>\n<ul>\n<li><b>Conduc\u0103tor \u015ftiin\u0163ific<\/b>:\n<ul>\n<li>Prof. univ. Dr. habil. Emilia Dorina Creang\u0103, Universitatea Alexandru Ioan Cuza din Ia\u0219i [<a href=\"https:\/\/www.phys.uaic.ro\/wp-content\/uploads\/2023\/09\/CV-D.CREANGA-ENGL.pdf\" target=\"_blank\" rel=\"noopener\"> CV<\/a> ]<\/li>\n<\/ul>\n<\/li>\n<\/ul>\n<ul>\n<li><b>Referen\u0163i<\/b>:\n<ul>\n<li>Prof. univ. Dr. David Ioan-Leontin, Universitatea Babe\u015f Bolyai Cluj Napoca [ CV ]<\/li>\n<li>Prof. univ. Dr. Isvoran Adriana Vetu\u0163a, Universitatea de Vest din Timi\u015foara [<a href=\"https:\/\/www.phys.uaic.ro\/wp-content\/uploads\/2024\/09\/CV-Adriana-Isvoran-2024.pdf\" target=\"_blank\" rel=\"noopener\"> CV<\/a> ]<\/li>\n<li>Prof. univ. Dr. Iacomi Felicia Dacia, Universitatea Alexandru Ioan Cuza din Ia\u0219i [ <a href=\"https:\/\/www.phys.uaic.ro\/wp-content\/uploads\/2022\/09\/CV_F.Iacomi.pdf\" target=\"_blank\" rel=\"noopener\">CV<\/a> ]<\/li>\n<\/ul>\n<\/li>\n<\/ul>\n<p><!--\n\nPersoanele care doresc s\u0103 vizioneze sus\u021binerea trebuie s\u0103 se conecteze la platforma Cisco Webex \u00eentr-unul din modurile:\n\n\n<ul>\n \t\n\n<li>link direct din browser\n\n\n<ul style=\"list-style-type: none\">\n \t\n\n<li><a href=\"https:\/\/uaic.webex.com\/uaic\/j.php?MTID=m9a190b6f582349462fd01ec0801c58a4\">https:\/\/uaic.webex.com\/uaic\/j.php?MTID=m9a190b6f582349462fd01ec0801c58a4<\/a><\/li>\n\n\n<\/ul>\n\n\n<\/li>\n\n\n \t\n\n<li>direct din aplica\u0163ie\n\n\n<ul style=\"list-style-type: none\">\n \t\n\n<li><b>Meeting number (access code)<\/b>: 121 904 0619<\/li>\n\n\n \t\n\n<li><b>Meeting password<\/b>: N4EpmXeCc74<\/li>\n\n\n<\/ul>\n\n\n<\/li>\n\n\n \t\n\n<li>prin telefon\n\n\n<ul style=\"list-style-type: none\">\n \t\n\n<li>+40-31-1305-284 Romania Toll<\/li>\n\n\n \t\n\n<li>+40-21-5891-423 Romania Toll<\/li>\n\n\n<\/ul>\n\n\n<\/li>\n\n\n<\/ul>\n\n\n\u00cent\u00e2lnirea este programat\u0103 s\u0103 \u00eenceap\u0103 la 10:00.\n\n<b><span style=\"color: #ff0000;\">Aten\u021bie! \u00cent\u00e2lnirea este \u00eenregistrat\u0103 audio-video, autentificarea dumneavoastr\u0103 se consider\u0103 acordul pentru \u00eenregistrare.<\/span><\/b>\n\n--><\/p>\n<p>Teza poate fi consultat\u0103 la Biblioteca Facult\u0103\u0163ii de Fizic\u0103.<\/p>\n<ul>\n<li>Rezumatul tezei de doctorat<\/li>\n<\/ul>\n","protected":false},"excerpt":{"rendered":"<p>La data de 14.07.2021, ora 10:00, \u00een online, platforma WEBEX, https:\/\/uaic.webex.com\/uaic\/j.php?MTID=mb4f989f15e91f9b9eada58d6d7aecf93 dna POPESCU D. LUCIA-LARISA (c\u0103s. LIPAN) va sus\u0163ine, \u00een \u015fedin\u0163\u0103 public\u0103, teza de doctorat cu titlul STUDIUL AC\u0162IUNII UNOR FACTORI FIZICO-CHIMICI CU IMPACT ASUPRA MEDIULUI \u00een vederea ob\u0163inerii titlului \u015ftiin\u0163ific de doctor \u00een domeniul FIZIC\u0102. CV Popescu D. Lucia-Larisa (c\u0103s. Lipan) Comisia de doctorat are urm\u0103toarea componen\u0163\u0103:\u2026 <span class=\"read-more\"><a href=\"https:\/\/www.phys.uaic.ro\/index.php\/scoala-doctorala\/sustineri-teze-doctorat\/popescu-lipan-lucia-larisa-doctorat\/\">Read More &raquo;<\/a><\/span><\/p>\n","protected":false},"author":3,"featured_media":0,"parent":158,"menu_order":0,"comment_status":"closed","ping_status":"closed","template":"","meta":{"footnotes":""},"class_list":["post-12983","page","type-page","status-publish","hentry"],"_links":{"self":[{"href":"https:\/\/www.phys.uaic.ro\/index.php\/wp-json\/wp\/v2\/pages\/12983","targetHints":{"allow":["GET"]}}],"collection":[{"href":"https:\/\/www.phys.uaic.ro\/index.php\/wp-json\/wp\/v2\/pages"}],"about":[{"href":"https:\/\/www.phys.uaic.ro\/index.php\/wp-json\/wp\/v2\/types\/page"}],"author":[{"embeddable":true,"href":"https:\/\/www.phys.uaic.ro\/index.php\/wp-json\/wp\/v2\/users\/3"}],"replies":[{"embeddable":true,"href":"https:\/\/www.phys.uaic.ro\/index.php\/wp-json\/wp\/v2\/comments?post=12983"}],"version-history":[{"count":0,"href":"https:\/\/www.phys.uaic.ro\/index.php\/wp-json\/wp\/v2\/pages\/12983\/revisions"}],"up":[{"embeddable":true,"href":"https:\/\/www.phys.uaic.ro\/index.php\/wp-json\/wp\/v2\/pages\/158"}],"wp:attachment":[{"href":"https:\/\/www.phys.uaic.ro\/index.php\/wp-json\/wp\/v2\/media?parent=12983"}],"curies":[{"name":"wp","href":"https:\/\/api.w.org\/{rel}","templated":true}]}}