{"id":1323,"date":"2018-02-20T20:59:08","date_gmt":"2018-02-20T20:59:08","guid":{"rendered":"http:\/\/www.phys.uaic.ro\/?page_id=1323"},"modified":"2025-01-29T11:32:14","modified_gmt":"2025-01-29T09:32:14","slug":"teslaru-teodora-lacramioara-doctorat","status":"publish","type":"page","link":"https:\/\/www.phys.uaic.ro\/index.php\/scoala-doctorala\/sustineri-teze-doctorat\/teslaru-teodora-lacramioara-doctorat\/","title":{"rendered":"Sus\u021binerea tezei de doctorat a drd. Teslaru Teodora L\u0103cramioara pe 29.9.2015"},"content":{"rendered":"<p>La data de 29.9.2015, ora 10:00, \u00een sala de conferinte Ferdinand, dna TESLARU TEODORA lACRAMIOARA va sus\u0163ine, \u00een \u015fedin\u0163\u0103 public\u0103, teza de doctorat cu titlul<\/p>\n<p><b>CARACTERIZAREA FILMELOR DE POLITIOFEN OBTINUTE IN REACTORI CU PLASMA LA PRESIUNE ATMOSFERICA<\/b><\/p>\n<p>\u00een vederea ob\u0163inerii titlului \u015ftiin\u0163ific de doctor \u00een domeniul fundamental STIINTE EXACTE, domeniul de doctorat FIZIC\u0102.<\/p>\n<p>Comisia de doctorat are urm\u0103toarea componen\u0163\u0103:<\/p>\n<ul>\n<li><b>Pre\u015fedinte<\/b>:\n<ul>\n<li>Prof. Univ. Dr. Diana Mihaela Mardare, Facultatea de Fizica, Universitatea Alexandru Ioan Cuza, Ia\u015fi<\/li>\n<\/ul>\n<\/li>\n<\/ul>\n<ul>\n<li><b>Conduc\u0103tor \u015ftiin\u0163ific<\/b>:\n<ul>\n<li>Prof. Univ. Dr. Nicoleta Dumitrascu, Facultatea de Fizica, Universitatea Alexandru Ioan Cuza, Ia\u015fi<\/li>\n<\/ul>\n<\/li>\n<\/ul>\n<ul>\n<li><b>Referen\u0163i<\/b>:\n<ul>\n<li>Prof. Univ. Dr. Tudor Luchian, Facultatea de Fizica, Universitatea Alexandru Ioan Cuza, Ia\u015fi, Timisoara<\/li>\n<li>Prof. Univ. Dr. Sorin Dan Anghel, Facultatea de Fizica, Universitatea Babes-Bolyai, Cluj-Napoca<\/li>\n<li>C.S.I Dr. Mariana Pinteala, Institutul de Chimie Macromoleculara Petru Poni, Ia\u015fi<\/li>\n<\/ul>\n<\/li>\n<\/ul>\n<p>Teza poate fi consultat\u0103 la Biblioteca Facult\u0103\u0163ii de Fizic\u0103.<\/p>\n","protected":false},"excerpt":{"rendered":"<p>La data de 29.9.2015, ora 10:00, \u00een sala de conferinte Ferdinand, dna TESLARU TEODORA lACRAMIOARA va sus\u0163ine, \u00een \u015fedin\u0163\u0103 public\u0103, teza de doctorat cu titlul CARACTERIZAREA FILMELOR DE POLITIOFEN OBTINUTE IN REACTORI CU PLASMA LA PRESIUNE ATMOSFERICA \u00een vederea ob\u0163inerii titlului \u015ftiin\u0163ific de doctor \u00een domeniul fundamental STIINTE EXACTE, domeniul de doctorat FIZIC\u0102. Comisia de doctorat are urm\u0103toarea\u2026 <span class=\"read-more\"><a href=\"https:\/\/www.phys.uaic.ro\/index.php\/scoala-doctorala\/sustineri-teze-doctorat\/teslaru-teodora-lacramioara-doctorat\/\">Read More &raquo;<\/a><\/span><\/p>\n","protected":false},"author":3,"featured_media":0,"parent":158,"menu_order":0,"comment_status":"closed","ping_status":"closed","template":"","meta":{"footnotes":""},"class_list":["post-1323","page","type-page","status-publish","hentry"],"_links":{"self":[{"href":"https:\/\/www.phys.uaic.ro\/index.php\/wp-json\/wp\/v2\/pages\/1323","targetHints":{"allow":["GET"]}}],"collection":[{"href":"https:\/\/www.phys.uaic.ro\/index.php\/wp-json\/wp\/v2\/pages"}],"about":[{"href":"https:\/\/www.phys.uaic.ro\/index.php\/wp-json\/wp\/v2\/types\/page"}],"author":[{"embeddable":true,"href":"https:\/\/www.phys.uaic.ro\/index.php\/wp-json\/wp\/v2\/users\/3"}],"replies":[{"embeddable":true,"href":"https:\/\/www.phys.uaic.ro\/index.php\/wp-json\/wp\/v2\/comments?post=1323"}],"version-history":[{"count":0,"href":"https:\/\/www.phys.uaic.ro\/index.php\/wp-json\/wp\/v2\/pages\/1323\/revisions"}],"up":[{"embeddable":true,"href":"https:\/\/www.phys.uaic.ro\/index.php\/wp-json\/wp\/v2\/pages\/158"}],"wp:attachment":[{"href":"https:\/\/www.phys.uaic.ro\/index.php\/wp-json\/wp\/v2\/media?parent=1323"}],"curies":[{"name":"wp","href":"https:\/\/api.w.org\/{rel}","templated":true}]}}