{"id":13362,"date":"2021-07-20T20:30:57","date_gmt":"2021-07-20T20:30:57","guid":{"rendered":"https:\/\/www.phys.uaic.ro\/?page_id=13362"},"modified":"2023-06-27T00:46:58","modified_gmt":"2023-06-26T21:46:58","slug":"sesiune-admitere-iulie-2021","status":"publish","type":"page","link":"https:\/\/www.phys.uaic.ro\/index.php\/admitere\/romani-de-pretutindeni\/sesiune-admitere-iulie-2021\/","title":{"rendered":"Sesiune de admitere iulie 2021 &#8211; rom\u00e2ni de pretutindeni"},"content":{"rendered":"<p><!--\n\n\n<div class=\"colorbox\" style=\"background-color: #e6e6e6;\"><\/div>\n\n\n&nbsp;--><\/p>\n<div class=\"colorbox\" style=\"background-color: #e6e6e6;\">\n<h3><b>Rezultate admitere la licen\u021b\u0103<\/b><\/h3>\n<ul>\n<li><a href=\"http:\/\/www.phys.uaic.ro\/wp\/admitere\/iulie-2021\/lista-candidati-republica-moldova-licenta-admisi-buget-iulie-2021.pdf\">Lista candidatilor din Republica Moldova declarati admisi la domeniul Fizica &#8211; buget, cu bursa &#8211; in ordine descrescatoare a mediilor<\/a> <img decoding=\"async\" style=\"vertical-align: top; width: 20px; height: 20px;\" src=\"http:\/\/www.phys.uaic.ro\/wp\/imagini\/pdf-icon.png\" alt=\"pdf\" \/><\/li>\n<li><a href=\"http:\/\/www.phys.uaic.ro\/wp\/admitere\/iulie-2021\/lista-candidati-republica-moldova-licenta-admisi-taxe-iulie-2021.pdf\">Lista candidatilor din Republica Moldova declarati admisi la domeniul Fizica &#8211; taxa &#8211; in ordine descrescatoare a mediilor<\/a> <img decoding=\"async\" style=\"vertical-align: top; width: 20px; height: 20px;\" src=\"http:\/\/www.phys.uaic.ro\/wp\/imagini\/pdf-icon.png\" alt=\"pdf\" \/><\/li>\n<li><a href=\"http:\/\/www.phys.uaic.ro\/wp\/admitere\/iulie-2021\/lista-candidati-republica-moldova-rezerve-iulie-2021.pdf\">Lista candidatilor din Republica Moldova rezerve la domeniul Fizica &#8211; in ordine descrescatoare a mediilor<\/a> <img decoding=\"async\" style=\"vertical-align: top; width: 20px; height: 20px;\" src=\"http:\/\/www.phys.uaic.ro\/wp\/imagini\/pdf-icon.png\" alt=\"pdf\" \/><\/li>\n<li>\n<h4><a href=\"https:\/\/www.phys.uaic.ro\/wp-content\/uploads\/2021\/07\/balti_licenta_rezultate_iulie2021.pdf\">Extensiunea B\u0103l\u021bi &#8211; Lista candida\u021bilor admi\u0219i, ordona\u021bi dup\u0103 media general\u0103, descresc\u0103tor<\/a>\u00a0<img decoding=\"async\" style=\"vertical-align: top; width: 20px; height: 20px;\" src=\"http:\/\/www.phys.uaic.ro\/wp\/imagini\/pdf-icon.png\" alt=\"pdf\" \/><\/h4>\n<\/li>\n<\/ul>\n<p>\u00cen perioada <span style=\"color: red;\">21.07-23.07.2021<\/span>, <span style=\"color: red;\">26.07-28.07.2021<\/span>:<\/p>\n<ul>\n<li>candida\u0163ii admi\u015fi pe locurile cu tax\u0103 de studii vor achita <b>30% din taxa sem.I: 500 RON<\/b>;<\/li>\n<li>candida\u0163ii admi\u015fi vor semna <b>contractul de studii<\/b>.<\/li>\n<\/ul>\n<p>Documente ce trebuiesc depuse la dosar \u00een perioada <span style=\"color: red;\">21.07-23.07.2021<\/span>, <span style=\"color: red;\">26.07-28.07.2021<\/span>:<\/p>\n<ul>\n<li><b>diploma de bacalaureat \u00een original<\/b> (\u00een cazul \u00een care nu este deja depus\u0103 la dosar)<\/li>\n<li><b>foaia matricol\u0103 \u00een original<\/b> (\u00een cazul \u00een care nu este deja depus\u0103 la dosar)<\/li>\n<\/ul>\n<p>\u00cen caz contrar se pierde calitatea de student, iar locul r\u0103mas liber va fi scos din nou la concurs sau va fi ocupat, \u00een ordinea descresc\u0103toare a mediilor la admitere, de un alt candidat.<\/p>\n<p>Candidatii care nu vor sa confirme locul sunt rugati sa trimita email pe <span style=\"color: blue;\">fizica@uaic.ro<\/span> .<\/p>\n<\/div>\n<p>&nbsp;<\/p>\n<div class=\"colorbox\" style=\"background-color: #e6e6e6;\">\n<h3><b>Rezultate admitere la master<\/b><\/h3>\n<ul>\n<li style=\"list-style-type: none;\">\n<ul>\n<li><a href=\"http:\/\/www.phys.uaic.ro\/wp\/admitere\/iulie-2021\/lista-candidati-republica-moldova-master-admisi-iulie-2021.pdf\">Lista candidatilor din Republica Moldova declarati admisi la domeniul Fizica master &#8211; in ordine descrescatoare a mediilor<\/a> <img decoding=\"async\" style=\"vertical-align: top; width: 20px; height: 20px;\" src=\"http:\/\/www.phys.uaic.ro\/wp\/imagini\/pdf-icon.png\" alt=\"pdf\" \/><\/li>\n<li>\n<h4><a href=\"https:\/\/www.phys.uaic.ro\/wp-content\/uploads\/2021\/07\/balti_master_rezultate_iulie2021.pdf\">Extensiunea B\u0103l\u021bi &#8211; Lista candida\u021bilor admi\u0219i, ordona\u021bi dup\u0103 media general\u0103, descresc\u0103tor<\/a>\u00a0<img decoding=\"async\" style=\"vertical-align: top; width: 20px; height: 20px;\" src=\"http:\/\/www.phys.uaic.ro\/wp\/imagini\/pdf-icon.png\" alt=\"pdf\" \/><\/h4>\n<\/li>\n<\/ul>\n<\/li>\n<\/ul>\n<p><!--\n \t\n\n<li><a href=\"http:\/\/www.phys.uaic.ro\/wp\/admitere\/iulie-2021\/lista-master-admisi-taxe-iulie-2021.pdf\">Lista candida\u021bilor admi\u0219i cu finan\u021bare din TAXE - ordonati dupa media generala, descescator<\/a> <img decoding=\"async\" style=\"vertical-align: top; width: 20px; height: 20px;\" src=\"http:\/\/www.phys.uaic.ro\/wp\/imagini\/pdf-icon.png\" alt=\"pdf\" \/><\/li>\n\n\n--><\/p>\n<p>\u00cen perioada <span style=\"color: red;\">21.07-23.07.2021<\/span>, <span style=\"color: red;\">26.07-28.07.2021<\/span>:<\/p>\n<ul>\n<li>candida\u0163ii admi\u015fi pe locurile cu tax\u0103 de studii vor achita <b>30% din taxa sem.I: 500 RON<\/b>;<\/li>\n<li>candida\u0163ii admi\u015fi vor semna <b>contractul de studii<\/b>.<\/li>\n<\/ul>\n<p>Documente ce trebuiesc depuse la dosar \u00een perioada <span style=\"color: red;\">21.07-23.07.2021<\/span>, <span style=\"color: red;\">26.07-28.07.2021<\/span>:<\/p>\n<ul>\n<li><b>diploma de bacalaureat \u00een original<\/b> (\u00een cazul \u00een care nu este deja depus\u0103 la dosar)<\/li>\n<li><b>adeverin\u0163a \/ diploma de licen\u0163\u0103 \u00een original<\/b> (\u00een cazul \u00een care nu este deja depus\u0103 la dosar)<\/li>\n<li><b>foaia matricol\u0103 \/ suplimentul la diplom\u0103 \u00een original<\/b> (\u00een cazul \u00een care nu este deja depus\u0103 la dosar)<\/li>\n<\/ul>\n<p>\u00cen caz contrar se pierde calitatea de student, iar locul r\u0103mas liber va fi scos din nou la concurs sau va fi ocupat, \u00een ordinea descresc\u0103toare a mediilor la admitere, de un alt candidat.<\/p>\n<p>Candidatii care nu vor sa confirme locul sunt rugati sa trimita email pe <span style=\"color: blue;\">fizica@uaic.ro<\/span> .<\/p>\n<\/div>\n","protected":false},"excerpt":{"rendered":"<p>Rezultate admitere la licen\u021b\u0103 Lista candidatilor din Republica Moldova declarati admisi la domeniul Fizica &#8211; buget, cu bursa &#8211; in ordine descrescatoare a mediilor Lista candidatilor din Republica Moldova declarati admisi la domeniul Fizica &#8211; taxa &#8211; in ordine descrescatoare a mediilor Lista candidatilor din Republica Moldova rezerve la domeniul Fizica &#8211; in ordine descrescatoare a mediilor Extensiunea\u2026 <span class=\"read-more\"><a href=\"https:\/\/www.phys.uaic.ro\/index.php\/admitere\/romani-de-pretutindeni\/sesiune-admitere-iulie-2021\/\">Read More &raquo;<\/a><\/span><\/p>\n","protected":false},"author":3,"featured_media":0,"parent":13355,"menu_order":0,"comment_status":"closed","ping_status":"closed","template":"","meta":{"footnotes":""},"class_list":["post-13362","page","type-page","status-publish","hentry"],"_links":{"self":[{"href":"https:\/\/www.phys.uaic.ro\/index.php\/wp-json\/wp\/v2\/pages\/13362","targetHints":{"allow":["GET"]}}],"collection":[{"href":"https:\/\/www.phys.uaic.ro\/index.php\/wp-json\/wp\/v2\/pages"}],"about":[{"href":"https:\/\/www.phys.uaic.ro\/index.php\/wp-json\/wp\/v2\/types\/page"}],"author":[{"embeddable":true,"href":"https:\/\/www.phys.uaic.ro\/index.php\/wp-json\/wp\/v2\/users\/3"}],"replies":[{"embeddable":true,"href":"https:\/\/www.phys.uaic.ro\/index.php\/wp-json\/wp\/v2\/comments?post=13362"}],"version-history":[{"count":0,"href":"https:\/\/www.phys.uaic.ro\/index.php\/wp-json\/wp\/v2\/pages\/13362\/revisions"}],"up":[{"embeddable":true,"href":"https:\/\/www.phys.uaic.ro\/index.php\/wp-json\/wp\/v2\/pages\/13355"}],"wp:attachment":[{"href":"https:\/\/www.phys.uaic.ro\/index.php\/wp-json\/wp\/v2\/media?parent=13362"}],"curies":[{"name":"wp","href":"https:\/\/api.w.org\/{rel}","templated":true}]}}