{"id":13510,"date":"2021-08-10T19:28:35","date_gmt":"2021-08-10T19:28:35","guid":{"rendered":"https:\/\/www.phys.uaic.ro\/?page_id=13510"},"modified":"2021-09-09T11:38:19","modified_gmt":"2021-09-09T11:38:19","slug":"admitere-licenta-septembrie-2021","status":"publish","type":"page","link":"https:\/\/www.phys.uaic.ro\/index.php\/admitere\/admitere-licenta\/admitere-licenta-septembrie-2021\/","title":{"rendered":"Admiterea la licen\u021b\u0103 &#8211; Sesiunea septembrie 2021"},"content":{"rendered":"<ul>\n<li><a href=\"https:\/\/admitere.uaic.ro\/wp-content\/uploads\/2021\/02\/SS_Metodologie-admitere_Licenta-2021.pdf\">Link<\/a> la Metodologia privind organizarea \u015fi desf\u0103\u015furarea admiterii \u00een ciclul de studii universitare de licen\u0163\u0103 pentru anul universitar 2021\/2022 <img decoding=\"async\" style=\"vertical-align: top; width: 20px; height: 20px;\" src=\"http:\/\/www.phys.uaic.ro\/wp\/imagini\/pdf-icon.png\" alt=\"pdf\" \/><\/li>\n<\/ul>\n<ul>\n<li><a href=\"organizare-admitere-licenta-septembrie-2021\">Organizarea admiterii la licen\u021b\u0103 septembrie 2021<\/a><\/li>\n<\/ul>\n<ul>\n<li><a href=\"rezultate-admitere-licenta-septembrie-2021\">Rezultate admitere la licen\u021b\u0103 septembrie 2021<\/a><\/li>\n<\/ul>\n<p><!--\n\n<ul>\n\n\n<li><a href=\"rezultate-confirmate-admitere-licenta-28-septembrie-2021\">Rezultate admitere la licen\u021b\u0103 dup\u0103 confirmarea locurilor - 28 septembrie 2021<\/a><\/li>\n\n\n<\/ul>\n\n--><\/p>\n<ul>\n<li><a href=\"http:\/\/www.phys.uaic.ro\/wp\/admitere\/septembrie-2021\/protectie-date-personale-admitere.pdf\">Not\u0103 de informare privind protec\u0163ia datelor cu caracter personal<\/a> <img decoding=\"async\" style=\"vertical-align: top; width: 20px; height: 20px;\" src=\"http:\/\/www.phys.uaic.ro\/wp\/imagini\/pdf-icon.png\" alt=\"pdf\" \/><\/li>\n<\/ul>\n<p><!--\n\n\n<ul>\n \t\n\n<li>Formular <a href=\"http:\/\/www.phys.uaic.ro\/wp\/admitere\/septembrie-2021\/declaratie-proprie-raspundere-covid-19-septembrie-2021.pdf\">Declaratie pe proprie raspundere COVID-19<\/a> <img decoding=\"async\" style=\"vertical-align: top; width: 20px; height: 20px;\" src=\"http:\/\/www.phys.uaic.ro\/wp\/imagini\/pdf-icon.png\" alt=\"pdf\" \/><\/li>\n\n\n<\/ul>\n\n\n--><\/p>\n","protected":false},"excerpt":{"rendered":"<p>Link la Metodologia privind organizarea \u015fi desf\u0103\u015furarea admiterii \u00een ciclul de studii universitare de licen\u0163\u0103 pentru anul universitar 2021\/2022 Organizarea admiterii la licen\u021b\u0103 septembrie 2021 Rezultate admitere la licen\u021b\u0103 septembrie 2021 Not\u0103 de informare privind protec\u0163ia datelor cu caracter personal<\/p>\n","protected":false},"author":3,"featured_media":0,"parent":115,"menu_order":0,"comment_status":"closed","ping_status":"closed","template":"","meta":{"footnotes":""},"class_list":["post-13510","page","type-page","status-publish","hentry"],"_links":{"self":[{"href":"https:\/\/www.phys.uaic.ro\/index.php\/wp-json\/wp\/v2\/pages\/13510","targetHints":{"allow":["GET"]}}],"collection":[{"href":"https:\/\/www.phys.uaic.ro\/index.php\/wp-json\/wp\/v2\/pages"}],"about":[{"href":"https:\/\/www.phys.uaic.ro\/index.php\/wp-json\/wp\/v2\/types\/page"}],"author":[{"embeddable":true,"href":"https:\/\/www.phys.uaic.ro\/index.php\/wp-json\/wp\/v2\/users\/3"}],"replies":[{"embeddable":true,"href":"https:\/\/www.phys.uaic.ro\/index.php\/wp-json\/wp\/v2\/comments?post=13510"}],"version-history":[{"count":0,"href":"https:\/\/www.phys.uaic.ro\/index.php\/wp-json\/wp\/v2\/pages\/13510\/revisions"}],"up":[{"embeddable":true,"href":"https:\/\/www.phys.uaic.ro\/index.php\/wp-json\/wp\/v2\/pages\/115"}],"wp:attachment":[{"href":"https:\/\/www.phys.uaic.ro\/index.php\/wp-json\/wp\/v2\/media?parent=13510"}],"curies":[{"name":"wp","href":"https:\/\/api.w.org\/{rel}","templated":true}]}}