{"id":13519,"date":"2021-08-10T20:23:26","date_gmt":"2021-08-10T20:23:26","guid":{"rendered":"https:\/\/www.phys.uaic.ro\/?page_id=13519"},"modified":"2021-08-10T20:23:26","modified_gmt":"2021-08-10T20:23:26","slug":"organizare-admitere-licenta-septembrie-2021","status":"publish","type":"page","link":"https:\/\/www.phys.uaic.ro\/index.php\/admitere\/admitere-licenta\/admitere-licenta-septembrie-2021\/organizare-admitere-licenta-septembrie-2021\/","title":{"rendered":"Organizarea admiterii la licen\u021b\u0103 septembrie 2021"},"content":{"rendered":"<ul>\n<li><a href=\"numar-locuri-licenta-septembrie-2021\">Num\u0103rul de locuri<\/a><\/li>\n<\/ul>\n<ul>\n<li><a href=\"perioada-admitere-licenta-septembrie-2021\">Perioada admiterii<\/a><\/li>\n<\/ul>\n<ul>\n<li><a href=\"conditii-admitere-taxe-licenta-septembrie-2021\">Condi\u021bii de admitere \u0219i taxe<\/a><\/li>\n<\/ul>\n<ul>\n<li><a href=\"acte-licenta-septembrie-2021\">Actele necesare<\/a><\/li>\n<\/ul>\n<ul>\n<li><b>Informa\u021bii<\/b> despre admitere:\n<ul>\n<li>Tel: 0232 201050<\/li>\n<li>E-mail: <span style=\"color: blue;\">fizica@uaic.ro<\/span><\/li>\n<li>Site-ul Facult\u0103\u021bii de Fizic\u0103: <a href=\"http:\/\/www.phys.uaic.ro\">http:\/\/www.phys.uaic.ro<\/a><\/li>\n<li>Site-ul universit\u0103\u021bii dedicat admiterii: <a href=\"http:\/\/admitere.uaic.ro\/\">http:\/\/admitere.uaic.ro\/<\/a><\/li>\n<\/ul>\n<\/li>\n<\/ul>\n<p>Candida\u021bii declara\u021bi reu\u0219i\u021bi \u00een condi\u021biile de mai sus vor avea prioritate, \u021bin\u00e2ndu-se cont de media de admitere, \u00een ob\u021binerea bursei de studiu \u0219i a unui loc \u00een c\u0103minele universit\u0103\u021bii.<\/p>\n","protected":false},"excerpt":{"rendered":"<p>Num\u0103rul de locuri Perioada admiterii Condi\u021bii de admitere \u0219i taxe Actele necesare Informa\u021bii despre admitere: Tel: 0232 201050 E-mail: fizica@uaic.ro Site-ul Facult\u0103\u021bii de Fizic\u0103: http:\/\/www.phys.uaic.ro Site-ul universit\u0103\u021bii dedicat admiterii: http:\/\/admitere.uaic.ro\/ Candida\u021bii declara\u021bi reu\u0219i\u021bi \u00een condi\u021biile de mai sus vor avea prioritate, \u021bin\u00e2ndu-se cont de media de admitere, \u00een ob\u021binerea bursei de studiu \u0219i a unui loc \u00een c\u0103minele\u2026 <span class=\"read-more\"><a href=\"https:\/\/www.phys.uaic.ro\/index.php\/admitere\/admitere-licenta\/admitere-licenta-septembrie-2021\/organizare-admitere-licenta-septembrie-2021\/\">Read More &raquo;<\/a><\/span><\/p>\n","protected":false},"author":3,"featured_media":0,"parent":13510,"menu_order":0,"comment_status":"closed","ping_status":"closed","template":"","meta":{"footnotes":""},"class_list":["post-13519","page","type-page","status-publish","hentry"],"_links":{"self":[{"href":"https:\/\/www.phys.uaic.ro\/index.php\/wp-json\/wp\/v2\/pages\/13519","targetHints":{"allow":["GET"]}}],"collection":[{"href":"https:\/\/www.phys.uaic.ro\/index.php\/wp-json\/wp\/v2\/pages"}],"about":[{"href":"https:\/\/www.phys.uaic.ro\/index.php\/wp-json\/wp\/v2\/types\/page"}],"author":[{"embeddable":true,"href":"https:\/\/www.phys.uaic.ro\/index.php\/wp-json\/wp\/v2\/users\/3"}],"replies":[{"embeddable":true,"href":"https:\/\/www.phys.uaic.ro\/index.php\/wp-json\/wp\/v2\/comments?post=13519"}],"version-history":[{"count":0,"href":"https:\/\/www.phys.uaic.ro\/index.php\/wp-json\/wp\/v2\/pages\/13519\/revisions"}],"up":[{"embeddable":true,"href":"https:\/\/www.phys.uaic.ro\/index.php\/wp-json\/wp\/v2\/pages\/13510"}],"wp:attachment":[{"href":"https:\/\/www.phys.uaic.ro\/index.php\/wp-json\/wp\/v2\/media?parent=13519"}],"curies":[{"name":"wp","href":"https:\/\/api.w.org\/{rel}","templated":true}]}}