{"id":13521,"date":"2021-08-10T21:37:56","date_gmt":"2021-08-10T21:37:56","guid":{"rendered":"https:\/\/www.phys.uaic.ro\/?page_id=13521"},"modified":"2021-08-11T12:02:59","modified_gmt":"2021-08-11T12:02:59","slug":"numar-locuri-licenta-septembrie-2021","status":"publish","type":"page","link":"https:\/\/www.phys.uaic.ro\/index.php\/admitere\/admitere-licenta\/admitere-licenta-septembrie-2021\/organizare-admitere-licenta-septembrie-2021\/numar-locuri-licenta-septembrie-2021\/","title":{"rendered":"Num\u0103rul de locuri la licen\u021b\u0103 septembrie 2021"},"content":{"rendered":"<p>&nbsp;<\/p>\n<table style=\"border: 1px solid black; color: black; font-size: 10px;\">\n<tr>\n<td style=\"border: 1px solid black;\" rowspan=\"3\">Domeniul de licen\u0163\u0103<\/td>\n<td style=\"border: 1px solid black;\" rowspan=\"3\">Specializarea\/Programul de studii universitare de licen\u0163\u0103<\/td>\n<td style=\"border: 1px solid black; text-align: center;\" rowspan=\"3\">Limba de predare<\/td>\n<td style=\"border: 1px solid black; text-align: center;\" rowspan=\"3\">Forma de invatamant<\/td>\n<td style=\"border: 1px solid black; text-align: center;\" rowspan=\"3\">Numar credite<\/td>\n<td style=\"border: 1px solid black; text-align: center;\" colspan=\"4\">Numar locuri<\/td>\n<\/tr>\n<tr>\n<td style=\"border: 1px solid black; text-align: center;\" colspan=\"2\">Romani,UE,SEE<\/td>\n<td style=\"border: 1px solid black; text-align: center;\" colspan=\"2\">Romani de pretutindeni<\/td>\n<\/tr>\n<tr>\n<td style=\"border: 1px solid black; text-align: center;\">Buget<\/td>\n<td style=\"border: 1px solid black; text-align: center;\">Taxa<\/td>\n<td style=\"border: 1px solid black; text-align: center;\">Buget<\/td>\n<td style=\"border: 1px solid black; text-align: center;\">Taxa<\/td>\n<\/tr>\n<tr>\n<td style=\"border: 1px solid black; font-size: 13px;\">Fizic\u0103<\/td>\n<td style=\"border: 1px solid black; font-size: 13px;\">Physics<\/td>\n<td style=\"border: 1px solid black; text-align: center;\">Engleza<\/td>\n<td style=\"border: 1px solid black; text-align: center;\">IF<\/td>\n<td style=\"border: 1px solid black; text-align: center;\">180<\/td>\n<td style=\"border: 1px solid black; font-size: 14px; text-align: center;\">0<\/td>\n<td style=\"border: 1px solid black; font-size: 14px; text-align: center;\">5<\/td>\n<td style=\"border: 1px solid black; font-size: 14px; text-align: center;\">0<\/td>\n<td style=\"border: 1px solid black; font-size: 14px; text-align: center;\">0<\/td>\n<\/tr>\n<\/table>\n<p>&nbsp;<\/p>\n<table style=\"border: 1px solid black; color: black; font-size: 10px;\">\n<tr>\n<td style=\"border: 1px solid black;\" rowspan=\"3\">Domeniul de licen\u0163\u0103<\/td>\n<td style=\"border: 1px solid black;\" rowspan=\"3\">Specializarea\/Programul de studii universitare de licen\u0163\u0103<\/td>\n<td style=\"border: 1px solid black; text-align: center;\" rowspan=\"3\">Limba de predare<\/td>\n<td style=\"border: 1px solid black; text-align: center;\" rowspan=\"3\">Forma de invatamant<\/td>\n<td style=\"border: 1px solid black; text-align: center;\" rowspan=\"3\">Numar credite<\/td>\n<td style=\"border: 1px solid black; text-align: center;\" colspan=\"4\">Numar locuri<\/td>\n<\/tr>\n<tr>\n<td style=\"border: 1px solid black; text-align: center;\" colspan=\"2\">Romani,UE,SEE<\/td>\n<td style=\"border: 1px solid black; text-align: center;\" colspan=\"2\">Romani de pretutindeni<\/td>\n<\/tr>\n<tr>\n<td style=\"border: 1px solid black; text-align: center;\">Buget<\/td>\n<td style=\"border: 1px solid black; text-align: center;\">Taxa<\/td>\n<td style=\"border: 1px solid black; text-align: center;\">Buget<\/td>\n<td style=\"border: 1px solid black; text-align: center;\">Taxa<\/td>\n<\/tr>\n<tr>\n<td style=\"border: 1px solid black; font-size: 13px;\" rowspan=\"4\">Fizic\u0103<\/td>\n<td style=\"border: 1px solid black; font-size: 13px;\">Fizic\u0103<\/td>\n<td style=\"border: 1px solid black; text-align: center;\">Romana<\/td>\n<td style=\"border: 1px solid black; text-align: center;\">IF<\/td>\n<td style=\"border: 1px solid black; text-align: center;\">180<\/td>\n<td style=\"border: 1px solid black; font-size: 14px; text-align: center;\" rowspan=\"4\">10<\/td>\n<td style=\"border: 1px solid black; font-size: 14px; text-align: center;\" rowspan=\"4\">36<\/td>\n<td style=\"border: 1px solid black; font-size: 14px; text-align: center;\" rowspan=\"4\">0<\/td>\n<td style=\"border: 1px solid black; font-size: 14px; text-align: center;\" rowspan=\"4\">0<\/td>\n<\/tr>\n<tr>\n<td style=\"border: 1px solid black; font-size: 13px;\">Fizic\u0103 informatic\u0103<\/td>\n<td style=\"border: 1px solid black; text-align: center;\">Romana<\/td>\n<td style=\"border: 1px solid black; text-align: center;\">IF<\/td>\n<td style=\"border: 1px solid black; text-align: center;\">180<\/td>\n<\/tr>\n<tr>\n<td style=\"border: 1px solid black; font-size: 13px;\">Biofizic\u0103<\/td>\n<td style=\"border: 1px solid black; text-align: center;\">Romana<\/td>\n<td style=\"border: 1px solid black; text-align: center;\">IF<\/td>\n<td style=\"border: 1px solid black; text-align: center;\">180<\/td>\n<\/tr>\n<tr>\n<td style=\"border: 1px solid black; font-size: 13px;\">Fizic\u0103 medical\u0103<\/td>\n<td style=\"border: 1px solid black; text-align: center;\">Romana<\/td>\n<td style=\"border: 1px solid black; text-align: center;\">IF<\/td>\n<td style=\"border: 1px solid black; text-align: center;\">180<\/td>\n<\/tr>\n<\/table>\n<p>&nbsp;<\/p>\n<table style=\"border: 1px solid black; color: black; font-size: 10px;\">\n<tr>\n<td style=\"border: 1px solid black;\" rowspan=\"3\">Domeniul de licen\u0163\u0103<\/td>\n<td style=\"border: 1px solid black;\" rowspan=\"3\">Specializarea\/Programul de studii universitare de licen\u0163\u0103<\/td>\n<td style=\"border: 1px solid black; text-align: center;\" rowspan=\"3\">Limba de predare<\/td>\n<td style=\"border: 1px solid black; text-align: center;\" rowspan=\"3\">Forma de invatamant<\/td>\n<td style=\"border: 1px solid black; text-align: center;\" rowspan=\"3\">Numar credite<\/td>\n<td style=\"border: 1px solid black; text-align: center;\" colspan=\"4\">Numar locuri<\/td>\n<\/tr>\n<tr>\n<td style=\"border: 1px solid black; text-align: center;\" colspan=\"2\">Romani,UE,SEE<\/td>\n<td style=\"border: 1px solid black; text-align: center;\" colspan=\"2\">Romani de pretutindeni<\/td>\n<\/tr>\n<tr>\n<td style=\"border: 1px solid black; text-align: center;\">Buget<\/td>\n<td style=\"border: 1px solid black; text-align: center;\">Taxa<\/td>\n<td style=\"border: 1px solid black; text-align: center;\">Buget<\/td>\n<td style=\"border: 1px solid black; text-align: center;\">Taxa<\/td>\n<\/tr>\n<tr>\n<td style=\"border: 1px solid black; font-size: 13px;\" rowspan=\"2\">\u015etiin\u0163e inginere\u015fti aplicate<\/td>\n<td style=\"border: 1px solid black; font-size: 13px;\">Fizic\u0103 tehnologic\u0103 (Ia\u0219i)<\/td>\n<td style=\"border: 1px solid black; text-align: center;\">Romana<\/td>\n<td style=\"border: 1px solid black; text-align: center;\">IF<\/td>\n<td style=\"border: 1px solid black; text-align: center;\">240<\/td>\n<td style=\"border: 1px solid black; font-size: 14px; text-align: center;\">0<\/td>\n<td style=\"border: 1px solid black; font-size: 14px; text-align: center;\">5<\/td>\n<td style=\"border: 1px solid black; font-size: 14px; text-align: center;\">0<\/td>\n<td style=\"border: 1px solid black; font-size: 14px; text-align: center;\">0<\/td>\n<\/tr>\n<tr>\n<td style=\"border: 1px solid black; font-size: 13px;\">Fizic\u0103 tehnologic\u0103 (B\u0103l\u021bi)<\/td>\n<td style=\"border: 1px solid black; text-align: center;\">Romana<\/td>\n<td style=\"border: 1px solid black; text-align: center;\">IF<\/td>\n<td style=\"border: 1px solid black; text-align: center;\">240<\/td>\n<td style=\"border: 1px solid black; font-size: 14px; text-align: center;\">0<\/td>\n<td style=\"border: 1px solid black; font-size: 14px; text-align: center;\">0<\/td>\n<td style=\"border: 1px solid black; font-size: 14px; text-align: center;\">21<\/td>\n<td style=\"border: 1px solid black; font-size: 14px; text-align: center;\">0<\/td>\n<\/tr>\n<\/table>\n<p>&nbsp;<\/p>\n","protected":false},"excerpt":{"rendered":"<p>&nbsp; Domeniul de licen\u0163\u0103 Specializarea\/Programul de studii universitare de licen\u0163\u0103 Limba de predare Forma de invatamant Numar credite Numar locuri Romani,UE,SEE Romani de pretutindeni Buget Taxa Buget Taxa Fizic\u0103 Physics Engleza IF 180 0 5 0 0 &nbsp; Domeniul de licen\u0163\u0103 Specializarea\/Programul de studii universitare de licen\u0163\u0103 Limba de predare Forma de invatamant Numar credite Numar locuri Romani,UE,SEE\u2026 <span class=\"read-more\"><a href=\"https:\/\/www.phys.uaic.ro\/index.php\/admitere\/admitere-licenta\/admitere-licenta-septembrie-2021\/organizare-admitere-licenta-septembrie-2021\/numar-locuri-licenta-septembrie-2021\/\">Read More &raquo;<\/a><\/span><\/p>\n","protected":false},"author":3,"featured_media":0,"parent":13519,"menu_order":0,"comment_status":"closed","ping_status":"closed","template":"","meta":{"footnotes":""},"class_list":["post-13521","page","type-page","status-publish","hentry"],"_links":{"self":[{"href":"https:\/\/www.phys.uaic.ro\/index.php\/wp-json\/wp\/v2\/pages\/13521","targetHints":{"allow":["GET"]}}],"collection":[{"href":"https:\/\/www.phys.uaic.ro\/index.php\/wp-json\/wp\/v2\/pages"}],"about":[{"href":"https:\/\/www.phys.uaic.ro\/index.php\/wp-json\/wp\/v2\/types\/page"}],"author":[{"embeddable":true,"href":"https:\/\/www.phys.uaic.ro\/index.php\/wp-json\/wp\/v2\/users\/3"}],"replies":[{"embeddable":true,"href":"https:\/\/www.phys.uaic.ro\/index.php\/wp-json\/wp\/v2\/comments?post=13521"}],"version-history":[{"count":0,"href":"https:\/\/www.phys.uaic.ro\/index.php\/wp-json\/wp\/v2\/pages\/13521\/revisions"}],"up":[{"embeddable":true,"href":"https:\/\/www.phys.uaic.ro\/index.php\/wp-json\/wp\/v2\/pages\/13519"}],"wp:attachment":[{"href":"https:\/\/www.phys.uaic.ro\/index.php\/wp-json\/wp\/v2\/media?parent=13521"}],"curies":[{"name":"wp","href":"https:\/\/api.w.org\/{rel}","templated":true}]}}