{"id":13527,"date":"2021-08-10T21:55:50","date_gmt":"2021-08-10T21:55:50","guid":{"rendered":"https:\/\/www.phys.uaic.ro\/?page_id=13527"},"modified":"2021-09-09T15:40:31","modified_gmt":"2021-09-09T15:40:31","slug":"conditii-admitere-taxe-licenta-septembrie-2021","status":"publish","type":"page","link":"https:\/\/www.phys.uaic.ro\/index.php\/admitere\/admitere-licenta\/admitere-licenta-septembrie-2021\/organizare-admitere-licenta-septembrie-2021\/conditii-admitere-taxe-licenta-septembrie-2021\/","title":{"rendered":"Condi\u021bii de admitere \u0219i taxe la licen\u021b\u0103 septembrie 2021"},"content":{"rendered":"<ul>\n<li><b>Condi\u0163iile de admitere<\/b>\n<ul>\n<li>Pentru domeniul <i>Fizic\u0103<\/i>: <b>Media de la bacalaureat<\/b> (100%)<br \/>\nCriteriu de departajare a candidatilor cu aceea\u015fi medie: nota la proba Fizic\u0103 sau Matematic\u0103\/Informatica\/Biologie din cadrul examenului de bacalaureat, \u00een func\u021bie de prima op\u021biune.\n        <\/li>\n<li>Pentru domeniul <i>Fizic\u0103 (\u00een limba englez\u0103)<\/i>: candida\u021bii trebuie s\u0103 fac\u0103 dovada cunoa\u015fterii limbii engleze, folosind una din urm\u0103toarele variante:\n<ol>\n<li>prezentarea certificatului de competen\u0163\u0103 lingvistic\u0103 ob\u021binut la examenul na\u021bional de bacalaureat, nivel minim B1;<\/li>\n<li>prezentarea rezultatului unor teste de tip Cambridge, IELTS, TOEFL;<\/li>\n<li>parcurgerea unui interviu \u00een limba englez\u0103 (data \u0219i ora vor fi anun\u021bate dup\u0103 primirea dosarului de \u00eenscriere).<\/li>\n<\/ol>\n<\/li>\n<li>Pentru domeniul <i>\u015etiin\u0163e inginere\u015fti aplicate<\/i>: <b>Media de la bacalaureat<\/b> (100%)<br \/>\nCriteriu de departajare a candidatilor cu aceea\u015fi medie: nota la proba Fizic\u0103 sau Matematic\u0103\/Informatic\u0103 din cadrul examenului de bacalaureat.\n        <\/li>\n<li><a href=\"conditii-admitere-olimpici-licenta-septembrie-2021\">Pentru <b><i>olimpici<\/i><\/b><\/a><\/li>\n<\/ul>\n<\/li>\n<\/ul>\n<ul>\n<li><b>Tax\u0103 de \u00eenscriere<\/b>\n<ul>\n<li>120 lei<br \/>\nNu se percepe tax\u0103 de \u00eenscriere pentru candida\u021bii cu premii la concursuri \u015fcolare agreate, care \u00ee\u015fi depun actele \u00een original la Facultatea de Fizic\u0103.<\/li>\n<li><b>Plata taxei de \u00eenscriere la admitere<\/b>\n<ul>\n<li> poti pl\u0103ti taxa de admitere pe platforma <a href=\"https:\/\/plati-taxe.uaic.ro\/stud\/index.php\">plati-taxe.uaic.ro<\/a>. Te rug\u0103m s\u0103 cite\u0219ti cu aten\u021bie instruc\u021biunile.<\/li>\n<li> po\u0163i achita taxa de admitere prin ordin de plat\u0103. Mai multe detalii pentru aceasta metoda de plat\u0103 g\u0103se\u0219ti <a href=\"https:\/\/inscriere.uaic.ro\/SitePages\/Banca.aspx\">aici (https:\/\/inscriere.uaic.ro\/SitePages\/Banca.aspx)<\/a>. Dovada pl\u0103\u0163ii (o copie a ordinului de plata) o anexezi dosarului de candidatur\u0103. <span style=\"color: red;\">Este foarte important ca plata s\u0103 fie f\u0103cut\u0103 cu numele candidatului<\/span>, altfel, chitan\u0163a nu va putea fi luat\u0103 \u00een considerare.<\/li>\n<li> pentru unele facult\u0103\u021bi, po\u0163i achita taxa de admitere \u0219i la casierii (vezi <a href=\"https:\/\/admitere.uaic.ro\/sali-inscrieri-si-confirmari\/\">AICI: https:\/\/admitere.uaic.ro\/sali-inscrieri-si-confirmari\/)<\/a>.<\/li>\n<\/ul>\n<\/li>\n<\/ul>\n<\/li>\n<\/ul>\n<ul>\n<li><b>Tax\u0103 de \u015fcolarizare<\/b> pentru anul I, an universitar 2021 \u2013 2022:\n<ul>\n<li>3.000 lei<\/li>\n<\/ul>\n<\/li>\n<\/ul>\n","protected":false},"excerpt":{"rendered":"<p>Condi\u0163iile de admitere Pentru domeniul Fizic\u0103: Media de la bacalaureat (100%) Criteriu de departajare a candidatilor cu aceea\u015fi medie: nota la proba Fizic\u0103 sau Matematic\u0103\/Informatica\/Biologie din cadrul examenului de bacalaureat, \u00een func\u021bie de prima op\u021biune. Pentru domeniul Fizic\u0103 (\u00een limba englez\u0103): candida\u021bii trebuie s\u0103 fac\u0103 dovada cunoa\u015fterii limbii engleze, folosind una din urm\u0103toarele variante: prezentarea certificatului de competen\u0163\u0103\u2026 <span class=\"read-more\"><a href=\"https:\/\/www.phys.uaic.ro\/index.php\/admitere\/admitere-licenta\/admitere-licenta-septembrie-2021\/organizare-admitere-licenta-septembrie-2021\/conditii-admitere-taxe-licenta-septembrie-2021\/\">Read More &raquo;<\/a><\/span><\/p>\n","protected":false},"author":3,"featured_media":0,"parent":13519,"menu_order":0,"comment_status":"closed","ping_status":"closed","template":"","meta":{"footnotes":""},"class_list":["post-13527","page","type-page","status-publish","hentry"],"_links":{"self":[{"href":"https:\/\/www.phys.uaic.ro\/index.php\/wp-json\/wp\/v2\/pages\/13527","targetHints":{"allow":["GET"]}}],"collection":[{"href":"https:\/\/www.phys.uaic.ro\/index.php\/wp-json\/wp\/v2\/pages"}],"about":[{"href":"https:\/\/www.phys.uaic.ro\/index.php\/wp-json\/wp\/v2\/types\/page"}],"author":[{"embeddable":true,"href":"https:\/\/www.phys.uaic.ro\/index.php\/wp-json\/wp\/v2\/users\/3"}],"replies":[{"embeddable":true,"href":"https:\/\/www.phys.uaic.ro\/index.php\/wp-json\/wp\/v2\/comments?post=13527"}],"version-history":[{"count":0,"href":"https:\/\/www.phys.uaic.ro\/index.php\/wp-json\/wp\/v2\/pages\/13527\/revisions"}],"up":[{"embeddable":true,"href":"https:\/\/www.phys.uaic.ro\/index.php\/wp-json\/wp\/v2\/pages\/13519"}],"wp:attachment":[{"href":"https:\/\/www.phys.uaic.ro\/index.php\/wp-json\/wp\/v2\/media?parent=13527"}],"curies":[{"name":"wp","href":"https:\/\/api.w.org\/{rel}","templated":true}]}}