{"id":13529,"date":"2021-08-10T22:01:33","date_gmt":"2021-08-10T22:01:33","guid":{"rendered":"https:\/\/www.phys.uaic.ro\/?page_id=13529"},"modified":"2021-08-10T22:01:33","modified_gmt":"2021-08-10T22:01:33","slug":"conditii-admitere-olimpici-licenta-septembrie-2021","status":"publish","type":"page","link":"https:\/\/www.phys.uaic.ro\/index.php\/admitere\/admitere-licenta\/admitere-licenta-septembrie-2021\/organizare-admitere-licenta-septembrie-2021\/conditii-admitere-taxe-licenta-septembrie-2021\/conditii-admitere-olimpici-licenta-septembrie-2021\/","title":{"rendered":"Condi\u0163iile de admitere pentru olimpici septembrie 2021"},"content":{"rendered":"<p>Lista olimpiadelor \u015fcolare, concursurilor artistice sau sportive de<br \/>\nnivel na\u0163ional \u015fi interna\u0163ional ai c\u0103ror laurea\u0163i, absolven\u0163i cu Diplom\u0103 de<br \/>\nBacalaureat, au dreptul s\u0103 fie admi\u015fi, f\u0103r\u0103 sus\u0163inerea concursului de admitere,<br \/>\nla  Facultatea de Fizic\u0103, Universitatea &#8222;Alexandru Ioan Cuza&#8221; din Ia\u015fi pentru<br \/>\nanul universitar 2020\/2021:<\/p>\n<ul>\n<li>olimpiade interna\u021bionale (premii, participare): Fizic\u0103,<br \/>\nMatematic\u0103, Informatic\u0103, Astronomie, Astronomie \u0219i Astrofizic\u0103, Biologie,<br \/>\nOlimpiada Asiatic\u0103 de Fizic\u0103, Olimpiada European\u0103 de Fizic\u0103, Balcaniada de<br \/>\nFizic\u0103, Olimpiada Interna\u021bional\u0103 pluridisciplinar\u0103 Tuymaada, Olimpiada<br \/>\nInterna\u021bional\u0103 de \u0218tiin\u021be pentru Juniori, Olimpiada de \u0218tiin\u021be a Uniunii<br \/>\nEuropene, Olimpiada Interna\u021bional\u0103 de \u0218tiin\u021bele P\u0103m\u00e2ntului;<\/li>\n<li>olimpiade na\u021bionale (premii, participare): Fizic\u0103, Matematic\u0103, Informatic\u0103,<br \/>\nBiologie, Astronomie, Astronomie \u015fi Astrofizic\u0103, \u015etiin\u0163e, \u0218tiin\u021be pentru<br \/>\nJuniori, \u0218tiin\u021bele P\u0103m\u00e2ntului;<\/li>\n<li>concursuri na\u021bionale (premii \u0219i men\u021biuni): Concursul Na\u0163ional de Matematic\u0103<br \/>\n\u015fi Fizic\u0103 \u201eVr\u0103ncianu-Procopiu\u201d, Concursul de Fizic\u0103 \u201ePHI\u201d al Centrelor de<br \/>\nExcelen\u0163\u0103, Concursul Na\u0163ional \u201e\u015etefan Procopiu\u201d (lucr\u0103ri scrise);<\/li>\n<li>etapa jude\u021bean\u0103 a olimpiadelor na\u021bionale (premii \u0219i men\u021biuni): Fizic\u0103,<br \/>\nMatematic\u0103, Informatic\u0103, Biologie, Astronomie, Astronomie \u015fi<br \/>\nAstrofizic\u0103, \u015etiin\u0163e, \u0218tiin\u021be pentru Juniori, \u015etiin\u0163ele P\u0103m\u00e2ntului.<\/li>\n<\/ul>\n","protected":false},"excerpt":{"rendered":"<p>Lista olimpiadelor \u015fcolare, concursurilor artistice sau sportive de nivel na\u0163ional \u015fi interna\u0163ional ai c\u0103ror laurea\u0163i, absolven\u0163i cu Diplom\u0103 de Bacalaureat, au dreptul s\u0103 fie admi\u015fi, f\u0103r\u0103 sus\u0163inerea concursului de admitere, la Facultatea de Fizic\u0103, Universitatea &#8222;Alexandru Ioan Cuza&#8221; din Ia\u015fi pentru anul universitar 2020\/2021: olimpiade interna\u021bionale (premii, participare): Fizic\u0103, Matematic\u0103, Informatic\u0103, Astronomie, Astronomie \u0219i Astrofizic\u0103, Biologie, Olimpiada Asiatic\u0103\u2026 <span class=\"read-more\"><a href=\"https:\/\/www.phys.uaic.ro\/index.php\/admitere\/admitere-licenta\/admitere-licenta-septembrie-2021\/organizare-admitere-licenta-septembrie-2021\/conditii-admitere-taxe-licenta-septembrie-2021\/conditii-admitere-olimpici-licenta-septembrie-2021\/\">Read More &raquo;<\/a><\/span><\/p>\n","protected":false},"author":3,"featured_media":0,"parent":13527,"menu_order":0,"comment_status":"closed","ping_status":"closed","template":"","meta":{"footnotes":""},"class_list":["post-13529","page","type-page","status-publish","hentry"],"_links":{"self":[{"href":"https:\/\/www.phys.uaic.ro\/index.php\/wp-json\/wp\/v2\/pages\/13529","targetHints":{"allow":["GET"]}}],"collection":[{"href":"https:\/\/www.phys.uaic.ro\/index.php\/wp-json\/wp\/v2\/pages"}],"about":[{"href":"https:\/\/www.phys.uaic.ro\/index.php\/wp-json\/wp\/v2\/types\/page"}],"author":[{"embeddable":true,"href":"https:\/\/www.phys.uaic.ro\/index.php\/wp-json\/wp\/v2\/users\/3"}],"replies":[{"embeddable":true,"href":"https:\/\/www.phys.uaic.ro\/index.php\/wp-json\/wp\/v2\/comments?post=13529"}],"version-history":[{"count":0,"href":"https:\/\/www.phys.uaic.ro\/index.php\/wp-json\/wp\/v2\/pages\/13529\/revisions"}],"up":[{"embeddable":true,"href":"https:\/\/www.phys.uaic.ro\/index.php\/wp-json\/wp\/v2\/pages\/13527"}],"wp:attachment":[{"href":"https:\/\/www.phys.uaic.ro\/index.php\/wp-json\/wp\/v2\/media?parent=13529"}],"curies":[{"name":"wp","href":"https:\/\/api.w.org\/{rel}","templated":true}]}}