{"id":13547,"date":"2021-08-11T00:59:30","date_gmt":"2021-08-11T00:59:30","guid":{"rendered":"https:\/\/www.phys.uaic.ro\/?page_id=13547"},"modified":"2021-09-09T12:35:27","modified_gmt":"2021-09-09T12:35:27","slug":"rezultate-admitere-licenta-septembrie-2021","status":"publish","type":"page","link":"https:\/\/www.phys.uaic.ro\/index.php\/admitere\/admitere-licenta\/admitere-licenta-septembrie-2021\/rezultate-admitere-licenta-septembrie-2021\/","title":{"rendered":"Rezultate admitere la licen\u021b\u0103 septembrie 2021"},"content":{"rendered":"<ul>\n<li><a href=\"http:\/\/www.phys.uaic.ro\/wp\/admitere\/septembrie-2021\/lista-licenta-admisi-buget-septembrie-2021.pdf\">Rezultate generale ale concursului de admitere &#8211; admisi cu finantare de la BUGET &#8211; ordonati dupa media generala, descrescator<\/a> <img decoding=\"async\" style=\"vertical-align: top; width: 20px; height: 20px;\" src=\"http:\/\/www.phys.uaic.ro\/wp\/imagini\/pdf-icon.png\" alt=\"pdf\" \/><\/li>\n<li><a href=\"http:\/\/www.phys.uaic.ro\/wp\/admitere\/septembrie-2021\/lista-licenta-admisi-taxe-septembrie-2021.pdf\">Rezultate generale ale concursului de admitere &#8211; admisi cu finantare din TAXE &#8211; ordonati dupa media generala, descrescator<\/a> <img decoding=\"async\" style=\"vertical-align: top; width: 20px; height: 20px;\" src=\"http:\/\/www.phys.uaic.ro\/wp\/imagini\/pdf-icon.png\" alt=\"pdf\" \/><\/li>\n<\/ul>\n<p>Vineri, 10 septembrie 2021 si luni, 13.septembrie 2021, intre orele 10-14:<\/p>\n<ul>\n<li>candida\u0163ii admi\u015fi pe locurile de la buget vor achita <b>taxa de \u00eenmatriculare: 50 RON<\/b>;<\/li>\n<li>candida\u0163ii admi\u015fi pe locurile cu tax\u0103 de studii vor achita <b>30% din taxa sem.I: 500 RON<\/b>;<\/li>\n<li>candida\u0163ii admi\u015fi vor semna <b>contractul de studii<\/b>.<\/li>\n<\/ul>\n<p>Documente ce trebuie depuse la dosar in zilele de 10 sept si 13 sept.2021:<\/p>\n<ul>\n<li><b>diploma de bacalaureat \u00een original<\/b> (\u00een cazul \u00een care nu este deja depus\u0103 la dosar)<\/li>\n<li><b>foaia matricol\u0103 \u00een original<\/b> (\u00een cazul \u00een care nu este deja depus\u0103 la dosar)<\/li>\n<\/ul>\n<p>\u00cen caz contrar se pierde calitatea de student.<\/p>\n","protected":false},"excerpt":{"rendered":"<p>Rezultate generale ale concursului de admitere &#8211; admisi cu finantare de la BUGET &#8211; ordonati dupa media generala, descrescator Rezultate generale ale concursului de admitere &#8211; admisi cu finantare din TAXE &#8211; ordonati dupa media generala, descrescator Vineri, 10 septembrie 2021 si luni, 13.septembrie 2021, intre orele 10-14: candida\u0163ii admi\u015fi pe locurile de la buget vor achita taxa\u2026 <span class=\"read-more\"><a href=\"https:\/\/www.phys.uaic.ro\/index.php\/admitere\/admitere-licenta\/admitere-licenta-septembrie-2021\/rezultate-admitere-licenta-septembrie-2021\/\">Read More &raquo;<\/a><\/span><\/p>\n","protected":false},"author":3,"featured_media":0,"parent":13510,"menu_order":0,"comment_status":"closed","ping_status":"closed","template":"","meta":{"footnotes":""},"class_list":["post-13547","page","type-page","status-publish","hentry"],"_links":{"self":[{"href":"https:\/\/www.phys.uaic.ro\/index.php\/wp-json\/wp\/v2\/pages\/13547","targetHints":{"allow":["GET"]}}],"collection":[{"href":"https:\/\/www.phys.uaic.ro\/index.php\/wp-json\/wp\/v2\/pages"}],"about":[{"href":"https:\/\/www.phys.uaic.ro\/index.php\/wp-json\/wp\/v2\/types\/page"}],"author":[{"embeddable":true,"href":"https:\/\/www.phys.uaic.ro\/index.php\/wp-json\/wp\/v2\/users\/3"}],"replies":[{"embeddable":true,"href":"https:\/\/www.phys.uaic.ro\/index.php\/wp-json\/wp\/v2\/comments?post=13547"}],"version-history":[{"count":0,"href":"https:\/\/www.phys.uaic.ro\/index.php\/wp-json\/wp\/v2\/pages\/13547\/revisions"}],"up":[{"embeddable":true,"href":"https:\/\/www.phys.uaic.ro\/index.php\/wp-json\/wp\/v2\/pages\/13510"}],"wp:attachment":[{"href":"https:\/\/www.phys.uaic.ro\/index.php\/wp-json\/wp\/v2\/media?parent=13547"}],"curies":[{"name":"wp","href":"https:\/\/api.w.org\/{rel}","templated":true}]}}