{"id":1363,"date":"2018-02-21T08:52:51","date_gmt":"2018-02-21T08:52:51","guid":{"rendered":"http:\/\/www.phys.uaic.ro\/?page_id=1363"},"modified":"2025-01-29T11:40:29","modified_gmt":"2025-01-29T09:40:29","slug":"stratulat-sergiu-mihai-doctorat","status":"publish","type":"page","link":"https:\/\/www.phys.uaic.ro\/index.php\/scoala-doctorala\/sustineri-teze-doctorat\/stratulat-sergiu-mihai-doctorat\/","title":{"rendered":"Sus\u021binerea tezei de doctorat a drd. Stratulat Sergiu Mihai pe 19.9.2013"},"content":{"rendered":"<p>La data de 19.9.2013, ora 16:30, \u00een sala L1, dl. STRATULAT SERGIU MIHAI va sus\u0163ine, \u00een \u015fedin\u0163\u0103 public\u0103, teza de doctorat cu titlul<\/p>\n<p><b>STRATURI SUBTIRI MULTIFEROICE AUTOASAMBLATE DE FERITA DE COBALT SI FERITA DE BISMUT<\/b><\/p>\n<p>\u00een vederea ob\u0163inerii titlului \u015ftiin\u0163ific de doctor \u00een domeniul fundamental Stiinte Exacte, domeniul FIZIC\u0102.<\/p>\n<p>Comisia de doctorat are urm\u0103toarea componen\u0163\u0103:<\/p>\n<ul>\n<li><b>Pre\u015fedinte<\/b>:\n<ul>\n<li>Prof. Univ. Dr. Diana Mihaela Mardare, Facultatea de Fizic\u0103, Universitatea Alexandru Ioan Cuza, Ia\u015fi<\/li>\n<\/ul>\n<\/li>\n<\/ul>\n<ul>\n<li><b>Conduc\u0103tor \u015ftiin\u0163ific<\/b>:\n<ul>\n<li>Prof. Univ. Dr. Ovidiu Florin Caltun, Facultatea de Fizic\u0103, Universitatea Alexandru Ioan Cuza, Ia\u015fi<\/li>\n<li>Prof. Univ. Dr. Marin Alexe, Departamentul de Fizic\u0103, Universitatea Warwick, Coventry, Anglia (Max Plank Institute fur Mikrostrukturphysik, Halle, Germania)<\/li>\n<\/ul>\n<\/li>\n<\/ul>\n<ul>\n<li><b>Referen\u0163i<\/b>:\n<ul>\n<li>Prof. Univ. Dr. Liliana Mitoseriu, Facultatea de Fizic\u0103, Universitatea Alexandru Ioan Cuza, Ia\u015fi<\/li>\n<li>C.P.II Dr. Nicoleta Lupu, Institutul National de Cercetare-Dezvoltare pentru Fizica Tehnica &#8211; IFT, Ia\u015fi<\/li>\n<li>C.P.II Dr. Cristian Mihail Teodorescu, Institutul National de Cercetare-Dezvoltare pentru Fizica Materialelor, Bucure\u015fti &#8211; Magurele<\/li>\n<\/ul>\n<\/li>\n<\/ul>\n<p>Teza poate fi consultat\u0103 la Biblioteca Facult\u0103\u0163ii de Fizic\u0103.<\/p>\n<p>&nbsp;<\/p>\n","protected":false},"excerpt":{"rendered":"<p>La data de 19.9.2013, ora 16:30, \u00een sala L1, dl. STRATULAT SERGIU MIHAI va sus\u0163ine, \u00een \u015fedin\u0163\u0103 public\u0103, teza de doctorat cu titlul STRATURI SUBTIRI MULTIFEROICE AUTOASAMBLATE DE FERITA DE COBALT SI FERITA DE BISMUT \u00een vederea ob\u0163inerii titlului \u015ftiin\u0163ific de doctor \u00een domeniul fundamental Stiinte Exacte, domeniul FIZIC\u0102. Comisia de doctorat are urm\u0103toarea componen\u0163\u0103: Pre\u015fedinte: Prof. Univ.\u2026 <span class=\"read-more\"><a href=\"https:\/\/www.phys.uaic.ro\/index.php\/scoala-doctorala\/sustineri-teze-doctorat\/stratulat-sergiu-mihai-doctorat\/\">Read More &raquo;<\/a><\/span><\/p>\n","protected":false},"author":3,"featured_media":0,"parent":158,"menu_order":0,"comment_status":"closed","ping_status":"closed","template":"","meta":{"footnotes":""},"class_list":["post-1363","page","type-page","status-publish","hentry"],"_links":{"self":[{"href":"https:\/\/www.phys.uaic.ro\/index.php\/wp-json\/wp\/v2\/pages\/1363","targetHints":{"allow":["GET"]}}],"collection":[{"href":"https:\/\/www.phys.uaic.ro\/index.php\/wp-json\/wp\/v2\/pages"}],"about":[{"href":"https:\/\/www.phys.uaic.ro\/index.php\/wp-json\/wp\/v2\/types\/page"}],"author":[{"embeddable":true,"href":"https:\/\/www.phys.uaic.ro\/index.php\/wp-json\/wp\/v2\/users\/3"}],"replies":[{"embeddable":true,"href":"https:\/\/www.phys.uaic.ro\/index.php\/wp-json\/wp\/v2\/comments?post=1363"}],"version-history":[{"count":0,"href":"https:\/\/www.phys.uaic.ro\/index.php\/wp-json\/wp\/v2\/pages\/1363\/revisions"}],"up":[{"embeddable":true,"href":"https:\/\/www.phys.uaic.ro\/index.php\/wp-json\/wp\/v2\/pages\/158"}],"wp:attachment":[{"href":"https:\/\/www.phys.uaic.ro\/index.php\/wp-json\/wp\/v2\/media?parent=1363"}],"curies":[{"name":"wp","href":"https:\/\/api.w.org\/{rel}","templated":true}]}}