{"id":13728,"date":"2021-09-02T19:58:36","date_gmt":"2021-09-02T19:58:36","guid":{"rendered":"https:\/\/www.phys.uaic.ro\/?page_id=13728"},"modified":"2021-09-22T11:54:43","modified_gmt":"2021-09-22T11:54:43","slug":"toma-m-mihaela-doctorat","status":"publish","type":"page","link":"https:\/\/www.phys.uaic.ro\/index.php\/scoala-doctorala\/sustineri-teze-doctorat\/toma-m-mihaela-doctorat\/","title":{"rendered":"Sus\u021binerea tezei de doctorat a drd. Toma M. Mihaela pe 24.09.2021"},"content":{"rendered":"<p><a href=\"http:\/\/www.phys.uaic.ro\/wp\/scoala-doctorala\/sustineri-teze-doctorat\/toma-m-mihaela\/toma-m-mihaela-anunt-sustinere-publica.pdf\">Anun\u021bul sus\u021binerii publice<\/a><\/p>\n<p>La data de 24.09.2021, ora 10:00, dna TOMA M. MIHAELA va sus\u0163ine, \u00een \u015fedin\u0163\u0103 public\u0103 online, pe platforma Zoom, teza de doctorat cu titlul<\/p>\n<p><b>STUDIUL UNOR STRATURI SUB\u0162IRI OXIDICE FUNC\u0162IONALE<\/b><\/p>\n<p>\u00een vederea ob\u0163inerii titlului \u015ftiin\u0163ific de doctor \u00een domeniul FIZIC\u0102.<\/p>\n<p><a href=\"http:\/\/www.phys.uaic.ro\/wp\/scoala-doctorala\/sustineri-teze-doctorat\/toma-m-mihaela\/toma-m-mihaela-cv.pdf\">CV Toma M. Mihaela<\/a><\/p>\n<p>Comisia de doctorat are urm\u0103toarea componen\u0163\u0103:<\/p>\n<ul>\n<li>\n<b>Pre\u015fedinte<\/b>:<\/p>\n<ul>\n<li>Prof. univ. Dr. Diana Mihaela Mardare, Universitatea Alexandru Ioan Cuza din Ia\u0219i [ <a href=\"http:\/\/www.phys.uaic.ro\/wp\/scoala-doctorala\/sustineri-teze-doctorat\/toma-m-mihaela\/diana-mihaela-mardare-cv.pdf\">CV<\/a> ]<\/li>\n<\/ul>\n<\/li>\n<\/ul>\n<ul>\n<li>\n<b>Conduc\u0103tor \u015ftiin\u0163ific<\/b>:<\/p>\n<ul>\n<li>Prof. univ. dr. Felicia Iacomi, Universitatea Alexandru Ioan Cuza din Ia\u0219i [ <a href=\"http:\/\/www.phys.uaic.ro\/wp\/scoala-doctorala\/sustineri-teze-doctorat\/toma-m-mihaela\/felicia-iacomi-cv.pdf\">CV<\/a> ]<\/li>\n<\/ul>\n<\/li>\n<\/ul>\n<ul>\n<li>\n<b>Referen\u0163i<\/b>:<\/p>\n<ul>\n<li>Prof. univ. dr. \u015etefan Antohe, Universitatea din Bucure\u015fti [ <a href=\"http:\/\/www.phys.uaic.ro\/wp\/scoala-doctorala\/sustineri-teze-doctorat\/toma-m-mihaela\/stefan-antohe-cv.pdf\">CV<\/a> ]<\/li>\n<li>Prof. univ. dr. habil Liviu Leontie, Universitatea Alexandru Ioan Cuza din Ia\u0219i [ <a href=\"http:\/\/www.phys.uaic.ro\/wp\/scoala-doctorala\/sustineri-teze-doctorat\/toma-m-mihaela\/liviu-leontie-cv.pdf\">CV<\/a> ]<\/li>\n<li>C.S. II dr. Daniel \u0162\u00eempu, Institutul de Chimie Macromolecular\u0103 Petru Poni Ia\u015fi [ <a href=\"http:\/\/www.phys.uaic.ro\/wp\/scoala-doctorala\/sustineri-teze-doctorat\/toma-m-mihaela\/daniel-timpu-cv.pdf\">CV<\/a> ]<\/li>\n<\/ul>\n<\/li>\n<\/ul>\n<p>Persoanele care doresc s\u0103 vizioneze sus\u021binerea trebuie s\u0103 se conecteze la platforma Zoom folosind link-ul:<\/p>\n<p><a href=\"https:\/\/zoom.us\/j\/96740297953?pwd=ODNUMThGYXJSRmtrWWhLdFV4WngvUT09\">https:\/\/zoom.us\/j\/96740297953?pwd=ODNUMThGYXJSRmtrWWhLdFV4WngvUT09<\/a><\/p>\n<p>\u0219i<\/p>\n<ul>\n<li>Meeting ID: 967 4029 7953<\/li>\n<li>Passcode: 775162<\/li>\n<\/ul>\n<p>\u00cent\u00e2lnirea este programat\u0103 s\u0103 \u00eenceap\u0103 la 10:00.<\/p>\n<p><b><span style=\"color: #ff0000;\">Aten\u021bie! \u00cent\u00e2lnirea este \u00eenregistrat\u0103 audio-video, autentificarea dumneavoastr\u0103 se consider\u0103 acordul pentru \u00eenregistrare.<\/span><\/b><\/p>\n<p>Teza poate fi consultat\u0103 la Biblioteca Facult\u0103\u0163ii de Fizic\u0103.<\/p>\n<ul>\n<li><a href=\"http:\/\/www.phys.uaic.ro\/wp\/scoala-doctorala\/sustineri-teze-doctorat\/toma-m-mihaela\/toma-m-mihaela-rezumat-teza-doctorat.pdf\">Rezumatul tezei de doctorat<\/a> <img decoding=\"async\" style=\"vertical-align: top;width:20px;height:20px;\" src=\"http:\/\/www.phys.uaic.ro\/wp\/imagini\/pdf-icon.png\" alt=\"pdf\" \/><\/li>\n<\/ul>\n","protected":false},"excerpt":{"rendered":"<p>Anun\u021bul sus\u021binerii publice La data de 24.09.2021, ora 10:00, dna TOMA M. MIHAELA va sus\u0163ine, \u00een \u015fedin\u0163\u0103 public\u0103 online, pe platforma Zoom, teza de doctorat cu titlul STUDIUL UNOR STRATURI SUB\u0162IRI OXIDICE FUNC\u0162IONALE \u00een vederea ob\u0163inerii titlului \u015ftiin\u0163ific de doctor \u00een domeniul FIZIC\u0102. CV Toma M. Mihaela Comisia de doctorat are urm\u0103toarea componen\u0163\u0103: Pre\u015fedinte: Prof. univ. Dr. Diana\u2026 <span class=\"read-more\"><a href=\"https:\/\/www.phys.uaic.ro\/index.php\/scoala-doctorala\/sustineri-teze-doctorat\/toma-m-mihaela-doctorat\/\">Read More &raquo;<\/a><\/span><\/p>\n","protected":false},"author":3,"featured_media":0,"parent":158,"menu_order":0,"comment_status":"closed","ping_status":"closed","template":"","meta":{"footnotes":""},"class_list":["post-13728","page","type-page","status-publish","hentry"],"_links":{"self":[{"href":"https:\/\/www.phys.uaic.ro\/index.php\/wp-json\/wp\/v2\/pages\/13728","targetHints":{"allow":["GET"]}}],"collection":[{"href":"https:\/\/www.phys.uaic.ro\/index.php\/wp-json\/wp\/v2\/pages"}],"about":[{"href":"https:\/\/www.phys.uaic.ro\/index.php\/wp-json\/wp\/v2\/types\/page"}],"author":[{"embeddable":true,"href":"https:\/\/www.phys.uaic.ro\/index.php\/wp-json\/wp\/v2\/users\/3"}],"replies":[{"embeddable":true,"href":"https:\/\/www.phys.uaic.ro\/index.php\/wp-json\/wp\/v2\/comments?post=13728"}],"version-history":[{"count":0,"href":"https:\/\/www.phys.uaic.ro\/index.php\/wp-json\/wp\/v2\/pages\/13728\/revisions"}],"up":[{"embeddable":true,"href":"https:\/\/www.phys.uaic.ro\/index.php\/wp-json\/wp\/v2\/pages\/158"}],"wp:attachment":[{"href":"https:\/\/www.phys.uaic.ro\/index.php\/wp-json\/wp\/v2\/media?parent=13728"}],"curies":[{"name":"wp","href":"https:\/\/api.w.org\/{rel}","templated":true}]}}