{"id":1387,"date":"2018-02-21T10:03:54","date_gmt":"2018-02-21T10:03:54","guid":{"rendered":"http:\/\/www.phys.uaic.ro\/?page_id=1387"},"modified":"2025-01-29T11:46:02","modified_gmt":"2025-01-29T09:46:02","slug":"poiana-hogas-mariana-doctorat","status":"publish","type":"page","link":"https:\/\/www.phys.uaic.ro\/index.php\/scoala-doctorala\/sustineri-teze-doctorat\/poiana-hogas-mariana-doctorat\/","title":{"rendered":"Sus\u021binerea tezei de doctorat a drd. Poian\u0103 Ramona (c\u0103s. Hoga\u0219) pe 29.9.2012"},"content":{"rendered":"<p>La data de 29.9.2012, ora 11:00, \u00een Amfiteatrul IV.13, dna. POIANA MARIANA (c\u0103s. HOGAS) va sus\u0163ine, \u00een \u015fedin\u0163\u0103 public\u0103, teza de doctorat cu titlul<\/p>\n<p><b>CERCETARI PRIVIND MATERIALE MAGNETICE NANOCOMPOZIT DIN SISTEMUL Co-TiO<sub>2<\/sub><\/b><\/p>\n<p>\u00een vederea ob\u0163inerii titlului \u015ftiin\u0163ific de doctor \u00een domeniu FIZIC\u0102.<\/p>\n<p>Comisia de doctorat are urm\u0103toarea componen\u0163\u0103:<\/p>\n<ul>\n<li><b>Pre\u015fedinte<\/b>:\n<ul>\n<li>Conf. Univ. Dr. Sebastian Dumitru Popescu, Facultatea de Fizic\u0103, Universitatea Alexandru Ioan Cuza, Ia\u015fi<\/li>\n<\/ul>\n<\/li>\n<\/ul>\n<ul>\n<li><b>Conduc\u0103tor \u015ftiin\u0163ific<\/b>:\n<ul>\n<li>Prof. Univ. Dr. Violeta Georgescu, Facultatea de Fizic\u0103, Universitatea Alexandru Ioan Cuza, Ia\u015fi<\/li>\n<\/ul>\n<\/li>\n<\/ul>\n<ul>\n<li><b>Referen\u0163i<\/b>:\n<ul>\n<li>C.P.I Dr. Jenica Neamtu, Institutul National de Cercetare-Dezvoltare pentru Inginerie Electrica, Bucuresti<\/li>\n<li>C.P.I Dr. Nicoleta Lupu, Institutul National de Cercetare-Dezvoltare pentru Fizic\u0103 Tehnica &#8211; IFT, Ia\u015fi<\/li>\n<li>Prof. Univ. Dr. Ovidiu Florin Caltun, Facultatea de Fizic\u0103, Universitatea Alexandru Ioan Cuza, Ia\u015fi<\/li>\n<\/ul>\n<\/li>\n<\/ul>\n<p>Teza poate fi consultat\u0103 la Biblioteca Facult\u0103\u0163ii de Fizic\u0103.<\/p>\n","protected":false},"excerpt":{"rendered":"<p>La data de 29.9.2012, ora 11:00, \u00een Amfiteatrul IV.13, dna. POIANA MARIANA (c\u0103s. HOGAS) va sus\u0163ine, \u00een \u015fedin\u0163\u0103 public\u0103, teza de doctorat cu titlul CERCETARI PRIVIND MATERIALE MAGNETICE NANOCOMPOZIT DIN SISTEMUL Co-TiO2 \u00een vederea ob\u0163inerii titlului \u015ftiin\u0163ific de doctor \u00een domeniu FIZIC\u0102. Comisia de doctorat are urm\u0103toarea componen\u0163\u0103: Pre\u015fedinte: Conf. Univ. Dr. Sebastian Dumitru Popescu, Facultatea de Fizic\u0103,\u2026 <span class=\"read-more\"><a href=\"https:\/\/www.phys.uaic.ro\/index.php\/scoala-doctorala\/sustineri-teze-doctorat\/poiana-hogas-mariana-doctorat\/\">Read More &raquo;<\/a><\/span><\/p>\n","protected":false},"author":3,"featured_media":0,"parent":158,"menu_order":0,"comment_status":"closed","ping_status":"closed","template":"","meta":{"footnotes":""},"class_list":["post-1387","page","type-page","status-publish","hentry"],"_links":{"self":[{"href":"https:\/\/www.phys.uaic.ro\/index.php\/wp-json\/wp\/v2\/pages\/1387","targetHints":{"allow":["GET"]}}],"collection":[{"href":"https:\/\/www.phys.uaic.ro\/index.php\/wp-json\/wp\/v2\/pages"}],"about":[{"href":"https:\/\/www.phys.uaic.ro\/index.php\/wp-json\/wp\/v2\/types\/page"}],"author":[{"embeddable":true,"href":"https:\/\/www.phys.uaic.ro\/index.php\/wp-json\/wp\/v2\/users\/3"}],"replies":[{"embeddable":true,"href":"https:\/\/www.phys.uaic.ro\/index.php\/wp-json\/wp\/v2\/comments?post=1387"}],"version-history":[{"count":0,"href":"https:\/\/www.phys.uaic.ro\/index.php\/wp-json\/wp\/v2\/pages\/1387\/revisions"}],"up":[{"embeddable":true,"href":"https:\/\/www.phys.uaic.ro\/index.php\/wp-json\/wp\/v2\/pages\/158"}],"wp:attachment":[{"href":"https:\/\/www.phys.uaic.ro\/index.php\/wp-json\/wp\/v2\/media?parent=1387"}],"curies":[{"name":"wp","href":"https:\/\/api.w.org\/{rel}","templated":true}]}}