{"id":1497,"date":"2018-02-21T12:49:13","date_gmt":"2018-02-21T12:49:13","guid":{"rendered":"http:\/\/www.phys.uaic.ro\/?page_id=1497"},"modified":"2025-01-29T11:47:06","modified_gmt":"2025-01-29T09:47:06","slug":"irimia-mihaela-doctorat","status":"publish","type":"page","link":"https:\/\/www.phys.uaic.ro\/index.php\/scoala-doctorala\/sustineri-teze-doctorat\/irimia-mihaela-doctorat\/","title":{"rendered":"Sus\u021binerea tezei de doctorat a drd. Irimia Mihaela pe 24.9.2012"},"content":{"rendered":"<p>La data de 24.9.2012, ora 12:00, \u00een sala L1, dna. IRIMIA MIHAELA va sus\u0163ine, \u00een \u015fedin\u0163\u0103 public\u0103, teza de doctorat cu titlul<\/p>\n<p><b>STUDIUL UNOR STRATURI SUBTIRI SI STRUCTURI MULTISTRAT CU POSIBILE APLICATII IN EECTRONICA TRANSPARENTA SI SPINTRONICA<\/b><\/p>\n<p>\u00een vederea ob\u0163inerii titlului \u015ftiin\u0163ific de doctor \u00een domeniul FIZIC\u0102.<\/p>\n<p>Comisia de doctorat are urm\u0103toarea componen\u0163\u0103:<\/p>\n<ul>\n<li><b>Pre\u015fedinte<\/b>:\n<ul>\n<li>Prof. Univ. Dr. Diana Mihaela Mardare, Facultatea de Fizic\u0103, Universitatea Alexandru Ioan Cuza, Ia\u015fi<\/li>\n<\/ul>\n<\/li>\n<\/ul>\n<ul>\n<li><b>Conduc\u0103tor \u015ftiin\u0163ific<\/b>:\n<ul>\n<li>Prof. Univ. Dr. Dacia Felicia Iacomi, Facultatea de Fizic\u0103, Universitatea Alexandru Ioan Cuza, Ia\u015fi<\/li>\n<\/ul>\n<\/li>\n<\/ul>\n<ul>\n<li><b>Referen\u0163i<\/b>:\n<ul>\n<li>Prof. Univ. Dr. Romulus Tetean, Facultatea de Fizic\u0103, Universitatea Babes-Bolyai, Cluj-Napoca<\/li>\n<li>C.P.I Dr. Munizer Purica, Institutul de Cercetare-Dezvoltare pentru Microtehnologie, Bucure\u015fti<\/li>\n<li>Prof. Univ. Dr. George Mihail Rusu, Facultatea de Fizic\u0103, Universitatea Alexandru Ioan Cuza, Ia\u015fi<\/li>\n<\/ul>\n<\/li>\n<\/ul>\n<p>Teza poate fi consultat\u0103 la Biblioteca Facult\u0103\u0163ii de Fizic\u0103.<\/p>\n","protected":false},"excerpt":{"rendered":"<p>La data de 24.9.2012, ora 12:00, \u00een sala L1, dna. IRIMIA MIHAELA va sus\u0163ine, \u00een \u015fedin\u0163\u0103 public\u0103, teza de doctorat cu titlul STUDIUL UNOR STRATURI SUBTIRI SI STRUCTURI MULTISTRAT CU POSIBILE APLICATII IN EECTRONICA TRANSPARENTA SI SPINTRONICA \u00een vederea ob\u0163inerii titlului \u015ftiin\u0163ific de doctor \u00een domeniul FIZIC\u0102. Comisia de doctorat are urm\u0103toarea componen\u0163\u0103: Pre\u015fedinte: Prof. Univ. Dr. Diana\u2026 <span class=\"read-more\"><a href=\"https:\/\/www.phys.uaic.ro\/index.php\/scoala-doctorala\/sustineri-teze-doctorat\/irimia-mihaela-doctorat\/\">Read More &raquo;<\/a><\/span><\/p>\n","protected":false},"author":3,"featured_media":0,"parent":158,"menu_order":0,"comment_status":"closed","ping_status":"closed","template":"","meta":{"footnotes":""},"class_list":["post-1497","page","type-page","status-publish","hentry"],"_links":{"self":[{"href":"https:\/\/www.phys.uaic.ro\/index.php\/wp-json\/wp\/v2\/pages\/1497","targetHints":{"allow":["GET"]}}],"collection":[{"href":"https:\/\/www.phys.uaic.ro\/index.php\/wp-json\/wp\/v2\/pages"}],"about":[{"href":"https:\/\/www.phys.uaic.ro\/index.php\/wp-json\/wp\/v2\/types\/page"}],"author":[{"embeddable":true,"href":"https:\/\/www.phys.uaic.ro\/index.php\/wp-json\/wp\/v2\/users\/3"}],"replies":[{"embeddable":true,"href":"https:\/\/www.phys.uaic.ro\/index.php\/wp-json\/wp\/v2\/comments?post=1497"}],"version-history":[{"count":0,"href":"https:\/\/www.phys.uaic.ro\/index.php\/wp-json\/wp\/v2\/pages\/1497\/revisions"}],"up":[{"embeddable":true,"href":"https:\/\/www.phys.uaic.ro\/index.php\/wp-json\/wp\/v2\/pages\/158"}],"wp:attachment":[{"href":"https:\/\/www.phys.uaic.ro\/index.php\/wp-json\/wp\/v2\/media?parent=1497"}],"curies":[{"name":"wp","href":"https:\/\/api.w.org\/{rel}","templated":true}]}}