{"id":15028,"date":"2022-02-01T11:56:17","date_gmt":"2022-02-01T11:56:17","guid":{"rendered":"https:\/\/www.phys.uaic.ro\/?page_id=15028"},"modified":"2022-02-17T11:51:25","modified_gmt":"2022-02-17T11:51:25","slug":"examenul-de-disertatie-sesiunea-februarie-2022","status":"publish","type":"page","link":"https:\/\/www.phys.uaic.ro\/index.php\/examenul-de-disertatie-sesiunea-februarie-2022\/","title":{"rendered":"Examenul de diserta\u021bie \u2013 Sesiunea Februarie 2022"},"content":{"rendered":"<h3><b>Perioada de \u00eenscriere la examenul de diserta\u0163ie:<\/b><\/h3>\n<ul>\n<li><strong><span style=\"color: #ff0000;\">7-10 februarie 2022 online<\/span><\/strong><\/li>\n<\/ul>\n<h3><b>Sus\u0163inerea examenului de diserta\u0163ie:<\/b><\/h3>\n<ul>\n<li><strong><span style=\"color: #ff0000;\">21 februarie 2022, ora 10, pe platforma Webex.<\/span><\/strong><\/li>\n<\/ul>\n<h3><\/h3>\n<h3><b>Pa\u0219i de parcurs<\/b> pentru \u00eenscrierea la examenul de diserta\u0163ie:<\/h3>\n<ul>\n<li>etapa 1:<br \/>\n\u00een perioada 7-10 februarie 2022, candidatul va trimite urm\u0103toarele documente (\u00eentr-un singur mesaj) la adresa de e-mail luca@uaic.ro:<\/p>\n<ol>\n<li>cererea de inscriere semnata cu albastru si scanata;<\/li>\n<li>certificat de na\u0219tere scanat;<\/li>\n<li>carte de identitate scanata;<\/li>\n<li>diploma de licen\u0163\u0103 + suplimentul la diplom\u0103 pentru cei care nu le-au depus \u00eenc\u0103 la secretariatul facult\u0103\u0163ii;<\/li>\n<li>declara\u021bie pentru \u00eenregistrarea audio\/video a examenului si afisarea rezultatelor;<\/li>\n<li>declara\u021bia coordonatorului lucr\u0103rii de diserta\u0163ie care atest\u0103 faptul c\u0103 lucrarea este \u00een analiz\u0103 \u0219i va fi predat\u0103 \u00eenainte de \u00eenceperea examenului (format liber);<\/li>\n<li>chitan\u0163a de plat\u0103 a taxei (200 lei) \u00een cazul repet\u0103rii examenului.<\/li>\n<\/ol>\n<\/li>\n<li>etapa 2:<br \/>\ncoordonatorul trimite dou\u0103 documente pe adresa secretarului de comisie, cu cel pu\u021bin dou\u0103 zile \u00eenainte de data programat\u0103 pentru sus\u021binere, folosind fisiere.uaic.ro:<\/p>\n<ol>\n<li>referatul de apreciere (care con\u021bine \u0219i informa\u021bii asupra procentului de similitudini, din platforma Turnitin);<\/li>\n<li>lucrarea de diserta\u0163ie care con\u021bine \u0219i declara\u021bia privind originalitatea semnat\u0103 de candidat, \u00een format <b>pdf<\/b> <img loading=\"lazy\" decoding=\"async\" class=\"\" src=\"https:\/\/www.phys.uaic.ro\/wp\/imagini\/pdf-icon.png\" alt=\"pdf\" width=\"23\" height=\"23\" \/>.<\/li>\n<\/ol>\n<\/li>\n<\/ul>\n<p>Formulare diserta\u021bie<\/p>\n<ul>\n<li><a href=\"https:\/\/www.phys.uaic.ro\/wp-content\/uploads\/2022\/02\/cerere_inscriere_DISERTATIE_KINETO_2022_cu-nr-pacienti.pdf\">Cerere pentru \u00eenscrierea la examenul de diserta\u0163ie sesiunea <i>septembrie 202<\/i><i>1<\/i><\/a> <img loading=\"lazy\" decoding=\"async\" class=\"\" src=\"https:\/\/www.phys.uaic.ro\/wp\/imagini\/pdf-icon.png\" alt=\"pdf\" width=\"20\" height=\"20\" \/> la specializarea Metode fizice aplicate \u00een kinetoterapie \u0219i recuperare medical\u0103<\/li>\n<li><a href=\"https:\/\/www.phys.uaic.ro\/wp-content\/uploads\/2022\/02\/cerere_inscriere_DISERTATIE_BFMFTAOO_feb-2022.pdf\">Cerere pentru \u00eenscrierea la examenul de diserta\u0163ie sesiunea <i>septembrie 202<\/i><i>1<\/i><\/a> <img loading=\"lazy\" decoding=\"async\" class=\"\" src=\"https:\/\/www.phys.uaic.ro\/wp\/imagini\/pdf-icon.png\" alt=\"pdf\" width=\"20\" height=\"20\" \/> la specializ\u0103rile Optic\u0103 \u0219i optometrie, Fizic\u0103 pentru tehnologii avansate, Fizic\u0103 medical\u0103 \u0219i biofizic\u0103<\/li>\n<li><a href=\"https:\/\/www.phys.uaic.ro\/wp-content\/uploads\/2022\/02\/cerere_inscriere_DISERTATIE_TIC_BALTI_feb2022.pdf\">Cerere pentru \u00eenscrierea la examenul de diserta\u0163ie sesiunea <i>septembrie 2021<\/i><\/a> <img loading=\"lazy\" decoding=\"async\" class=\"\" src=\"https:\/\/www.phys.uaic.ro\/wp\/imagini\/pdf-icon.png\" alt=\"pdf\" width=\"24\" height=\"24\" \/> la specializarea Fizic\u0103 aplicat\u0103 \u00een tehnologiile informa\u021biei \u0219i comunica\u021bii<\/li>\n<li><a href=\"https:\/\/www.phys.uaic.ro\/wp-content\/uploads\/2022\/02\/Declaratie-autenticitate_disertatie_2021.pdf\">Declara\u021bie privind autenticitatea con\u021binutului lucr\u0103rii de diserta\u021bie<\/a> <img loading=\"lazy\" decoding=\"async\" class=\"\" src=\"https:\/\/www.phys.uaic.ro\/wp\/imagini\/pdf-icon.png\" alt=\"pdf\" width=\"19\" height=\"19\" \/><\/li>\n<li><a href=\"https:\/\/www.phys.uaic.ro\/wp-content\/uploads\/2022\/02\/declaratie-candidat-inregistre-examen-afisare-rezultatelor-feb-2022.pdf\">Declara\u021bie candidat pentru \u00eenregistrarea examenului \u0219i afi\u0219area rezultatelor<\/a> <img loading=\"lazy\" decoding=\"async\" class=\"\" src=\"https:\/\/www.phys.uaic.ro\/wp\/imagini\/pdf-icon.png\" alt=\"pdf\" width=\"17\" height=\"17\" \/><\/li>\n<\/ul>\n<h3><b><a href=\"http:\/\/www.uaic.ro\/wp-content\/uploads\/2021\/05\/SS_Reg-finalizare-studii_2021_final-dupa-Senat-17-martie-pt-promovare.pdf\" target=\"_blank\" rel=\"noopener\">Regulament privind organizarea \u0219i desf\u0103\u0219urarea Examenelor de Licen\u021b\u0103\/Diplom\u0103, Diserta\u021bie \u0219i Absolvire (Sesiunile: Iunie-Iulie 2021, Septembrie 2021 si Februarie 2022)<\/a> <img loading=\"lazy\" decoding=\"async\" class=\"\" src=\"https:\/\/www.phys.uaic.ro\/wp\/imagini\/pdf-icon.png\" alt=\"pdf\" width=\"19\" height=\"19\" \/><\/b><\/h3>\n","protected":false},"excerpt":{"rendered":"<p>Perioada de \u00eenscriere la examenul de diserta\u0163ie: 7-10 februarie 2022 online Sus\u0163inerea examenului de diserta\u0163ie: 21 februarie 2022, ora 10, pe platforma Webex. Pa\u0219i de parcurs pentru \u00eenscrierea la examenul de diserta\u0163ie: etapa 1: \u00een perioada 7-10 februarie 2022, candidatul va trimite urm\u0103toarele documente (\u00eentr-un singur mesaj) la adresa de e-mail luca@uaic.ro: cererea de inscriere semnata cu albastru\u2026 <span class=\"read-more\"><a href=\"https:\/\/www.phys.uaic.ro\/index.php\/examenul-de-disertatie-sesiunea-februarie-2022\/\">Read More &raquo;<\/a><\/span><\/p>\n","protected":false},"author":3,"featured_media":0,"parent":0,"menu_order":0,"comment_status":"closed","ping_status":"closed","template":"","meta":{"footnotes":""},"class_list":["post-15028","page","type-page","status-publish","hentry"],"_links":{"self":[{"href":"https:\/\/www.phys.uaic.ro\/index.php\/wp-json\/wp\/v2\/pages\/15028","targetHints":{"allow":["GET"]}}],"collection":[{"href":"https:\/\/www.phys.uaic.ro\/index.php\/wp-json\/wp\/v2\/pages"}],"about":[{"href":"https:\/\/www.phys.uaic.ro\/index.php\/wp-json\/wp\/v2\/types\/page"}],"author":[{"embeddable":true,"href":"https:\/\/www.phys.uaic.ro\/index.php\/wp-json\/wp\/v2\/users\/3"}],"replies":[{"embeddable":true,"href":"https:\/\/www.phys.uaic.ro\/index.php\/wp-json\/wp\/v2\/comments?post=15028"}],"version-history":[{"count":0,"href":"https:\/\/www.phys.uaic.ro\/index.php\/wp-json\/wp\/v2\/pages\/15028\/revisions"}],"wp:attachment":[{"href":"https:\/\/www.phys.uaic.ro\/index.php\/wp-json\/wp\/v2\/media?parent=15028"}],"curies":[{"name":"wp","href":"https:\/\/api.w.org\/{rel}","templated":true}]}}