{"id":15175,"date":"2022-02-16T14:15:07","date_gmt":"2022-02-16T14:15:07","guid":{"rendered":"https:\/\/www.phys.uaic.ro\/?page_id=15175"},"modified":"2022-10-24T08:13:54","modified_gmt":"2022-10-24T05:13:54","slug":"sustinerea-tezei-de-abilitare-a-doameni-conf-dr-loredana-mereuta","status":"publish","type":"page","link":"https:\/\/www.phys.uaic.ro\/index.php\/sustinerea-tezei-de-abilitare-a-doameni-conf-dr-loredana-mereuta\/","title":{"rendered":"Sus\u021binerea tezei de abilitare a doamnei conf. dr. Loredana MEREU\u021a\u0102 pe 6.05.2022"},"content":{"rendered":"<p>Sunte\u021bi invita\u021bi s\u0103 participa\u021bi la sus\u021binerea public\u0103 a tezei de abilitare<\/p>\n<p><em><span style=\"color: #ff0000; font-size: 14pt;\"><b>Investigarea\u00a0interac\u021biunilor uni-moleculare la nivel biomembranar cu relevan\u021b\u0103 \u00een evolu\u021bia unor patologii actuale<\/b><\/span><\/em><\/p>\n<p>elaborat\u0103 de doamna conf. dr. Loredana MEREU\u021a\u0102, Universitatea &#8222;Alexandru Ioan Cuza&#8221; din Ia\u0219i. Prezentarea tezei va avea loc \u00een data de 06.05.2022, de la ora 11, sala L1.<\/p>\n<p><a href=\"https:\/\/www.phys.uaic.ro\/wp-content\/uploads\/2022\/02\/C_CV_Mereuta-Loredana-_2022.pdf\"><b>CV Loredana MEREU\u021a\u0102<\/b><\/a> <img decoding=\"async\" style=\"vertical-align: top; width: 20px; height: 20px;\" src=\"http:\/\/www.phys.uaic.ro\/wp\/imagini\/pdf-icon.png\" alt=\"pdf\" \/><br \/>\n<a href=\"https:\/\/www.phys.uaic.ro\/wp-content\/uploads\/2022\/02\/Jr_Rezumatul-Tezei-de-Abilitare.pdf\"><b>Rezumatul tezei de <\/b><b>abilitare<\/b><\/a> <img decoding=\"async\" style=\"vertical-align: top; width: 20px; height: 20px;\" src=\"http:\/\/www.phys.uaic.ro\/wp\/imagini\/pdf-icon.png\" alt=\"pdf\" \/><br \/>\n<a href=\"https:\/\/www.phys.uaic.ro\/wp-content\/uploads\/2022\/02\/J_Summary-of-Habilitation-Thesis.pdf\"><b>Summary of Habilitation Thesis<\/b><\/a> <img decoding=\"async\" style=\"vertical-align: top; width: 20px; height: 20px;\" src=\"http:\/\/www.phys.uaic.ro\/wp\/imagini\/pdf-icon.png\" alt=\"pdf\" \/><br \/>\n<a href=\"https:\/\/www.phys.uaic.ro\/wp-content\/uploads\/2022\/02\/D_Lista-lucrari_Mereuta_Loredana_2022.pdf\"><b>Lista de lucr\u0103ri<\/b><\/a> <img decoding=\"async\" style=\"vertical-align: top; width: 20px; height: 20px;\" src=\"http:\/\/www.phys.uaic.ro\/wp\/imagini\/pdf-icon.png\" alt=\"pdf\" \/><br \/>\n<a href=\"https:\/\/www.phys.uaic.ro\/wp-content\/uploads\/2022\/02\/A_Fisa-de-indeplinire-a-standardelor-minimale-CNATDCU_MEREUTA-Loredana_2022-3.pdf\"><b>Fi\u0219a de \u00eendeplinire a standardelor minimale CNATDCU<\/b> <\/a><img decoding=\"async\" style=\"vertical-align: top; width: 20px; height: 20px;\" src=\"http:\/\/www.phys.uaic.ro\/wp\/imagini\/pdf-icon.png\" alt=\"pdf\" \/><\/p>\n<p><b><a href=\"https:\/\/www.phys.uaic.ro\/wp-content\/uploads\/2022\/04\/Comisie-abilitare-Mereuta-Loredana-Cristina.pdf\" target=\"_blank\" rel=\"noopener\">Componen\u0163a comisiei de abilitare<\/a><\/b> <img decoding=\"async\" style=\"vertical-align: top; width: 20px; height: 20px;\" src=\"http:\/\/www.phys.uaic.ro\/wp\/imagini\/pdf-icon.png\" alt=\"pdf\" \/>:<\/p>\n<ul style=\"list-style-type: circle;\">\n<li>Prof. univ. dr. Simion A\u015eTILEAN, Universitatea Babe\u015f-Bolyai, Cluj-Napoca<\/li>\n<li>Prof. univ. dr. Nicolae LEOPOLD, Universitatea Babe\u015f-Bolyai, Cluj-Napoca<\/li>\n<li>Prof. univ. dr. habil. Dorina-Emilia CREANG\u0102, Universitatea &#8222;Alexandru Ioan Cuza&#8221; din Ia\u015fi<\/li>\n<\/ul>\n<p><!--\n\n\n<ul>\n \t\n\n<li><a href=\"https:\/\/catalinagheorghiesei.my.webex.com\/webappng\/sites\/catalinagheorghiesei.my\/meeting\/download\/7292646294e64b2ba8faea2a40c66826?siteurl=catalinagheorghiesei.my&amp;MTID=mef53254330039d1625ef503b3687626a\"><strong>Webex Meeting - conectare direct\u0103 din browser<\/strong><\/a><\/li>\n\n\n \t\n\n<li>\n\n\n<div>pentru conectarea direct\u0103 din aplica\u021bie pute\u021bi utiliza urm\u0103toarele date de \u00eenregistrare\n<strong>Meeting number: 163 745 2358, Password: Kc2jN5UBdW6 (52256582 from phones and video systems)\n<\/strong>\u00eent\u00e2lnirea este programat\u0103 s\u0103 \u00eenceap\u0103 la 10:50.<\/div>\n\n<\/li>\n\n\n<\/ul>\n\n\n--><\/p>\n<p><a href=\"https:\/\/www.phys.uaic.ro\/wp-content\/uploads\/2022\/05\/raport_comisie_abilitare_Loredana_MEREUTA.pdf\" target=\"_blank\" rel=\"noopener\"><b>Raportul comisiei de abilitare<\/b><\/a> <img decoding=\"async\" style=\"vertical-align: top; width: 20px; height: 20px;\" src=\"http:\/\/www.phys.uaic.ro\/wp\/imagini\/pdf-icon.png\" alt=\"pdf\" \/><\/p>\n","protected":false},"excerpt":{"rendered":"<p>Sunte\u021bi invita\u021bi s\u0103 participa\u021bi la sus\u021binerea public\u0103 a tezei de abilitare Investigarea\u00a0interac\u021biunilor uni-moleculare la nivel biomembranar cu relevan\u021b\u0103 \u00een evolu\u021bia unor patologii actuale elaborat\u0103 de doamna conf. dr. Loredana MEREU\u021a\u0102, Universitatea &#8222;Alexandru Ioan Cuza&#8221; din Ia\u0219i. Prezentarea tezei va avea loc \u00een data de 06.05.2022, de la ora 11, sala L1. CV Loredana MEREU\u021a\u0102 Rezumatul tezei de abilitare\u2026 <span class=\"read-more\"><a href=\"https:\/\/www.phys.uaic.ro\/index.php\/sustinerea-tezei-de-abilitare-a-doameni-conf-dr-loredana-mereuta\/\">Read More &raquo;<\/a><\/span><\/p>\n","protected":false},"author":3,"featured_media":0,"parent":0,"menu_order":0,"comment_status":"closed","ping_status":"closed","template":"","meta":{"footnotes":""},"class_list":["post-15175","page","type-page","status-publish","hentry"],"_links":{"self":[{"href":"https:\/\/www.phys.uaic.ro\/index.php\/wp-json\/wp\/v2\/pages\/15175","targetHints":{"allow":["GET"]}}],"collection":[{"href":"https:\/\/www.phys.uaic.ro\/index.php\/wp-json\/wp\/v2\/pages"}],"about":[{"href":"https:\/\/www.phys.uaic.ro\/index.php\/wp-json\/wp\/v2\/types\/page"}],"author":[{"embeddable":true,"href":"https:\/\/www.phys.uaic.ro\/index.php\/wp-json\/wp\/v2\/users\/3"}],"replies":[{"embeddable":true,"href":"https:\/\/www.phys.uaic.ro\/index.php\/wp-json\/wp\/v2\/comments?post=15175"}],"version-history":[{"count":0,"href":"https:\/\/www.phys.uaic.ro\/index.php\/wp-json\/wp\/v2\/pages\/15175\/revisions"}],"wp:attachment":[{"href":"https:\/\/www.phys.uaic.ro\/index.php\/wp-json\/wp\/v2\/media?parent=15175"}],"curies":[{"name":"wp","href":"https:\/\/api.w.org\/{rel}","templated":true}]}}