{"id":156,"date":"2018-02-14T12:57:18","date_gmt":"2018-02-14T12:57:18","guid":{"rendered":"http:\/\/www.phys.uaic.ro\/?page_id=156"},"modified":"2026-02-03T14:58:53","modified_gmt":"2026-02-03T12:58:53","slug":"regulamente-scoala-doctorala-fizica","status":"publish","type":"page","link":"https:\/\/www.phys.uaic.ro\/index.php\/scoala-doctorala\/regulamente-scoala-doctorala-fizica\/","title":{"rendered":"Regulamentele \u0218colii Doctorale de Fizic\u0103"},"content":{"rendered":"<ul>\n<li><a href=\"https:\/\/www.phys.uaic.ro\/wp-content\/uploads\/2026\/01\/Metodologie-doctorat-european-UAIC.pdf\" target=\"_blank\" rel=\"noopener\">Metodologie privind implementarea doctoratului european la UAIC<\/a>\n<\/li>\n<li><a href=\"https:\/\/www.phys.uaic.ro\/wp-content\/uploads\/2025\/12\/Regulamentul-privind-organizarea-si-functionarea-Scolii-Doctorale-de-Fizica.pdf\">Regulamentul privind organizarea si functionarea Scolii Doctorale de Fizica (noiembrie 2025)<\/a><\/li>\n<\/ul>\n<p><!--\n\n\n<ul><span style=\"display: inline-block; width: 0px; overflow: hidden; line-height: 0;\" data-mce-type=\"bookmark\" class=\"mce_SELRES_start\"><\/span>\n \t\n\n<li><a href=\"https:\/\/www.phys.uaic.ro\/wp-content\/uploads\/2025\/09\/regulament-doctorat-UAIC-2025.pdf\" target=\"_blank\" rel=\"noopener\">Regulamentul institu\u021bional privind studiile universitare de doctorat (septembrie 2025)<\/a><\/li>\n\n\n<\/ul>\n\n\n<!--\n\n\n<ul>\n \t\n\n<li><a href=\"https:\/\/www.phys.uaic.ro\/wp-content\/uploads\/2024\/06\/regulament-doctorat-_-2024.pdf\" target=\"_blank\" rel=\"noopener\">Regulamentul institu\u021bional de organizare \u0219i func\u021bionare a studiilor universitare de doctorat (aplicabil studentilor-doctoranzi inmatriculati incepand cu anul univ. 2024\/2025)<\/a><\/li>\n\n\n<\/ul>\n\n\n<!--\n\n\n<ul>\n \t\n\n<li><a href=\"https:\/\/www.phys.uaic.ro\/wp-content\/uploads\/2024\/01\/OM-3020_Regulament-cadru-doctorat_MOf-nr-56.pdf\" target=\"_blank\" rel=\"noopener\">Ordin Regulament cadru doctorat, MO nr. 56<\/a><\/li>\n\n\n<\/ul>\n\n\n<!--\n\n\n<ul>\n \t\n\n<li><a href=\"https:\/\/www.phys.uaic.ro\/index.php\/scoala-doctorala\/regulamente-scoala-doctorala-fizica\/regulament-studii-doctorat-scoala-doctorala-fizica-iasi\">Regulament de organizare \u0219i desf\u0103\u0219urare a studiilor universitare de doctorat \u00een cadrul \u0218colii Doctorale de Fizic\u0103 din Universitatea \u201eAlexandru Ioan Cuza\u201c din Ia\u0219i<\/a><\/li>\n\n\n<\/ul>\n\n\n<!--\n\n\n<ul>\n \t\n\n<li><a href=\"http:\/\/www.phys.uaic.ro\/wp\/scoala-doctorala\/regulamente-scoala-doctorala-fizica\/anexa-regulament-func\u021bionare-scoala-doctorala-fizic\u0103-articole-4-10.pdf\">Anex\u0103 la regulamentul de func\u021bionare a \u0218colii Doctorale de Fizic\u0103 privind aplicarea articolelor 4 \u0219i 10<\/a> <img decoding=\"async\" style=\"vertical-align: top; width: 20px; height: 20px;\" src=\"http:\/\/www.phys.uaic.ro\/wp\/imagini\/pdf-icon.png\" alt=\"pdf\" \/><\/li>\n\n\n<\/ul>\n\n\n--><\/p>\n<ul>\n<li><a href=\"https:\/\/www.phys.uaic.ro\/wp-content\/uploads\/2023\/07\/Regulament-IOSUD-studii-doctorale-dupa-SENAT-2023_2024.pdf\" target=\"_blank\" rel=\"noopener\">Regulamentul institu\u021bional de organizare \u0219i func\u021bionare a studiilor universitare de doctorat 2023<\/a><\/li>\n<\/ul>\n<ul>\n<li><a href=\"https:\/\/www.phys.uaic.ro\/wp-content\/uploads\/2023\/07\/Regulament-Sc-doctorala-de-Fizica-iulie-2023.pdf\" target=\"_blank\" rel=\"noopener\">Regulament de organizare \u0219i desf\u0103\u0219urare a studiilor universitare de doctorat \u00een cadrul \u0218colii Doctorale de Fizic\u0103 din Universitatea \u201eAlexandru Ioan Cuza\u201c din Ia\u0219i &#8211; 2023<\/a><\/li>\n<\/ul>\n<ul>\n<li><a href=\"https:\/\/www.phys.uaic.ro\/wp\/scoala-doctorala\/regulamente-scoala-doctorala-fizica\/regulament-studii-doctorat-scoala-doctorala-fizica-iasi-2017.pdf\">Regulament de organizare \u0219i desf\u0103\u0219urare a studiilor universitare de doctorat \u00een cadrul \u0218colii Doctorale de Fizic\u0103 din Universitatea \u201eAlexandru Ioan Cuza\u201c din Ia\u0219i &#8211; 2017<\/a><\/li>\n<li><a href=\"http:\/\/www.phys.uaic.ro\/wp\/scoala-doctorala\/regulamente-scoala-doctorala-fizica\/anexa-regulament-functionare-scoala-doctorala-fizica-articole-4-10.pdf\">Anex\u0103 la regulamentul de func\u021bionare a \u0218colii Doctorale de Fizic\u0103 (din 2017) privind aplicarea articolelor 4 \u0219i 10<\/a><\/li>\n<li><a href=\"http:\/\/www.phys.uaic.ro\/wp\/scoala-doctorala\/regulamente-scoala-doctorala-fizica\/ordonanta-modificare-lege-educatie.pdf\">Ordonan\u021b\u0103 de urgen\u021b\u0103 nr. 4 din 2 martie 2016 privind modificarea \u0219i completarea Legii educa\u021biei na\u021bionale<\/a><\/li>\n<li>Regulament din 24 martie 2016 de organizare \u0219i func\u021bionare al Consiliului Na\u021bional de Atestare a Titlurilor, Diplomelor \u0219i Certificatelor Universitare<\/li>\n<li><a href=\"http:\/\/www.phys.uaic.ro\/wp\/scoala-doctorala\/regulamente-scoala-doctorala-fizica\/regulament-studii-doctorat-scoala-doctorala-fizica-iasi-2013.pdf\">Regulament de organizare \u0219i desf\u0103\u0219urare a studiilor universitare de doctorat \u00een cadrul \u0218colii Doctorale de Fizic\u0103 din Universitatea \u201eAlexandru Ioan Cuza\u201c din Ia\u0219i &#8211; 2013<\/a><\/li>\n<li>Ministerul Educa\u021biei \u0219i Cercet\u0103rii Ordinul nr. 5229\/2020\n<ul>\n<li>Ordinul nr. 5229\/2020 pentru aprobarea metodologiilor referitoare la acordarea atestatului de abilitare, acordarea titlului de doctor, precum s\u0326i la solut\u0326ionarea sesiza\u0306rilor cu privire la nerespectarea standardelor de calitate sau de etica\u0306 profesionala\u0306, inclusiv cu privire la existent\u0326a plagiatului, \u00een cadrul unei teze de doctorat<\/li>\n<li>ANEXA 1 &#8211; Metodologia privind organizarea s\u0326i desfa\u0306s\u0326urarea procesului de obt\u0326inere a atestatului de abilitare, din 17.08.2020<\/li>\n<li>ANEXA 2 &#8211; Metodologia de evaluare a tezelor de doctorat<\/li>\n<li>ANEXA 3 &#8211; Solu\u021bionarea sesiz\u0103rilor cu privire la nerespectarea standardelor de calitate sau de etic\u0103 profesional\u0103, inclusiv cu privire la existen\u021ba plagiatului, \u00een cadrul unei teze de doctorat<\/li>\n<\/ul>\n<\/li>\n<\/ul>\n","protected":false},"excerpt":{"rendered":"<p>Metodologie privind implementarea doctoratului european la UAIC Regulamentul privind organizarea si functionarea Scolii Doctorale de Fizica (noiembrie 2025) Regulamentul institu\u021bional de organizare \u0219i func\u021bionare a studiilor universitare de doctorat 2023 Regulament de organizare \u0219i desf\u0103\u0219urare a studiilor universitare de doctorat \u00een cadrul \u0218colii Doctorale de Fizic\u0103 din Universitatea \u201eAlexandru Ioan Cuza\u201c din Ia\u0219i &#8211; 2023 Regulament de organizare\u2026 <span class=\"read-more\"><a href=\"https:\/\/www.phys.uaic.ro\/index.php\/scoala-doctorala\/regulamente-scoala-doctorala-fizica\/\">Read More &raquo;<\/a><\/span><\/p>\n","protected":false},"author":3,"featured_media":0,"parent":365,"menu_order":0,"comment_status":"closed","ping_status":"closed","template":"","meta":{"footnotes":""},"class_list":["post-156","page","type-page","status-publish","hentry"],"_links":{"self":[{"href":"https:\/\/www.phys.uaic.ro\/index.php\/wp-json\/wp\/v2\/pages\/156","targetHints":{"allow":["GET"]}}],"collection":[{"href":"https:\/\/www.phys.uaic.ro\/index.php\/wp-json\/wp\/v2\/pages"}],"about":[{"href":"https:\/\/www.phys.uaic.ro\/index.php\/wp-json\/wp\/v2\/types\/page"}],"author":[{"embeddable":true,"href":"https:\/\/www.phys.uaic.ro\/index.php\/wp-json\/wp\/v2\/users\/3"}],"replies":[{"embeddable":true,"href":"https:\/\/www.phys.uaic.ro\/index.php\/wp-json\/wp\/v2\/comments?post=156"}],"version-history":[{"count":0,"href":"https:\/\/www.phys.uaic.ro\/index.php\/wp-json\/wp\/v2\/pages\/156\/revisions"}],"up":[{"embeddable":true,"href":"https:\/\/www.phys.uaic.ro\/index.php\/wp-json\/wp\/v2\/pages\/365"}],"wp:attachment":[{"href":"https:\/\/www.phys.uaic.ro\/index.php\/wp-json\/wp\/v2\/media?parent=156"}],"curies":[{"name":"wp","href":"https:\/\/api.w.org\/{rel}","templated":true}]}}