{"id":15607,"date":"2022-03-18T07:25:14","date_gmt":"2022-03-18T07:25:14","guid":{"rendered":"https:\/\/www.phys.uaic.ro\/?page_id=15607"},"modified":"2022-03-18T07:25:14","modified_gmt":"2022-03-18T07:25:14","slug":"anunt-privind-pre-sustinerea-in-fata-comisiei-de-indrumare-a-tezei-de-doctorat-a-drd-lisnic-petru-pe-05-04-2022","status":"publish","type":"page","link":"https:\/\/www.phys.uaic.ro\/index.php\/anunt-privind-pre-sustinerea-in-fata-comisiei-de-indrumare-a-tezei-de-doctorat-a-drd-lisnic-petru-pe-05-04-2022\/","title":{"rendered":"Anun\u021b privind pre-sus\u021binerea, \u00een fa\u021ba comisiei de \u00eendrumare, a tezei de doctorat a drd. LISNIC Petru pe 05.04.2022"},"content":{"rendered":"<p>La data de <strong>05.04.2022<\/strong>, \u00eencep\u00e2nd cu <strong>ora 12<\/strong>, \u00een <strong>Laboratorul de Fizica St\u0103rii Solide<\/strong> (FSS), va avea loc sus\u021binerea, \u00een fa\u021ba comisiei de \u00eendrumare, a tezei de doctorat cu titlul <strong><em>Contribu\u021bii la studiul straturilor sub\u021biri depuse prin pulverizare pirolitic\u0103 pentru aplica\u021bii fotovoltaice<\/em><\/strong>, prezentate de doctorandul <strong>LISNIC Petru<\/strong>, sub \u00eendrumarea prof. univ. dr. habil. <strong>Liviu LEONTIE<\/strong>.<\/p>\n","protected":false},"excerpt":{"rendered":"<p>La data de 05.04.2022, \u00eencep\u00e2nd cu ora 12, \u00een Laboratorul de Fizica St\u0103rii Solide (FSS), va avea loc sus\u021binerea, \u00een fa\u021ba comisiei de \u00eendrumare, a tezei de doctorat cu titlul Contribu\u021bii la studiul straturilor sub\u021biri depuse prin pulverizare pirolitic\u0103 pentru aplica\u021bii fotovoltaice, prezentate de doctorandul LISNIC Petru, sub \u00eendrumarea prof. univ. dr. habil. Liviu LEONTIE.<\/p>\n","protected":false},"author":4,"featured_media":0,"parent":0,"menu_order":0,"comment_status":"closed","ping_status":"closed","template":"","meta":{"footnotes":""},"class_list":["post-15607","page","type-page","status-publish","hentry"],"_links":{"self":[{"href":"https:\/\/www.phys.uaic.ro\/index.php\/wp-json\/wp\/v2\/pages\/15607","targetHints":{"allow":["GET"]}}],"collection":[{"href":"https:\/\/www.phys.uaic.ro\/index.php\/wp-json\/wp\/v2\/pages"}],"about":[{"href":"https:\/\/www.phys.uaic.ro\/index.php\/wp-json\/wp\/v2\/types\/page"}],"author":[{"embeddable":true,"href":"https:\/\/www.phys.uaic.ro\/index.php\/wp-json\/wp\/v2\/users\/4"}],"replies":[{"embeddable":true,"href":"https:\/\/www.phys.uaic.ro\/index.php\/wp-json\/wp\/v2\/comments?post=15607"}],"version-history":[{"count":0,"href":"https:\/\/www.phys.uaic.ro\/index.php\/wp-json\/wp\/v2\/pages\/15607\/revisions"}],"wp:attachment":[{"href":"https:\/\/www.phys.uaic.ro\/index.php\/wp-json\/wp\/v2\/media?parent=15607"}],"curies":[{"name":"wp","href":"https:\/\/api.w.org\/{rel}","templated":true}]}}