{"id":15610,"date":"2022-03-18T07:33:00","date_gmt":"2022-03-18T07:33:00","guid":{"rendered":"https:\/\/www.phys.uaic.ro\/?page_id=15610"},"modified":"2022-03-23T09:25:28","modified_gmt":"2022-03-23T07:25:28","slug":"anunt-privind-sustinerea-raportului-de-cercetare-a-drd-minuti-anca-emanuela-la-23-03-2022","status":"publish","type":"page","link":"https:\/\/www.phys.uaic.ro\/index.php\/anunt-privind-sustinerea-raportului-de-cercetare-a-drd-minuti-anca-emanuela-la-23-03-2022\/","title":{"rendered":"Anun\u021b privind sus\u021binerea raportului de cercetare a drd. MINU\u021aI Anca-Emanuela pe 23.03.2022"},"content":{"rendered":"<p>La data de <strong>23.03.2022<\/strong>, \u00eencep\u00e2nd cu ora 14:00, \u00een <strong>Laboratorul de Autoorganizare<\/strong> va avea loc sus\u021binerea public\u0103 a raportului de cercetare cu titlul \u201e<strong>Rezultate experimentale privind influen\u021ba ac\u021biunii c\u00e2mpurilor magnetice asupra culturilor de celule umane<\/strong>\u201d, prezentat de studenta-doctorand\u0103 <strong>MINU\u021aI<\/strong> <strong>Anca-Emanuela<\/strong> sub \u00eendrumarea prof. em. dr. habil.<strong> Dorina-Emilia CREANG\u0102<\/strong>.<\/p>\n","protected":false},"excerpt":{"rendered":"<p>La data de 23.03.2022, \u00eencep\u00e2nd cu ora 14:00, \u00een Laboratorul de Autoorganizare va avea loc sus\u021binerea public\u0103 a raportului de cercetare cu titlul \u201eRezultate experimentale privind influen\u021ba ac\u021biunii c\u00e2mpurilor magnetice asupra culturilor de celule umane\u201d, prezentat de studenta-doctorand\u0103 MINU\u021aI Anca-Emanuela sub \u00eendrumarea prof. em. dr. habil. Dorina-Emilia CREANG\u0102.<\/p>\n","protected":false},"author":4,"featured_media":0,"parent":0,"menu_order":0,"comment_status":"closed","ping_status":"closed","template":"","meta":{"footnotes":""},"class_list":["post-15610","page","type-page","status-publish","hentry"],"_links":{"self":[{"href":"https:\/\/www.phys.uaic.ro\/index.php\/wp-json\/wp\/v2\/pages\/15610","targetHints":{"allow":["GET"]}}],"collection":[{"href":"https:\/\/www.phys.uaic.ro\/index.php\/wp-json\/wp\/v2\/pages"}],"about":[{"href":"https:\/\/www.phys.uaic.ro\/index.php\/wp-json\/wp\/v2\/types\/page"}],"author":[{"embeddable":true,"href":"https:\/\/www.phys.uaic.ro\/index.php\/wp-json\/wp\/v2\/users\/4"}],"replies":[{"embeddable":true,"href":"https:\/\/www.phys.uaic.ro\/index.php\/wp-json\/wp\/v2\/comments?post=15610"}],"version-history":[{"count":0,"href":"https:\/\/www.phys.uaic.ro\/index.php\/wp-json\/wp\/v2\/pages\/15610\/revisions"}],"wp:attachment":[{"href":"https:\/\/www.phys.uaic.ro\/index.php\/wp-json\/wp\/v2\/media?parent=15610"}],"curies":[{"name":"wp","href":"https:\/\/api.w.org\/{rel}","templated":true}]}}