{"id":15682,"date":"2022-03-25T11:03:55","date_gmt":"2022-03-25T09:03:55","guid":{"rendered":"https:\/\/www.phys.uaic.ro\/?page_id=15682"},"modified":"2022-03-30T08:59:30","modified_gmt":"2022-03-30T05:59:30","slug":"anunt-privind-pre-sustinerea-in-fata-comisiei-de-indrumare-a-tezei-de-doctorat-a-drd-chiriac-daniela-veronica-cas-nistor-pe-31-03-2022","status":"publish","type":"page","link":"https:\/\/www.phys.uaic.ro\/index.php\/anunt-privind-pre-sustinerea-in-fata-comisiei-de-indrumare-a-tezei-de-doctorat-a-drd-chiriac-daniela-veronica-cas-nistor-pe-31-03-2022\/","title":{"rendered":"Anun\u021b privind pre-sus\u021binerea, \u00een fa\u021ba comisiei de \u00eendrumare, a tezei de doctorat a drd. CHIRIAC Daniela-Veronica (c\u0103s. NISTOR) pe 07.04.2022"},"content":{"rendered":"<p>La data de <strong>07.04.2022<\/strong>, \u00eencep\u00e2nd cu <strong>ora 10:30<\/strong>, \u00een <strong>Laboratorul de Fizica Atomului \u0219i Moleculei (Lab. FAM)<\/strong>, va avea loc sus\u021binerea, \u00een fa\u021ba comisiei de \u00eendrumare, a tezei de doctorat cu titlul <strong><em>\u201eStructuri polimerice pe baz\u0103 de tiofen ob\u021binute \u00een reactori cu plasm\u0103 la presiune atmosferic\u0103\u201d<\/em><\/strong>, prezentat\u0103 de doctoranda <strong>Daniela-Veronica <\/strong><strong>CHIRIAC (c\u0103s. NISTOR)<\/strong>, sub \u00eendrumarea \u00a0prof. univ. dr. em. <strong>Nicoleta DUMITRA\u0218CU<\/strong>.<\/p>\n","protected":false},"excerpt":{"rendered":"<p>La data de 07.04.2022, \u00eencep\u00e2nd cu ora 10:30, \u00een Laboratorul de Fizica Atomului \u0219i Moleculei (Lab. FAM), va avea loc sus\u021binerea, \u00een fa\u021ba comisiei de \u00eendrumare, a tezei de doctorat cu titlul \u201eStructuri polimerice pe baz\u0103 de tiofen ob\u021binute \u00een reactori cu plasm\u0103 la presiune atmosferic\u0103\u201d, prezentat\u0103 de doctoranda Daniela-Veronica CHIRIAC (c\u0103s. NISTOR), sub \u00eendrumarea \u00a0prof. univ. dr.\u2026 <span class=\"read-more\"><a href=\"https:\/\/www.phys.uaic.ro\/index.php\/anunt-privind-pre-sustinerea-in-fata-comisiei-de-indrumare-a-tezei-de-doctorat-a-drd-chiriac-daniela-veronica-cas-nistor-pe-31-03-2022\/\">Read More &raquo;<\/a><\/span><\/p>\n","protected":false},"author":4,"featured_media":0,"parent":0,"menu_order":0,"comment_status":"closed","ping_status":"closed","template":"","meta":{"footnotes":""},"class_list":["post-15682","page","type-page","status-publish","hentry"],"_links":{"self":[{"href":"https:\/\/www.phys.uaic.ro\/index.php\/wp-json\/wp\/v2\/pages\/15682","targetHints":{"allow":["GET"]}}],"collection":[{"href":"https:\/\/www.phys.uaic.ro\/index.php\/wp-json\/wp\/v2\/pages"}],"about":[{"href":"https:\/\/www.phys.uaic.ro\/index.php\/wp-json\/wp\/v2\/types\/page"}],"author":[{"embeddable":true,"href":"https:\/\/www.phys.uaic.ro\/index.php\/wp-json\/wp\/v2\/users\/4"}],"replies":[{"embeddable":true,"href":"https:\/\/www.phys.uaic.ro\/index.php\/wp-json\/wp\/v2\/comments?post=15682"}],"version-history":[{"count":0,"href":"https:\/\/www.phys.uaic.ro\/index.php\/wp-json\/wp\/v2\/pages\/15682\/revisions"}],"wp:attachment":[{"href":"https:\/\/www.phys.uaic.ro\/index.php\/wp-json\/wp\/v2\/media?parent=15682"}],"curies":[{"name":"wp","href":"https:\/\/api.w.org\/{rel}","templated":true}]}}