{"id":15917,"date":"2022-04-10T11:45:35","date_gmt":"2022-04-10T08:45:35","guid":{"rendered":"https:\/\/www.phys.uaic.ro\/?page_id=15917"},"modified":"2022-04-10T11:48:11","modified_gmt":"2022-04-10T08:48:11","slug":"anunt-privind-sustinerea-raportului-de-cercetare-a-drd-garofalide-cas-iacob-silvia-tudorita-pe-13-04-2022","status":"publish","type":"page","link":"https:\/\/www.phys.uaic.ro\/index.php\/anunt-privind-sustinerea-raportului-de-cercetare-a-drd-garofalide-cas-iacob-silvia-tudorita-pe-13-04-2022\/","title":{"rendered":"Anun\u021b privind sus\u021binerea raportului de cercetare a drd. GAROFALIDE (c\u0103s. IACOB) Silvia-Tudori\u021ba  pe 13.04.2022"},"content":{"rendered":"<p>\u00cen data de <strong>13<\/strong> <strong>aprilie 2022<\/strong>, \u00eencep\u00e2nd cu ora <strong>12<sup>00<\/sup><\/strong> \u00een <strong>Laboratorul de Fizica St\u0103rii Solide (FSS)<\/strong> va avea loc sus\u021binerea raportului de cercetare cu <em>titlul \u201c<\/em><strong><em>Caracterizarea unor compu\u0219i poluan\u021bi prezen\u021bi \u00een aglomerarea urban\u0103 Ia\u0219i utiliz\u00e2nd tehnologii bazate pe spectroscopia Raman \u0219i senzori de gaze\u201d<\/em><\/strong>, prezentat de studenta doctorand\u0103 <strong>GAROFALIDE (c\u0103s. IACOB) Silvia-Tudori\u021ba<\/strong>, sub \u00eendrumarea <strong>prof. univ. dr. habil. Liviu LEONTIE<\/strong>.<\/p>\n","protected":false},"excerpt":{"rendered":"<p>\u00cen data de 13 aprilie 2022, \u00eencep\u00e2nd cu ora 1200 \u00een Laboratorul de Fizica St\u0103rii Solide (FSS) va avea loc sus\u021binerea raportului de cercetare cu titlul \u201cCaracterizarea unor compu\u0219i poluan\u021bi prezen\u021bi \u00een aglomerarea urban\u0103 Ia\u0219i utiliz\u00e2nd tehnologii bazate pe spectroscopia Raman \u0219i senzori de gaze\u201d, prezentat de studenta doctorand\u0103 GAROFALIDE (c\u0103s. IACOB) Silvia-Tudori\u021ba, sub \u00eendrumarea prof. univ. dr.\u2026 <span class=\"read-more\"><a href=\"https:\/\/www.phys.uaic.ro\/index.php\/anunt-privind-sustinerea-raportului-de-cercetare-a-drd-garofalide-cas-iacob-silvia-tudorita-pe-13-04-2022\/\">Read More &raquo;<\/a><\/span><\/p>\n","protected":false},"author":4,"featured_media":0,"parent":0,"menu_order":0,"comment_status":"closed","ping_status":"closed","template":"","meta":{"footnotes":""},"class_list":["post-15917","page","type-page","status-publish","hentry"],"_links":{"self":[{"href":"https:\/\/www.phys.uaic.ro\/index.php\/wp-json\/wp\/v2\/pages\/15917","targetHints":{"allow":["GET"]}}],"collection":[{"href":"https:\/\/www.phys.uaic.ro\/index.php\/wp-json\/wp\/v2\/pages"}],"about":[{"href":"https:\/\/www.phys.uaic.ro\/index.php\/wp-json\/wp\/v2\/types\/page"}],"author":[{"embeddable":true,"href":"https:\/\/www.phys.uaic.ro\/index.php\/wp-json\/wp\/v2\/users\/4"}],"replies":[{"embeddable":true,"href":"https:\/\/www.phys.uaic.ro\/index.php\/wp-json\/wp\/v2\/comments?post=15917"}],"version-history":[{"count":0,"href":"https:\/\/www.phys.uaic.ro\/index.php\/wp-json\/wp\/v2\/pages\/15917\/revisions"}],"wp:attachment":[{"href":"https:\/\/www.phys.uaic.ro\/index.php\/wp-json\/wp\/v2\/media?parent=15917"}],"curies":[{"name":"wp","href":"https:\/\/api.w.org\/{rel}","templated":true}]}}