{"id":1605,"date":"2018-02-21T23:49:44","date_gmt":"2018-02-21T23:49:44","guid":{"rendered":"http:\/\/www.phys.uaic.ro\/?page_id=1605"},"modified":"2025-01-29T11:55:41","modified_gmt":"2025-01-29T09:55:41","slug":"cazacu-marius-mihai-doctorat","status":"publish","type":"page","link":"https:\/\/www.phys.uaic.ro\/index.php\/scoala-doctorala\/sustineri-teze-doctorat\/cazacu-marius-mihai-doctorat\/","title":{"rendered":"Sus\u021binerea tezei de doctorat a drd. Cazacu Marius-Mihai pe 17.12.2010"},"content":{"rendered":"<p>La data de 17.12.2010, ora 13:00, \u00een L1, dl. CAZACU MARIUS-MIHAI va sus\u0163ine, \u00een \u015fedin\u0163\u0103 public\u0103, teza de doctorat cu titlul<\/p>\n<p><b>CONTRIBUTII LA IMPLEMETAREA PRIMEI RETELE LIDAR LA SCARA NATIONALA PENTRU CARACTERIZAREA OPTICA A AEROSOLILOR ATMOSFERICI<\/b><\/p>\n<p>\u00een vederea ob\u0163inerii titlului \u015ftiin\u0163ific de doctor \u00een domeniul fundamental Stiinte Exacte, domeniul FIZIC\u0102.<\/p>\n<p>Comisia de doctorat are urm\u0103toarea componen\u0163\u0103:<\/p>\n<ul>\n<li><b>Pre\u015fedinte<\/b>:\n<ul>\n<li>Prof. Univ. Dr. Dumitru Luca, Facultatea de Fizic\u0103, Universitatea Alexandru Ioan Cuza, Ia\u015fi<\/li>\n<\/ul>\n<\/li>\n<\/ul>\n<ul>\n<li><b>Conduc\u0103tor \u015ftiin\u0163ific<\/b>:\n<ul>\n<li>Prof. Univ. Dr. Dana Ortansa Dorohoi, Facultatea de Fizic\u0103, Universitatea Alexandru Ioan Cuza, Ia\u015fi<\/li>\n<\/ul>\n<\/li>\n<\/ul>\n<ul>\n<li><b>Referen\u0163i<\/b>:\n<ul>\n<li>Prof. Univ. Dr. Onuc Cozar, Facultatea de Fizic\u0103, Universitatea Babes-Bolyai, Cluj-Napoca<\/li>\n<li>Prof. Univ. Dr. Constantin Cristescu, Facultatea de Fizic\u0103, Universitatea Politehnica, Bucure\u015fti<\/li>\n<li>Conf. Univ. Dr. Silviu Octavian Gurlui, Facultatea de Fizic\u0103, Universitatea Alexandru Ioan Cuza, Ia\u015fi<\/li>\n<\/ul>\n<\/li>\n<\/ul>\n<p>Teza poate fi consultat\u0103 la Biblioteca Facult\u0103\u0163ii de Fizic\u0103.<\/p>\n","protected":false},"excerpt":{"rendered":"<p>La data de 17.12.2010, ora 13:00, \u00een L1, dl. CAZACU MARIUS-MIHAI va sus\u0163ine, \u00een \u015fedin\u0163\u0103 public\u0103, teza de doctorat cu titlul CONTRIBUTII LA IMPLEMETAREA PRIMEI RETELE LIDAR LA SCARA NATIONALA PENTRU CARACTERIZAREA OPTICA A AEROSOLILOR ATMOSFERICI \u00een vederea ob\u0163inerii titlului \u015ftiin\u0163ific de doctor \u00een domeniul fundamental Stiinte Exacte, domeniul FIZIC\u0102. Comisia de doctorat are urm\u0103toarea componen\u0163\u0103: Pre\u015fedinte: Prof.\u2026 <span class=\"read-more\"><a href=\"https:\/\/www.phys.uaic.ro\/index.php\/scoala-doctorala\/sustineri-teze-doctorat\/cazacu-marius-mihai-doctorat\/\">Read More &raquo;<\/a><\/span><\/p>\n","protected":false},"author":3,"featured_media":0,"parent":158,"menu_order":0,"comment_status":"closed","ping_status":"closed","template":"","meta":{"footnotes":""},"class_list":["post-1605","page","type-page","status-publish","hentry"],"_links":{"self":[{"href":"https:\/\/www.phys.uaic.ro\/index.php\/wp-json\/wp\/v2\/pages\/1605","targetHints":{"allow":["GET"]}}],"collection":[{"href":"https:\/\/www.phys.uaic.ro\/index.php\/wp-json\/wp\/v2\/pages"}],"about":[{"href":"https:\/\/www.phys.uaic.ro\/index.php\/wp-json\/wp\/v2\/types\/page"}],"author":[{"embeddable":true,"href":"https:\/\/www.phys.uaic.ro\/index.php\/wp-json\/wp\/v2\/users\/3"}],"replies":[{"embeddable":true,"href":"https:\/\/www.phys.uaic.ro\/index.php\/wp-json\/wp\/v2\/comments?post=1605"}],"version-history":[{"count":0,"href":"https:\/\/www.phys.uaic.ro\/index.php\/wp-json\/wp\/v2\/pages\/1605\/revisions"}],"up":[{"embeddable":true,"href":"https:\/\/www.phys.uaic.ro\/index.php\/wp-json\/wp\/v2\/pages\/158"}],"wp:attachment":[{"href":"https:\/\/www.phys.uaic.ro\/index.php\/wp-json\/wp\/v2\/media?parent=1605"}],"curies":[{"name":"wp","href":"https:\/\/api.w.org\/{rel}","templated":true}]}}