{"id":16378,"date":"2022-07-09T09:48:25","date_gmt":"2022-07-09T06:48:25","guid":{"rendered":"https:\/\/www.phys.uaic.ro\/?page_id=16378"},"modified":"2022-07-09T09:48:25","modified_gmt":"2022-07-09T06:48:25","slug":"conditii-de-admitere-si-taxe-la-licenta-iulie-2022","status":"publish","type":"page","link":"https:\/\/www.phys.uaic.ro\/index.php\/conditii-de-admitere-si-taxe-la-licenta-iulie-2022\/","title":{"rendered":"Condi\u021bii de admitere \u0219i taxe la licen\u021b\u0103 iulie 2022"},"content":{"rendered":"<ul>\n<li><b>Condi\u0163iile de admitere<\/b>\n<ul>\n<li>Pentru domeniul <i>Fizic\u0103<\/i>: <b>Media de la bacalaureat<\/b> (100%)<br \/>\nCriteriu de departajare a candidatilor cu aceea\u015fi medie: nota la proba Fizic\u0103 sau Matematic\u0103\/Informatic\u0103\/Biologie din cadrul examenului de bacalaureat, \u00een func\u021bie de prima op\u021biune.<\/li>\n<li>Pentru domeniul <i>Fizic\u0103 (\u00een limba englez\u0103)<\/i>: candida\u021bii trebuie s\u0103 fac\u0103 dovada cunoa\u015fterii limbii engleze, folosind una din urm\u0103toarele variante:\n<ol>\n<li>prezentarea certificatului de competen\u0163\u0103 lingvistic\u0103 ob\u021binut la examenul na\u021bional de bacalaureat, nivel minim B1;<\/li>\n<li>prezentarea rezultatului unor teste de tip Cambridge, IELTS, TOEFL;<\/li>\n<li>parcurgerea unui interviu \u00een limba englez\u0103 (data \u0219i ora vor fi anun\u021bate dup\u0103 primirea dosarului de \u00eenscriere).<\/li>\n<\/ol>\n<\/li>\n<li>Pentru domeniul <i>\u015etiin\u0163e inginere\u015fti aplicate<\/i>: <b>Media de la bacalaureat<\/b> (100%)<br \/>\nCriteriu de departajare a candidatilor cu aceea\u015fi medie: nota la proba Fizic\u0103 sau Matematic\u0103\/Informatic\u0103 din cadrul examenului de bacalaureat.<\/li>\n<li><a href=\"https:\/\/www.phys.uaic.ro\/index.php\/admitere\/admitere-licenta\/admitere-licenta-iulie-2021\/organizare-admitere-licenta-iulie-2021\/conditii-admitere-taxe-licenta-iulie-2021\/conditii-admitere-olimpici-licenta-iulie-2021\/\">Pentru <b><i>olimpici<\/i><\/b><\/a><\/li>\n<\/ul>\n<\/li>\n<\/ul>\n<ul>\n<li><b>Tax\u0103 de \u00eenscriere<\/b>\n<ul>\n<li>120 lei<br \/>\nNu se percepe tax\u0103 de \u00eenscriere pentru candida\u021bii cu premii la concursuri \u015fcolare agreate, care \u00ee\u015fi depun actele \u00een original la Facultatea de Fizic\u0103.<br \/>\nPlata taxei se poate efectua doar la BRD. \u00cen acest caz specifica\u021bi urmatoarele informa\u021bii:<\/p>\n<ul>\n<li>Cod IBAN: RO68 BRDE 240 SV 895 344 524 00;<\/li>\n<li>Cod tax\u0103 \u0219colarizare: 28 (Tax\u0103 admitere);<\/li>\n<li>Cod form\u0103 \u00eenv\u0103t\u0103m\u00e2nt: 01 (Licen\u021b\u0103 zi);<\/li>\n<li>Cod Facultatea de Fizic\u0103: 1261.<\/li>\n<\/ul>\n<\/li>\n<\/ul>\n<p>&nbsp;<\/li>\n<\/ul>\n<ul>\n<li><b>Tax\u0103 de \u015fcolarizare<\/b> pentru anul I, an universitar 2022 \u2013 2023:\n<ul>\n<li>3.000 lei<\/li>\n<\/ul>\n<\/li>\n<\/ul>\n","protected":false},"excerpt":{"rendered":"<p>Condi\u0163iile de admitere Pentru domeniul Fizic\u0103: Media de la bacalaureat (100%) Criteriu de departajare a candidatilor cu aceea\u015fi medie: nota la proba Fizic\u0103 sau Matematic\u0103\/Informatic\u0103\/Biologie din cadrul examenului de bacalaureat, \u00een func\u021bie de prima op\u021biune. Pentru domeniul Fizic\u0103 (\u00een limba englez\u0103): candida\u021bii trebuie s\u0103 fac\u0103 dovada cunoa\u015fterii limbii engleze, folosind una din urm\u0103toarele variante: prezentarea certificatului de competen\u0163\u0103\u2026 <span class=\"read-more\"><a href=\"https:\/\/www.phys.uaic.ro\/index.php\/conditii-de-admitere-si-taxe-la-licenta-iulie-2022\/\">Read More &raquo;<\/a><\/span><\/p>\n","protected":false},"author":4,"featured_media":0,"parent":0,"menu_order":0,"comment_status":"closed","ping_status":"closed","template":"","meta":{"footnotes":""},"class_list":["post-16378","page","type-page","status-publish","hentry"],"_links":{"self":[{"href":"https:\/\/www.phys.uaic.ro\/index.php\/wp-json\/wp\/v2\/pages\/16378","targetHints":{"allow":["GET"]}}],"collection":[{"href":"https:\/\/www.phys.uaic.ro\/index.php\/wp-json\/wp\/v2\/pages"}],"about":[{"href":"https:\/\/www.phys.uaic.ro\/index.php\/wp-json\/wp\/v2\/types\/page"}],"author":[{"embeddable":true,"href":"https:\/\/www.phys.uaic.ro\/index.php\/wp-json\/wp\/v2\/users\/4"}],"replies":[{"embeddable":true,"href":"https:\/\/www.phys.uaic.ro\/index.php\/wp-json\/wp\/v2\/comments?post=16378"}],"version-history":[{"count":0,"href":"https:\/\/www.phys.uaic.ro\/index.php\/wp-json\/wp\/v2\/pages\/16378\/revisions"}],"wp:attachment":[{"href":"https:\/\/www.phys.uaic.ro\/index.php\/wp-json\/wp\/v2\/media?parent=16378"}],"curies":[{"name":"wp","href":"https:\/\/api.w.org\/{rel}","templated":true}]}}