{"id":16405,"date":"2022-05-20T14:11:47","date_gmt":"2022-05-20T11:11:47","guid":{"rendered":"https:\/\/www.phys.uaic.ro\/?page_id=16405"},"modified":"2022-07-27T14:54:27","modified_gmt":"2022-07-27T11:54:27","slug":"organizarea-admiterii-la-master-iulie-2022","status":"publish","type":"page","link":"https:\/\/www.phys.uaic.ro\/index.php\/organizarea-admiterii-la-master-iulie-2022\/","title":{"rendered":"Organizarea admiterii la MASTER &#8211; iulie 2022"},"content":{"rendered":"<h3><a href=\"https:\/\/www.phys.uaic.ro\/wp-content\/uploads\/2022\/07\/Afisat_masterat_iasi_buget.pdf\">Rezultate admitere master iulie 2022 &#8211; locuri buget dupa confirmari<\/a><\/h3>\n<h3><a href=\"https:\/\/www.phys.uaic.ro\/wp-content\/uploads\/2022\/07\/Afisat_masterat_iasi_taxa.pdf\">Rezultate admitere master iulie 2022 -locuri taxa dupa confirmari<\/a><\/h3>\n<h3><a href=\"https:\/\/www.phys.uaic.ro\/wp-content\/uploads\/2022\/07\/Afisat_masterat_RP_buget.pdf\">Rezultate admitere master iulie 2022 -locuri Romani de Pretutindeni Buget- dupa confirmari<\/a><\/h3>\n<h3><a href=\"https:\/\/www.phys.uaic.ro\/wp-content\/uploads\/2022\/07\/Afisat_masterat_RP_taxa.pdf\">Rezultate admitere master iulie 2022 -locuri Romani de Pretutindeni Taxa- dupa confirmari<\/a><\/h3>\n<h3><a href=\"https:\/\/www.phys.uaic.ro\/wp-content\/uploads\/2022\/07\/balti-master.pdf\">Rezultate admitere master iulie 2022 -extensiunea Balti- dupa confirmari<\/a><\/h3>\n<h3><a href=\"https:\/\/www.phys.uaic.ro\/wp-content\/uploads\/2022\/07\/master_buget.pdf\">Rezultate admitere master iulie 2022 &#8211; locuri buget<\/a><\/h3>\n<h3><a href=\"https:\/\/www.phys.uaic.ro\/wp-content\/uploads\/2022\/07\/master_taxa.pdf\">Rezultate admitere master iulie 2022 -locuri taxa<\/a><\/h3>\n<h3><a href=\"https:\/\/www.phys.uaic.ro\/wp-content\/uploads\/2022\/07\/RM-buget-master_Iasi.pdf\">Rezultate admitere master iulie 2022 -locuri Romani de Pretutindeni Buget<\/a><\/h3>\n<h3><a href=\"https:\/\/www.phys.uaic.ro\/wp-content\/uploads\/2022\/07\/RM-taxa-master_Iasi.pdf\">Rezultate admitere master iulie 2022 -locuri Romani de Pretutindeni Taxa<\/a><\/h3>\n<h3><a href=\"https:\/\/www.phys.uaic.ro\/wp-content\/uploads\/2022\/07\/balti-master.pdf\">Rezultate admitere master iulie 2022 -extensiunea Balti<\/a><\/h3>\n<p>In etapa de confirmare (la secretariatul Facultatii, pana pe 26 iulie, intre orele 9-15, exceptand sambata si duminica):<\/p>\n<p>&#8211; <strong>Candida\u021bii admi\u0219i la buget, care au adus actele \u00een original<\/strong>, pot \u00eenc\u0103rca \u00een platfom\u0103, in contul personal, dovada pl\u0103\u021bii taxei de \u00eenmatriculare \u0219i <a href=\"https:\/\/www.phys.uaic.ro\/wp-content\/uploads\/2022\/07\/1.-Contract-IF-2022.pdf\">Contractul de studii<\/a> completat si semnat (un singur fisier).<\/p>\n<p>&#8211; <strong>Candida\u021bii admi\u0219i la buget, care nu au depuse actele \u00een original,<\/strong> trebuie sa aduca \u00een original la Facultate actele necesare, cu dovada taxei de \u00eenmatriculare \u0219i vor semna Contractul de studii;<\/p>\n<p>&#8211; <strong>Candida\u021bii admi\u0219i la tax\u0103, <\/strong>indiferent dac\u0103 au sau nu depuse actele \u00een original la \u00eenscriere, pot confirma \u0219i <i>on line<\/i> \u00een platform\u0103, cu dovada pl\u0103\u021bii taxei de inmatriculare, urm\u00e2nd sa aduca actele in original pana pe 9 septembrie. (pentru programul de la secretariat in luna august, trimiteti un mesaj pe fizica@uaic.ro). Avand in vedere ca estimam ca multi dintre candidatii admisi la taxa vor trece ulterior la buget, taxa de scolarizare se va achita mai tarziu, in cursul lunii septembrie, acolo unde va fi cazul.<\/p>\n<p>&nbsp;<\/p>\n<h3><\/h3>\n<h3><strong>Perioada admiterii<\/strong><\/h3>\n<ul>\n<li><b>Sesiunea de pre\u00eenscriere<\/b>: 4 aprilie \u2013 10 iulie 2022 (doar on-line)<\/li>\n<li><b>\u00censcriere \u0219i depunerea dosarelor<\/b>: 11-16 iulie 2022<\/li>\n<li><b>Selec\u021bia candida\u021bilor \u0219i afi\u0219area rezultatelor<\/b>: 18-23 iulie 2022<\/li>\n<\/ul>\n<p>Deschide\u0163i pagina<em> <a href=\"https:\/\/eadmitere.uaic.ro\/auth\/login?return=%2Fcandidat\" target=\"_blank\" rel=\"noopener\">http:\/\/inscriere.uaic.ro\/SitePages\/Home.aspx<\/a> <\/em>de pe site-ul universit\u0103\u021bii \u015fi urma\u0163i instruc\u0163iunile de admitere \u00eensemn\u00e2nd achitarea taxei de admitere, scanarea (fotocopierea) actelor necesare si trimiterea lor \u00een contul creat. Informa\u0163ii suplimentare pute\u0163i primi la<span style=\"color: #000080;\"> <em>fizica@uaic.ro<\/em><\/span>.<\/p>\n<p><a href=\"https:\/\/www.phys.uaic.ro\/index.php\/numarul-de-locuri-studii-master-iulie-2022\/\">Num\u0103rul de locuri<\/a><\/p>\n<p><a href=\"https:\/\/www.phys.uaic.ro\/index.php\/conditii-de-admitere-si-taxe-la-master-iulie-2022\/\" target=\"_blank\" rel=\"noopener\">Condi\u021bii de admitere \u0219i taxe<\/a><\/p>\n<p><a href=\"https:\/\/www.phys.uaic.ro\/?page_id=16423&amp;preview=true\" target=\"_blank\" rel=\"noopener\">Actele necesare<\/a><\/p>\n<p>&nbsp;<\/p>\n<p><b>Informa\u021bii<\/b> despre admitere:<\/p>\n<ul>\n<li style=\"list-style-type: none;\">\n<ul>\n<li>Tel: 0232 201050<\/li>\n<li>E-mail: fizica@uaic.ro<\/li>\n<li>Site-ul Facult\u0103\u021bii de Fizic\u0103: <a href=\"http:\/\/www.phys.uaic.ro\" target=\"_blank\" rel=\"noopener\">http:\/\/www.phys.uaic.ro<\/a><\/li>\n<li>Site-ul universit\u0103\u021bii dedicat admiterii: <a href=\"http:\/\/admitere.uaic.ro\/\" target=\"_blank\" rel=\"noopener\">http:\/\/admitere.uaic.ro\/<\/a><\/li>\n<\/ul>\n<\/li>\n<\/ul>\n<p>Candida\u021bii declara\u021bi reu\u0219i\u021bi \u00een condi\u021biile de mai sus vor avea prioritate, \u021bin\u00e2ndu-se cont de media de admitere, \u00een ob\u021binerea bursei de studiu \u0219i a unui loc \u00een c\u0103minele universit\u0103\u021bii.<\/p>\n<p>&nbsp;<\/p>\n<p><a href=\"https:\/\/www.phys.uaic.ro\/wp-content\/uploads\/2022\/05\/M_00.-Metodologie-admitere_Master-2022-BECA-7DEC.pdf\" target=\"_blank\" rel=\"noopener\"><em>Metodologie privind organizarea \u015fi desf\u0103\u015furarea admiterii \u00een ciclul de studii universitare de master pentru anul universitar 2022-2023<\/em><\/a><\/p>\n<p><a href=\"https:\/\/www.phys.uaic.ro\/wp-content\/uploads\/2022\/05\/L_02.-Anexa_INFORMARE-PRIVIND-PRELUCRAREA-INFORMATIILOR-2022.pdf\" target=\"_blank\" rel=\"noopener\"><em>Informare privind prelucrarea informa\u021biilor cu caracter personal<\/em><\/a><\/p>\n<p>&nbsp;<\/p>\n<p>&nbsp;<\/p>\n","protected":false},"excerpt":{"rendered":"<p>Rezultate admitere master iulie 2022 &#8211; locuri buget dupa confirmari Rezultate admitere master iulie 2022 -locuri taxa dupa confirmari Rezultate admitere master iulie 2022 -locuri Romani de Pretutindeni Buget- dupa confirmari Rezultate admitere master iulie 2022 -locuri Romani de Pretutindeni Taxa- dupa confirmari Rezultate admitere master iulie 2022 -extensiunea Balti- dupa confirmari Rezultate admitere master iulie 2022 &#8211;\u2026 <span class=\"read-more\"><a href=\"https:\/\/www.phys.uaic.ro\/index.php\/organizarea-admiterii-la-master-iulie-2022\/\">Read More &raquo;<\/a><\/span><\/p>\n","protected":false},"author":4,"featured_media":0,"parent":0,"menu_order":0,"comment_status":"closed","ping_status":"closed","template":"","meta":{"footnotes":""},"class_list":["post-16405","page","type-page","status-publish","hentry"],"_links":{"self":[{"href":"https:\/\/www.phys.uaic.ro\/index.php\/wp-json\/wp\/v2\/pages\/16405","targetHints":{"allow":["GET"]}}],"collection":[{"href":"https:\/\/www.phys.uaic.ro\/index.php\/wp-json\/wp\/v2\/pages"}],"about":[{"href":"https:\/\/www.phys.uaic.ro\/index.php\/wp-json\/wp\/v2\/types\/page"}],"author":[{"embeddable":true,"href":"https:\/\/www.phys.uaic.ro\/index.php\/wp-json\/wp\/v2\/users\/4"}],"replies":[{"embeddable":true,"href":"https:\/\/www.phys.uaic.ro\/index.php\/wp-json\/wp\/v2\/comments?post=16405"}],"version-history":[{"count":0,"href":"https:\/\/www.phys.uaic.ro\/index.php\/wp-json\/wp\/v2\/pages\/16405\/revisions"}],"wp:attachment":[{"href":"https:\/\/www.phys.uaic.ro\/index.php\/wp-json\/wp\/v2\/media?parent=16405"}],"curies":[{"name":"wp","href":"https:\/\/api.w.org\/{rel}","templated":true}]}}