{"id":16496,"date":"2022-05-30T14:24:02","date_gmt":"2022-05-30T11:24:02","guid":{"rendered":"https:\/\/www.phys.uaic.ro\/?page_id=16496"},"modified":"2022-06-28T10:30:10","modified_gmt":"2022-06-28T07:30:10","slug":"sustinerea-tezei-de-doctorat-a-drd-chiriac-d-daniela-veronica-cas-nistor-pe-16-06-2022","status":"publish","type":"page","link":"https:\/\/www.phys.uaic.ro\/index.php\/sustinerea-tezei-de-doctorat-a-drd-chiriac-d-daniela-veronica-cas-nistor-pe-16-06-2022\/","title":{"rendered":"Sus\u021binerea tezei de doctorat a drd. CHIRIAC D. DANIELA-VERONICA c\u0103s. NISTOR pe 16.06.2022"},"content":{"rendered":"<p><em><a href=\"https:\/\/www.phys.uaic.ro\/wp-content\/uploads\/2022\/05\/anunt_Chiriac_Veronica.docx.pdf\" target=\"_blank\" rel=\"noopener\">Anun\u021bul sus\u021binerii publice<\/a><\/em><\/p>\n<p>La data de 16.06.2022, ora 10:00, \u00een sala L1, dna CHIRIAC D. DANIELA-VERONICA c\u0103s. NISTOR va sus\u0163ine, \u00een \u015fedin\u0163\u0103 public\u0103, teza de doctorat cu titlul<\/p>\n<p><strong><span style=\"font-size: 14pt;\"><em>STRUCTURI POLIMERICE PE BAZ\u0102 DE TIOFEN OB\u0162INUTE \u00ceN REACTORI CU PLASM\u0102 LA PRESIUNE ATMOSFERIC\u0102<\/em><\/span><\/strong><\/p>\n<p>\u00een vederea ob\u0163inerii titlului \u015ftiin\u0163ific de doctor \u00een domeniul FIZIC\u0102.<\/p>\n<p>CHIRIAC D. DANIELA-VERONICA c\u0103s. NISTOR [ <a href=\"https:\/\/www.phys.uaic.ro\/wp-content\/uploads\/2022\/05\/CV-Chiriac-Veronica.pdf\" target=\"_blank\" rel=\"noopener\">CV<\/a> ]<\/p>\n<p>Comisia de doctorat are urm\u0103toarea componen\u0163\u0103:<\/p>\n<ul>\n<li><b>Pre\u015fedinte<\/b>:\n<ul>\n<li>Prof. univ. dr. Diana Mihaela Mardare, Universitatea &#8222;Alexandru Ioan Cuza&#8221; din Ia\u0219i [ <a href=\"https:\/\/www.phys.uaic.ro\/wp-content\/uploads\/2022\/05\/MARDARE_Diana_CV_RO.pdf\">CV<\/a> ]<\/li>\n<\/ul>\n<\/li>\n<\/ul>\n<ul>\n<li><b>Conduc\u0103tor \u015ftiin\u0163ific<\/b>:\n<ul>\n<li>Prof. univ. dr. em. Nicoleta DUMITRA\u015eCU, Universitatea &#8222;Alexandru Ioan Cuza&#8221; din Ia\u0219i [ <a href=\"https:\/\/www.phys.uaic.ro\/wp-content\/uploads\/2022\/05\/CV-engl-DUMITRASCU.pdf\" target=\"_blank\" rel=\"noopener\">CV <\/a>]<\/li>\n<\/ul>\n<\/li>\n<\/ul>\n<ul>\n<li><b>Referen\u0163i<\/b>:\n<ul>\n<li>C.S. I dr. Mariana PINTEAL\u0102,\u00a0 Institutul de Chimie Macromolecular\u0103 &#8222;Petru Poni&#8221; din Ia\u0219i [ <a href=\"https:\/\/www.phys.uaic.ro\/wp-content\/uploads\/2022\/05\/CV-Dr.-Pinteala-M.pdf\" target=\"_blank\" rel=\"noopener\">CV<\/a> ]<\/li>\n<li>Prof. univ. dr. Sorin ANGHEL, Universitatea &#8222;Babe\u015f-Bolyai&#8221; Cluj-Napoca [ <a href=\"https:\/\/www.phys.uaic.ro\/wp-content\/uploads\/2022\/05\/Anghel_CV_europass-lista-lucrari-mai-2022.pdf\" target=\"_blank\" rel=\"noopener\">CV<\/a> ]<\/li>\n<li>Prof. univ. dr. em. Felicia IACOMI, Universitatea &#8222;Alexandru Ioan Cuza&#8221; din Ia\u0219i [ <a href=\"https:\/\/www.phys.uaic.ro\/wp-content\/uploads\/2022\/05\/CV-FELICIA-IACOMI.pdf\" target=\"_blank\" rel=\"noopener\">CV<\/a> ]<\/li>\n<\/ul>\n<\/li>\n<\/ul>\n<ul>\n<li style=\"list-style-type: none;\"><\/li>\n<\/ul>\n<p>&nbsp;<\/p>\n<p>Teza poate fi consultat\u0103 la Biblioteca Facult\u0103\u0163ii de Fizic\u0103.<\/p>\n<ul>\n<li><em><a href=\"https:\/\/www.phys.uaic.ro\/wp-content\/uploads\/2022\/05\/Rezumat-teza-Chiriac-Veronica-2022.pdf\" target=\"_blank\" rel=\"noopener\">Rezumatul tezei de doctorat<\/a><\/em> <img loading=\"lazy\" decoding=\"async\" class=\"\" src=\"http:\/\/www.phys.uaic.ro\/wp\/imagini\/pdf-icon.png\" alt=\"pdf\" width=\"19\" height=\"19\" \/><\/li>\n<\/ul>\n","protected":false},"excerpt":{"rendered":"<p>Anun\u021bul sus\u021binerii publice La data de 16.06.2022, ora 10:00, \u00een sala L1, dna CHIRIAC D. DANIELA-VERONICA c\u0103s. NISTOR va sus\u0163ine, \u00een \u015fedin\u0163\u0103 public\u0103, teza de doctorat cu titlul STRUCTURI POLIMERICE PE BAZ\u0102 DE TIOFEN OB\u0162INUTE \u00ceN REACTORI CU PLASM\u0102 LA PRESIUNE ATMOSFERIC\u0102 \u00een vederea ob\u0163inerii titlului \u015ftiin\u0163ific de doctor \u00een domeniul FIZIC\u0102. CHIRIAC D. DANIELA-VERONICA c\u0103s. NISTOR [\u2026 <span class=\"read-more\"><a href=\"https:\/\/www.phys.uaic.ro\/index.php\/sustinerea-tezei-de-doctorat-a-drd-chiriac-d-daniela-veronica-cas-nistor-pe-16-06-2022\/\">Read More &raquo;<\/a><\/span><\/p>\n","protected":false},"author":4,"featured_media":0,"parent":0,"menu_order":0,"comment_status":"closed","ping_status":"closed","template":"","meta":{"footnotes":""},"class_list":["post-16496","page","type-page","status-publish","hentry"],"_links":{"self":[{"href":"https:\/\/www.phys.uaic.ro\/index.php\/wp-json\/wp\/v2\/pages\/16496","targetHints":{"allow":["GET"]}}],"collection":[{"href":"https:\/\/www.phys.uaic.ro\/index.php\/wp-json\/wp\/v2\/pages"}],"about":[{"href":"https:\/\/www.phys.uaic.ro\/index.php\/wp-json\/wp\/v2\/types\/page"}],"author":[{"embeddable":true,"href":"https:\/\/www.phys.uaic.ro\/index.php\/wp-json\/wp\/v2\/users\/4"}],"replies":[{"embeddable":true,"href":"https:\/\/www.phys.uaic.ro\/index.php\/wp-json\/wp\/v2\/comments?post=16496"}],"version-history":[{"count":0,"href":"https:\/\/www.phys.uaic.ro\/index.php\/wp-json\/wp\/v2\/pages\/16496\/revisions"}],"wp:attachment":[{"href":"https:\/\/www.phys.uaic.ro\/index.php\/wp-json\/wp\/v2\/media?parent=16496"}],"curies":[{"name":"wp","href":"https:\/\/api.w.org\/{rel}","templated":true}]}}