{"id":16611,"date":"2022-06-10T10:25:12","date_gmt":"2022-06-10T07:25:12","guid":{"rendered":"https:\/\/www.phys.uaic.ro\/?page_id=16611"},"modified":"2022-06-10T10:25:12","modified_gmt":"2022-06-10T07:25:12","slug":"anunt-privind-pre-sustinerea-in-fata-comisiei-de-indrumare-a-tezei-de-doctorat-a-drd-amanoloaei-gheorghe-pe-06-06-2022","status":"publish","type":"page","link":"https:\/\/www.phys.uaic.ro\/index.php\/anunt-privind-pre-sustinerea-in-fata-comisiei-de-indrumare-a-tezei-de-doctorat-a-drd-amanoloaei-gheorghe-pe-06-06-2022\/","title":{"rendered":"Anun\u021b privind pre-sus\u021binerea, \u00een fa\u021ba comisiei de \u00eendrumare, a tezei de doctorat a drd. AMANOLOAEI Gheorghe pe 06.06.2022"},"content":{"rendered":"<p>La data de <strong>06.06.2022<\/strong>, \u00eencep\u00e2nd cu <strong>ora 10:00<\/strong>, \u00een <strong>Laboratorul de Informatic\u0103<\/strong>, va avea loc sus\u021binerea, \u00een fa\u021ba comisiei de \u00eendrumare, a tezei de doctorat cu titlul <em><strong>\u201eModelarea comut\u0103rii magnetice pe o scal\u0103 larg\u0103 de timp folosind diferi\u021bi factori externi\u201d<\/strong><\/em>, prezentat\u0103 de doctorandul <strong>AMANOLOAEI Gheorghe<\/strong>, sub \u00eendrumarea prof. univ. dr. habil. <strong>Lauren\u021biu STOLERIU<\/strong>.<\/p>\n","protected":false},"excerpt":{"rendered":"<p>La data de 06.06.2022, \u00eencep\u00e2nd cu ora 10:00, \u00een Laboratorul de Informatic\u0103, va avea loc sus\u021binerea, \u00een fa\u021ba comisiei de \u00eendrumare, a tezei de doctorat cu titlul \u201eModelarea comut\u0103rii magnetice pe o scal\u0103 larg\u0103 de timp folosind diferi\u021bi factori externi\u201d, prezentat\u0103 de doctorandul AMANOLOAEI Gheorghe, sub \u00eendrumarea prof. univ. dr. habil. Lauren\u021biu STOLERIU.<\/p>\n","protected":false},"author":4,"featured_media":0,"parent":0,"menu_order":0,"comment_status":"closed","ping_status":"closed","template":"","meta":{"footnotes":""},"class_list":["post-16611","page","type-page","status-publish","hentry"],"_links":{"self":[{"href":"https:\/\/www.phys.uaic.ro\/index.php\/wp-json\/wp\/v2\/pages\/16611","targetHints":{"allow":["GET"]}}],"collection":[{"href":"https:\/\/www.phys.uaic.ro\/index.php\/wp-json\/wp\/v2\/pages"}],"about":[{"href":"https:\/\/www.phys.uaic.ro\/index.php\/wp-json\/wp\/v2\/types\/page"}],"author":[{"embeddable":true,"href":"https:\/\/www.phys.uaic.ro\/index.php\/wp-json\/wp\/v2\/users\/4"}],"replies":[{"embeddable":true,"href":"https:\/\/www.phys.uaic.ro\/index.php\/wp-json\/wp\/v2\/comments?post=16611"}],"version-history":[{"count":0,"href":"https:\/\/www.phys.uaic.ro\/index.php\/wp-json\/wp\/v2\/pages\/16611\/revisions"}],"wp:attachment":[{"href":"https:\/\/www.phys.uaic.ro\/index.php\/wp-json\/wp\/v2\/media?parent=16611"}],"curies":[{"name":"wp","href":"https:\/\/api.w.org\/{rel}","templated":true}]}}